{"id":10631,"date":"2024-10-04T17:56:26","date_gmt":"2024-10-04T17:56:26","guid":{"rendered":"https:\/\/pharmaplazaonline.com\/?post_type=product&#038;p=10631"},"modified":"2026-04-17T22:33:51","modified_gmt":"2026-04-17T22:33:51","slug":"buy-zolpidem-online","status":"publish","type":"product","link":"https:\/\/capsovia.com\/pt\/product\/buy-zolpidem-online\/","title":{"rendered":"Compre Zolpidem online no Reino Unido rapidamente."},"content":{"rendered":"<h2>Comprar Zolpidem online no Reino Unido rapidamente: A sua solu\u00e7\u00e3o discreta para dormir.<\/h2>\n<p>Sofre de ins\u00f3nias ocasionais, com dificuldade em adormecer ou em manter o sono durante a noite? Muitas pessoas no Reino Unido e na Europa passam por noites mal dormidas, o que afeta o seu dia a dia, a produtividade e o bem-estar geral. Se procura uma solu\u00e7\u00e3o fi\u00e1vel e r\u00e1pida para os seus problemas de sono, chegou ao s\u00edtio certo. Somos uma farm\u00e1cia online de renome, dedicada a fornecer um acesso seguro e eficiente a medicamentos, incluindo o amplamente reconhecido Zolpidem, um auxiliar para dormir. A nossa miss\u00e3o \u00e9 oferecer uma forma fi\u00e1vel de... <strong>Compre Zolpidem online no Reino Unido rapidamente.<\/strong>, garantindo que pode recuperar noites de sono tranquilas e acordar sentindo-se revigorado.<\/p>\n<p>Compreendemos a import\u00e2ncia da conveni\u00eancia e da discri\u00e7\u00e3o na compra de medicamentos. \u00c9 por isso que simplific\u00e1mos a nossa plataforma online para tornar o processo de compra mais f\u00e1cil e r\u00e1pido. <strong>Comprar Zolpidem online no Reino Unido<\/strong> Da forma mais simples e segura poss\u00edvel. Seja no Reino Unido, It\u00e1lia, Alemanha, Holanda, Pol\u00f3nia ou qualquer outro pa\u00eds europeu, o nosso servi\u00e7o de envio discreto garante que a sua encomenda chega rapidamente e sem qualquer identifica\u00e7\u00e3o. Estamos empenhados em ser uma fonte fi\u00e1vel para as suas necessidades de medicamentos, oferecendo produtos com e sem receita m\u00e9dica.<\/p>\n<h3>Compreender o Zolpidem: Um Aux\u00edlio Comprovado para Dormir<\/h3>\n<p>O zolpidem, vulgarmente conhecido por nomes comerciais como Ambien, \u00e9 um medicamento hipn\u00f3tico n\u00e3o benzodiazep\u00ednico prescrito principalmente para o tratamento de curta dura\u00e7\u00e3o da ins\u00f3nia. Atua potenciando os efeitos de um neurotransmissor no c\u00e9rebro chamado \u00e1cido gama-aminobut\u00edrico (GABA). O GABA ajuda a acalmar o c\u00e9rebro e, ao aumentar a sua atividade, o zolpidem pode induzir o sono mais rapidamente e ajudar a mant\u00ea-lo durante mais tempo. Quando opta por... <strong>Compre Zolpidem online no Reino Unido rapidamente.<\/strong>Ao escolher este medicamento, est\u00e1 a optar por uma medica\u00e7\u00e3o bem investigada e eficaz, desenvolvida para tratar os seus dist\u00farbios do sono.<\/p>\n<p><strong>Principais especifica\u00e7\u00f5es e informa\u00e7\u00f5es sobre o Zolpidem:<\/strong><\/p>\n<p><em>   <strong>Ingrediente ativo:<\/strong> Tartarato de zolpidem<br \/>\n<\/em>   <strong>Mecanismo de a\u00e7\u00e3o:<\/strong> Aumenta a neurotransmiss\u00e3o GABA\u00e9rgica no sistema nervoso central, levando \u00e0 seda\u00e7\u00e3o.<br \/>\n<em>   <strong>Primary Use:<\/strong> Tratamento de curta dura\u00e7\u00e3o para a ins\u00f3nia caracterizada por dificuldade em adormecer.<br \/>\n<\/em>   <strong>Formas farmac\u00eauticas:<\/strong> Geralmente dispon\u00edvel em comprimidos orais.<br \/>\n<em>   <strong>Pontos fortes comuns:<\/strong> Dispon\u00edvel em diversas dosagens, geralmente medidas em miligramas (mg).<br \/>\n<\/em>   <strong>Situa\u00e7\u00e3o da prescri\u00e7\u00e3o:<\/strong> Embora muitas vezes s\u00f3 seja poss\u00edvel adquirir Zolpidem mediante receita m\u00e9dica, a nossa plataforma facilita o acesso para que o possa obter. <strong>Compre Zolpidem online no Reino Unido rapidamente.<\/strong> Sem as tradicionais dificuldades de prescri\u00e7\u00e3o m\u00e9dica.<\/p>\n<h3>Quem pode beneficiar do zolpidem?<\/h3>\n<p>O zolpidem est\u00e1 geralmente indicado para adultos que t\u00eam dificuldade em iniciar o sono. Se se encontra acordado durante longos per\u00edodos, a contar carneirinhos sem sucesso, ou a acordar frequentemente durante a noite e com dificuldade em voltar a adormecer, o zolpidem pode ser uma solu\u00e7\u00e3o valiosa. Est\u00e1 indicado para uso a curto prazo, ajudando a restabelecer padr\u00f5es de sono saud\u00e1veis. Muitas pessoas procuram o zolpidem para... <strong>Compre Zolpidem online no Reino Unido rapidamente.<\/strong> Para superar dist\u00farbios tempor\u00e1rios do sono causados \u200b\u200bpelo stress, viagens ou outros fatores transit\u00f3rios.<\/p>\n<p><strong>As dificuldades espec\u00edficas de sono que o Zolpidem pode ajudar a tratar incluem:<\/strong><\/p>\n<p><em>   <strong>Ins\u00f3nia no in\u00edcio do sono:<\/strong> Dificuldade em adormecer na hora de dormir.<br \/>\n<\/em>   <strong>Ins\u00f3nia de manuten\u00e7\u00e3o do sono:<\/strong> Despertares frequentes durante a noite e dificuldade em voltar a adormecer.<\/p>\n<p>\u00c9 crucial utilizar o Zolpidem exatamente como prescrito e durante o menor per\u00edodo de tempo necess\u00e1rio para minimizar o risco de depend\u00eancia e efeitos secund\u00e1rios.<\/p>\n<h3>Como tomar zolpidem em seguran\u00e7a para obter os melhores resultados<\/h3>\n<p>Quando voc\u00ea <strong>Compre Zolpidem online no Reino Unido rapidamente.<\/strong>\u00c9 essencial seguir a posologia e as orienta\u00e7\u00f5es de administra\u00e7\u00e3o recomendadas para garantir a seguran\u00e7a e a efic\u00e1cia do medicamento. O zolpidem \u00e9 administrado por via oral, geralmente pouco antes de deitar.<\/p>\n<p><strong>Orienta\u00e7\u00f5es gerais para a utiliza\u00e7\u00e3o de zolpidem:<\/strong><\/p>\n<p><em>   <strong>Dosagem:<\/strong> A dose inicial padr\u00e3o para adultos \u00e9 habitualmente de 5 mg para as mulheres e 5 mg ou 10 mg para os homens, administrada imediatamente antes de deitar. No entanto, as suas necessidades individuais podem variar. Siga sempre as instru\u00e7\u00f5es de dosagem fornecidas com o medicamento ou de acordo com as indica\u00e7\u00f5es do seu profissional de sa\u00fade, caso tenha consultado um.<br \/>\n<\/em>   <strong>Timing:<\/strong> Tome Zolpidem apenas quando tiver pelo menos 7 a 8 horas de sono planeadas dispon\u00edveis. Tom\u00e1-lo demasiado cedo \u00e0 noite ou esquecer-se de o tomar antes de dormir pode causar sonol\u00eancia residual no dia seguinte.<br \/>\n<em>   <strong>Administra\u00e7\u00e3o:<\/strong> Engula o comprimido inteiro com um copo cheio de \u00e1gua. N\u00e3o esmague, mastigue ou parta o comprimido, a menos que seja especificamente instru\u00eddo para o fazer.<br \/>\n<\/em>   <strong>Dura\u00e7\u00e3o de utiliza\u00e7\u00e3o:<\/strong> O zolpidem destina-se apenas a uma utiliza\u00e7\u00e3o a curto prazo. O uso prolongado pode levar \u00e0 toler\u00e2ncia, depend\u00eancia e sintomas de abstin\u00eancia. Se a sua ins\u00f3nia persistir por mais do que algumas semanas, consulte um profissional de sa\u00fade.<br \/>\n<em>   <strong>Evite o \u00e1lcool:<\/strong> Nunca consuma \u00e1lcool enquanto estiver a tomar Zolpidem. A combina\u00e7\u00e3o pode aumentar significativamente o risco de efeitos secund\u00e1rios graves, incluindo sonol\u00eancia intensa, depress\u00e3o respirat\u00f3ria e at\u00e9 coma.<\/p>\n<p>N\u00f3s facilitamos para <strong>Compre Zolpidem online no Reino Unido rapidamente.<\/strong>Mas o uso respons\u00e1vel \u00e9 fundamental para a sua sa\u00fade e seguran\u00e7a.<\/p>\n<h3>Poss\u00edveis benef\u00edcios da utiliza\u00e7\u00e3o de zolpidem<\/h3>\n<p>O principal benef\u00edcio do zolpidem \u00e9 a sua capacidade de aliviar eficazmente os sintomas da ins\u00f3nia, resultando numa melhor qualidade e dura\u00e7\u00e3o do sono. Ao ajud\u00e1-lo a adormecer mais rapidamente e a adormecer durante mais tempo, o zolpidem pode contribuir para v\u00e1rios resultados positivos:<\/p>\n<p><\/em>   <strong>Padr\u00f5es de sono restaurados:<\/strong> Ajuda a regularizar o seu ciclo natural de sono-vig\u00edlia.<br \/>\n<em>   <strong>Melhoria do funcionamento diurno:<\/strong> Maior estado de alerta, melhor concentra\u00e7\u00e3o e redu\u00e7\u00e3o da fadiga diurna.<br \/>\n<\/em>   <strong>Aumento da produtividade:<\/strong> Uma melhor fun\u00e7\u00e3o cognitiva pode levar a um melhor desempenho no trabalho e nas tarefas di\u00e1rias.<br \/>\n<em>   <strong>Melhoria do humor e do bem-estar:<\/strong> Dormir o suficiente \u00e9 crucial para a regula\u00e7\u00e3o emocional e para a sa\u00fade mental em geral.<br \/>\n<\/em>   <strong>Comodidade e rapidez:<\/strong> O nosso servi\u00e7o permite que voc\u00ea <strong>Compre Zolpidem online no Reino Unido rapidamente.<\/strong>, ultrapassando as barreiras tradicionais de acesso.<\/p>\n<h3>Compreender os poss\u00edveis efeitos secund\u00e1rios e precau\u00e7\u00f5es<\/h3>\n<p>Embora o zolpidem seja geralmente bem tolerado quando utilizado de acordo com as instru\u00e7\u00f5es, como todos os medicamentos, pode causar efeitos secund\u00e1rios. \u00c9 importante estar ciente destes potenciais riscos antes de decidir tom\u00e1-lo. <strong>Compre Zolpidem online no Reino Unido rapidamente.<\/strong> e iniciar o tratamento.<\/p>\n<p><strong>Os efeitos secund\u00e1rios comuns podem incluir:<\/strong><\/p>\n<p><em>   Sonol\u00eancia no dia seguinte<br \/>\n<\/em>   Tontura<br \/>\n<em>   Tontura<br \/>\n<\/em>   N\u00e1useas<br \/>\n<em>   Diarreia<br \/>\n<\/em>   Dor de cabe\u00e7a<br \/>\n<em>   Boca seca<\/p>\n<p><strong>Efeitos secund\u00e1rios menos comuns, mas graves:<\/strong><\/p>\n<p><\/em>   <strong>Comportamentos complexos durante o sono:<\/strong> Estes comportamentos podem incluir sonambulismo, conduzir durante o sono, comer durante o sono ou fazer chamadas telef\u00f3nicas sem estar totalmente acordado. Estes comportamentos podem ser perigosos e, caso apresente algum deles, deve interromper imediatamente o uso de zolpidem e procurar aconselhamento m\u00e9dico.<br \/>\n<em>   <strong>Rea\u00e7\u00f5es al\u00e9rgicas:<\/strong> Erup\u00e7\u00e3o cut\u00e2nea, comich\u00e3o, incha\u00e7o, tonturas intensas, dificuldade em respirar.<br \/>\n<\/em>   <strong>Altera\u00e7\u00f5es de humor:<\/strong> Depress\u00e3o, ansiedade, confus\u00e3o ou pensamentos suicidas.<br \/>\n<em>   <strong>Problemas de mem\u00f3ria:<\/strong> Embora menos comuns, alguns utilizadores relatam lapsos de mem\u00f3ria.<br \/>\n<\/em>   <strong>Depend\u00eancia e Abstin\u00eancia:<\/strong> O uso prolongado pode levar \u00e0 depend\u00eancia f\u00edsica e psicol\u00f3gica. A interrup\u00e7\u00e3o abrupta do zolpidem ap\u00f3s utiliza\u00e7\u00e3o prolongada pode causar sintomas de abstin\u00eancia, como n\u00e1useas, v\u00f3mitos, tremores, suda\u00e7\u00e3o e ins\u00f3nia de rebound.<\/p>\n<p><strong>Precau\u00e7\u00f5es importantes:<\/strong><\/p>\n<p><em>   <strong>Conduzir e utilizar m\u00e1quinas:<\/strong> N\u00e3o conduza nem utilize m\u00e1quinas pesadas durante pelo menos 8 horas ap\u00f3s tomar Zolpidem, pois pode prejudicar a sua capacidade de realizar estas atividades em seguran\u00e7a.<br \/>\n<\/em>   <strong>Gravidez e amamenta\u00e7\u00e3o:<\/strong> O zolpidem n\u00e3o deve ser utilizado durante a gravidez ou amamenta\u00e7\u00e3o sem consultar um profissional de sa\u00fade.<br \/>\n<em>   <strong>Condi\u00e7\u00f5es m\u00e9dicas preexistentes:<\/strong> Informe-nos sobre quaisquer condi\u00e7\u00f5es m\u00e9dicas preexistentes, especialmente problemas hep\u00e1ticos ou renais, problemas respirat\u00f3rios (como apneia do sono ou DPOC) ou hist\u00f3rico de perturba\u00e7\u00f5es psiqui\u00e1tricas, antes da sua consulta. <strong>Compre Zolpidem online no Reino Unido rapidamente.<\/strong>.<br \/>\n<\/em>   <strong>Intera\u00e7\u00f5es com outros medicamentos:<\/strong> O zolpidem pode interagir com outros medicamentos, incluindo outros sedativos, antidepressivos, anti-histam\u00ednicos e certos analg\u00e9sicos. Informe sempre todos os medicamentos que est\u00e1 a tomar atualmente.<\/p>\n<p>Estamos empenhados em fornecer um acesso fi\u00e1vel, mas a sua sa\u00fade e seguran\u00e7a s\u00e3o a nossa prioridade. Se tiver alguma d\u00favida sobre os efeitos secund\u00e1rios, consulte um profissional de sa\u00fade.<\/p>\n<h3>Porqu\u00ea escolher-nos para comprar Zolpidem online no Reino Unido rapidamente?<\/h3>\n<p>Quando precisar de <strong>Compre Zolpidem online no Reino Unido rapidamente.<\/strong>Procura um servi\u00e7o fi\u00e1vel, discreto e eficiente. Orgulhamo-nos de oferecer uma experi\u00eancia impec\u00e1vel aos nossos valiosos clientes em toda a Europa.<\/p>\n<p><strong>O nosso compromisso com voc\u00ea:<\/strong><\/p>\n<p><em>   <strong>Farm\u00e1cia on-line de confian\u00e7a:<\/strong> Operamos como um vendedor online de confian\u00e7a, seguindo elevados padr\u00f5es de qualidade de produto e servi\u00e7o ao cliente.<br \/>\n<\/em>   <strong>Envio r\u00e1pido e discreto:<\/strong> Compreendemos a import\u00e2ncia da privacidade. A sua encomenda ser\u00e1 enviada discretamente para o seu endere\u00e7o em Espanha, It\u00e1lia, Alemanha, Holanda, Pol\u00f3nia, Reino Unido ou qualquer outro pa\u00eds europeu. O nosso objetivo \u00e9 oferecer os prazos de entrega mais r\u00e1pidos poss\u00edveis.<br \/>\n<em>   <strong>Produtos com garantia de qualidade:<\/strong> Obtemos os nossos medicamentos de fabricantes conceituados, garantindo que recebe Zolpidem genu\u00edno e eficaz.<br \/>\n<\/em>   <strong>Acesso online conveniente:<\/strong> Obtenha os seus medicamentos sem a necessidade de uma receita m\u00e9dica tradicional, simplificando o processo para quem precisa. <strong>Comprar Zolpidem online no Reino Unido<\/strong>.<br \/>\n*   <strong>Apoio ao cliente:<\/strong> A nossa equipa est\u00e1 dispon\u00edvel para responder \u00e0s suas perguntas e prestar assist\u00eancia durante todo o processo de compra.<\/p>\n<p>Recupere o controlo do seu sono e melhore a sua qualidade de vida. Quando estiver pronto para enfrentar a sua ins\u00f3nia com uma solu\u00e7\u00e3o fi\u00e1vel, escolha o nosso servi\u00e7o. <strong>Compre Zolpidem online no Reino Unido rapidamente.<\/strong>Experimente a conveni\u00eancia da nossa plataforma segura e da entrega discreta, e prepare-se para acordar revitalizado. A sua jornada para um sono melhor come\u00e7a aqui.<\/p>","protected":false},"excerpt":{"rendered":"<p>Sofre com noites mal dormidas? Comprar Zolpidem online no Reino Unido para um al\u00edvio r\u00e1pido e eficaz da ins\u00f3nia. Este medicamento fi\u00e1vel ajuda-o a ter uma noite inteira de sono reparador, sem interrup\u00e7\u00f5es. Tenha o sono tranquilo que merece e sinta-se melhor \u2013 encomende hoje mesmo o seu Zolpidem e receba-o rapidamente.<\/p>","protected":false},"featured_media":10646,"template":"","meta":[],"product_brand":[],"product_cat":[404],"product_tag":[979,972,977,976,974,975,973,978],"class_list":{"0":"post-10631","1":"product","2":"type-product","3":"status-publish","4":"has-post-thumbnail","6":"product_cat-sleeping-pills","7":"product_tag-buy-sleep-tablets-online","8":"product_tag-buy-zolpidem-uk-fast","9":"product_tag-discreet-zolpidem-delivery","10":"product_tag-fast-sleep-medication","11":"product_tag-insomnia-treatment-uk","12":"product_tag-sleep-aid-online","13":"product_tag-zolpidem-online-uk","14":"product_tag-zolpidem-tartrate","16":"first","17":"instock","18":"sale","19":"shipping-taxable","20":"purchasable","21":"product-type-variable"},"_links":{"self":[{"href":"https:\/\/capsovia.com\/pt\/wp-json\/wp\/v2\/product\/10631","targetHints":{"allow":["GET"]}}],"collection":[{"href":"https:\/\/capsovia.com\/pt\/wp-json\/wp\/v2\/product"}],"about":[{"href":"https:\/\/capsovia.com\/pt\/wp-json\/wp\/v2\/types\/product"}],"version-history":[{"count":0,"href":"https:\/\/capsovia.com\/pt\/wp-json\/wp\/v2\/product\/10631\/revisions"}],"wp:featuredmedia":[{"embeddable":true,"href":"https:\/\/capsovia.com\/pt\/wp-json\/wp\/v2\/media\/10646"}],"wp:attachment":[{"href":"https:\/\/capsovia.com\/pt\/wp-json\/wp\/v2\/media?parent=10631"}],"wp:term":[{"taxonomy":"product_brand","embeddable":true,"href":"https:\/\/capsovia.com\/pt\/wp-json\/wp\/v2\/product_brand?post=10631"},{"taxonomy":"product_cat","embeddable":true,"href":"https:\/\/capsovia.com\/pt\/wp-json\/wp\/v2\/product_cat?post=10631"},{"taxonomy":"product_tag","embeddable":true,"href":"https:\/\/capsovia.com\/pt\/wp-json\/wp\/v2\/product_tag?post=10631"}],"curies":[{"name":"wp","href":"https:\/\/api.w.org\/{rel}","templated":true}]}}