{"id":10650,"date":"2024-10-04T17:56:33","date_gmt":"2024-10-04T17:56:33","guid":{"rendered":"https:\/\/pharmaplazaonline.com\/?post_type=product&#038;p=10650"},"modified":"2026-04-17T22:32:38","modified_gmt":"2026-04-17T22:32:38","slug":"buy-zopiclone-online-uk","status":"publish","type":"product","link":"https:\/\/capsovia.com\/pt\/product\/buy-zopiclone-online-uk\/","title":{"rendered":"Comprar Zopiclone 7,5mg online no Reino Unido com entrega r\u00e1pida."},"content":{"rendered":"<p>Bem-vindo \u00e0 sua farm\u00e1cia online europeia de confian\u00e7a, o seu principal destino para... <strong>Comprar Zopiclone 7,5mg online no Reino Unido com entrega r\u00e1pida.<\/strong>Compreendemos os desafios de encontrar um acesso fi\u00e1vel e discreto a medicamentos essenciais e estamos empenhados em prestar um servi\u00e7o eficiente e fi\u00e1vel aos nossos valiosos clientes em todo o pa\u00eds. <strong>Europa<\/strong>, incluindo o <strong>Reino Unido<\/strong>, <strong>It\u00e1lia<\/strong>, <strong>Alemanha<\/strong>, o <strong>Pa\u00edses Baixos<\/strong>, <strong>Pol\u00f3nia<\/strong>e muito mais. O nosso compromisso \u00e9 oferecer produtos farmac\u00eauticos genu\u00ednos e de alta qualidade, incluindo comprimidos de Zopiclone 7,5 mg, com <strong>envio discreto<\/strong> diretamente \u00e0 sua porta.<\/p>\n<p>Est\u00e1 a sofrer com noites de ins\u00f3nia e procura uma solu\u00e7\u00e3o eficaz para melhorar a qualidade do seu sono? Veio ao lugar certo. Na nossa conceituada farm\u00e1cia online, oferecemos-lhe a comodidade e a privacidade para... <strong>Comprar Zopiclone 7,5mg online<\/strong> Sem necessidade de receita m\u00e9dica. Orgulhamo-nos de ser uma fonte fi\u00e1vel tanto para medicamentos sujeitos a receita m\u00e9dica como para produtos de venda livre, garantindo que obt\u00e9m as solu\u00e7\u00f5es de sa\u00fade de que necessita, quando precisa.<\/p>\n<h2>Compreender o Zopiclone 7,5mg: O seu Caminho para Noites de Sono Tranquilas<\/h2>\n<p>A zopiclona \u00e9 um medicamento hipn\u00f3tico n\u00e3o benzodiazep\u00ednico pertencente \u00e0 classe das ciclopirrolonas. \u00c9 amplamente prescrita para o tratamento de curta dura\u00e7\u00e3o da ins\u00f3nia em adultos. Atua afetando certas subst\u00e2ncias qu\u00edmicas no c\u00e9rebro que est\u00e3o desequilibradas em pessoas com ins\u00f3nia. Ao potenciar o efeito de um neurotransmissor chamado GABA (\u00e1cido gama-aminobut\u00edrico), a zopiclona ajuda a acalmar o c\u00e9rebro, permitindo adormecer mais facilmente e dormir durante mais tempo.<\/p>\n<p>Quando voc\u00ea <strong>Comprar Zopiclone 7,5mg online<\/strong> Ao investir em n\u00f3s, est\u00e1 a optar por uma solu\u00e7\u00e3o comprovada para <strong>dificuldade em dormir<\/strong> e <strong>tratamento da ins\u00f3nia<\/strong>Esta dosagem, de 7,5 mg, \u00e9 a padr\u00e3o e a mais comummente prescrita, oferecendo um equil\u00edbrio eficaz para a maioria dos utilizadores adultos que sofrem de dor aguda ou cr\u00f3nica. <strong>dificuldades em dormir<\/strong>.<\/p>\n<h3>Principais especifica\u00e7\u00f5es e benef\u00edcios do Zopiclone 7,5mg:<\/h3>\n<p><em>   <strong>Ingrediente ativo:<\/strong> Zopiclona<br \/>\n<\/em>   <strong>For\u00e7a:<\/strong> 7,5 mg por comprimido<br \/>\n<em>   <strong>Forma:<\/strong> Comprimidos orais (frequentemente sulcados para facilitar a divis\u00e3o, se necess\u00e1rio, embora 7,5 mg seja a dose padr\u00e3o).<br \/>\n<\/em>   <strong>Mecanismo de a\u00e7\u00e3o:<\/strong> Atua como agente GABA\u00e9rgico, promovendo a seda\u00e7\u00e3o e os efeitos hipn\u00f3ticos.<br \/>\n<em>   <strong>Primary Use:<\/strong> Tratamento da ins\u00f3nia caracterizada por dificuldade em adormecer, despertar frequente durante a noite ou despertar precoce de manh\u00e3.<br \/>\n<\/em>   <strong>In\u00edcio r\u00e1pido:<\/strong> Normalmente come\u00e7a a fazer efeito entre 30 a 60 minutos ap\u00f3s a ingest\u00e3o.<br \/>\n<em>   <strong>Dura\u00e7\u00e3o da a\u00e7\u00e3o:<\/strong> Eficaz para um ciclo de sono padr\u00e3o, proporcionando geralmente 6 a 8 horas de sono.<br \/>\n<\/em>   <strong>Melhoria da qualidade do sono:<\/strong> Ajuda os utilizadores a obter um sono mais profundo e reparador.<br \/>\n<em>   <strong>Redu\u00e7\u00e3o dos despertares noturnos:<\/strong> Contribui para menos interrup\u00e7\u00f5es durante a noite.<br \/>\n<\/em>   <strong>Conveni\u00eancia:<\/strong> F\u00e1cil e discreto para <strong>Comprar Zopiclone 7,5mg online<\/strong>.<\/p>\n<h2>Como comprar e utilizar Zopiclone 7,5mg online no Reino Unido de forma r\u00e1pida e segura.<\/h2>\n<p>Quando optar por <strong>Comprar Zopiclone 7,5mg online no Reino Unido com entrega r\u00e1pida.<\/strong>Compreender o uso e a dosagem corretos \u00e9 fundamental para a seguran\u00e7a e efic\u00e1cia. O zopiclone 7,5 mg \u00e9 geralmente prescrito apenas para utiliza\u00e7\u00e3o a curto prazo, normalmente por um per\u00edodo m\u00e1ximo de duas a quatro semanas. O uso prolongado pode levar \u00e0 depend\u00eancia e \u00e0 toler\u00e2ncia.<\/p>\n<p><strong>Posologia e administra\u00e7\u00e3o recomendadas:<\/strong><\/p>\n<p><em>   <strong>Dose padr\u00e3o para adultos:<\/strong> Um comprimido de 7,5 mg tomado imediatamente antes de deitar.<br \/>\n<\/em>   <strong>Como tomar:<\/strong> Engula o comprimido inteiro com um copo de \u00e1gua. N\u00e3o mastigue nem esmague o comprimido.<br \/>\n<em>   <strong>Timing:<\/strong> \u00c9 crucial tomar Zopiclone apenas quando conseguir dormir uma noite inteira (aproximadamente 7 a 8 horas). Tom\u00e1-lo demasiado cedo \u00e0 noite ou se corre o risco de ser acordado prematuramente pode causar sonol\u00eancia diurna.<br \/>\n<\/em>   <strong>Dose esquecida:<\/strong> Se se esqueceu de uma dose, n\u00e3o tome uma dose dupla. Ignore a dose em falta e continue com o seu esquema posol\u00f3gico regular na noite seguinte.<br \/>\n<em>   <strong>Ajuste da dosagem:<\/strong> N\u00e3o exceder a dose recomendada de 7,5 mg por noite. Em alguns casos, o seu m\u00e9dico (ou profissional de sa\u00fade que o aconselhar sobre a adequa\u00e7\u00e3o do tratamento) poder\u00e1 sugerir uma dose mais baixa, particularmente para doentes idosos ou com condi\u00e7\u00f5es m\u00e9dicas espec\u00edficas.<\/p>\n<p><strong>Considera\u00e7\u00f5es importantes na compra de Zopiclone 7,5mg:<\/strong><\/p>\n<p><\/em>   <strong>Consumo de \u00e1lcool:<\/strong> Evite consumir \u00e1lcool enquanto estiver a tomar Zopiclone, pois pode aumentar significativamente os efeitos sedativos e potencialmente causar efeitos secund\u00e1rios perigosos.<br \/>\n<em>   <strong>Conduzir e utilizar m\u00e1quinas:<\/strong> N\u00e3o conduza, utilize m\u00e1quinas pesadas ou realize qualquer atividade que exija a sua total aten\u00e7\u00e3o at\u00e9 saber como a zopiclona o afeta. Poder\u00e1 sentir sonol\u00eancia, redu\u00e7\u00e3o do estado de alerta e dificuldade de coordena\u00e7\u00e3o.<br \/>\n<\/em>   <strong>Utiliza\u00e7\u00e3o a curto prazo:<\/strong> A zopiclona est\u00e1 indicada para o tratamento de curta dura\u00e7\u00e3o da ins\u00f3nia. Se os seus problemas de sono persistirem por mais de duas semanas, consulte um profissional de sa\u00fade.<br \/>\n<em>   <strong>Sintomas de abstin\u00eancia:<\/strong> A interrup\u00e7\u00e3o abrupta do uso de zopiclona ap\u00f3s uso prolongado pode levar a sintomas de abstin\u00eancia, como ins\u00f3nia de rebound, ansiedade, tremores, suores e n\u00e1useas. \u00c9 aconselh\u00e1vel reduzir a dose gradualmente sob orienta\u00e7\u00e3o m\u00e9dica se estiver a tomar o medicamento durante um longo per\u00edodo.<\/p>\n<h2>Quem pode beneficiar do uso de zopiclona 7,5 mg?<\/h2>\n<p>Se estiver passando por <strong>dificuldade em dormir<\/strong>, caracterizado por:<\/p>\n<p><\/em>   Dificuldade em iniciar o sono (ins\u00f3nia de in\u00edcio do sono)<br \/>\n<em>   Despertares frequentes durante a noite (ins\u00f3nia de manuten\u00e7\u00e3o do sono)<br \/>\n<\/em>   Acordar muito cedo de manh\u00e3 e n\u00e3o conseguir voltar a adormecer (despertar precoce).<\/p>\n<p>E o seu <strong>ins\u00f3nia<\/strong> Se a falta de sono est\u00e1 a afetar significativamente a sua vida di\u00e1ria, causando sofrimento, afetando o seu humor, concentra\u00e7\u00e3o e bem-estar geral, ent\u00e3o o Zopiclone 7,5 mg pode ser uma op\u00e7\u00e3o adequada para si. Est\u00e1 indicado para pessoas que necessitam de um aux\u00edlio fi\u00e1vel e de a\u00e7\u00e3o r\u00e1pida para restabelecer padr\u00f5es de sono saud\u00e1veis.<\/p>\n<h2>Poss\u00edveis efeitos secund\u00e1rios do zopiclone 7,5 mg<\/h2>\n<p>Como todos os medicamentos, o Zopiclone 7,5 mg pode causar efeitos secund\u00e1rios, embora nem todas as pessoas os apresentem. \u00c9 importante estar atento a estas poss\u00edveis rea\u00e7\u00f5es.<\/p>\n<p><strong>Efeitos secund\u00e1rios frequentes (podem afetar at\u00e9 1 em cada 10 pessoas):<\/strong><\/p>\n<p><em>   Sabor desagrad\u00e1vel na boca<br \/>\n<\/em>   Boca seca<br \/>\n<em>   Sonol\u00eancia durante o dia<br \/>\n<\/em>   Estado de alerta reduzido<br \/>\n<em>   Dor de cabe\u00e7a<br \/>\n<\/em>   Tontura<br \/>\n<em>   Fadiga<br \/>\n<\/em>   N\u00e1useas<\/p>\n<p><strong>Efeitos secund\u00e1rios menos frequentes (podem afetar at\u00e9 1 em cada 100 pessoas):<\/strong><\/p>\n<p><em>   Sonhos v\u00edvidos<br \/>\n<\/em>   Pesadelos<br \/>\n<em>   dor muscular<br \/>\n<\/em>   Altera\u00e7\u00f5es no apetite<br \/>\n<em>   Sentimentos de depress\u00e3o<br \/>\n<\/em>   Ansiedade<br \/>\n<em>   Confus\u00e3o<br \/>\n<\/em>   Coordena\u00e7\u00e3o prejudicada<br \/>\n<em>   Perda de mem\u00f3ria (amn\u00e9sia anter\u00f3grada)<br \/>\n<\/em>   erup\u00e7\u00e3o cut\u00e2nea ou comich\u00e3o<\/p>\n<p><strong>Efeitos secund\u00e1rios raros (podem afetar at\u00e9 1 em cada 1.000 pessoas):<\/strong><\/p>\n<p><em>   Alucina\u00e7\u00f5es<br \/>\n<\/em>   Agress\u00e3o<br \/>\n<em>   Irritabilidade<br \/>\n<\/em>   Agravamento da ins\u00f3nia<br \/>\n<em>   Altera\u00e7\u00f5es na libido<br \/>\n<\/em>   Vis\u00e3o prejudicada<br \/>\n<em>   Fraqueza muscular<br \/>\n<\/em>   Dificuldade em urinar<br \/>\n<em>   Icter\u00edcia (amarelamento da pele e dos olhos)<\/p>\n<p><strong>Os efeitos secund\u00e1rios graves s\u00e3o raros:<\/strong><\/p>\n<p>Caso apresente algum efeito secund\u00e1rio grave, como rea\u00e7\u00f5es al\u00e9rgicas graves (dificuldade em respirar, incha\u00e7o da face, l\u00e1bios, l\u00edngua ou garganta), rea\u00e7\u00f5es cut\u00e2neas graves ou altera\u00e7\u00f5es significativas de comportamento, procure imediatamente assist\u00eancia m\u00e9dica.<\/p>\n<p>Se tiver alguma d\u00favida sobre os poss\u00edveis efeitos secund\u00e1rios, consulte um profissional de sa\u00fade ou farmac\u00eautico.<\/p>\n<h2>Porqu\u00ea escolher a nossa farm\u00e1cia online para comprar Zopiclone 7,5mg online no Reino Unido com rapidez?<\/h2>\n<p>Compreendemos que, quando precisa de medicamentos, quer receb\u00ea-los de forma r\u00e1pida, fi\u00e1vel e discreta. A nossa farm\u00e1cia online europeia dedica-se a satisfazer estas necessidades de clientes em todo o mundo. <strong>Reino Unido, Europa, It\u00e1lia, Alemanha, Pa\u00edses Baixos, Pol\u00f3nia<\/strong>e muito mais.<\/p>\n<p><strong>O nosso compromisso com voc\u00ea:<\/strong><\/p>\n<p><\/em>   <strong>Fonte fidedigna:<\/strong> Somos um vendedor online de confian\u00e7a e uma fonte segura de medicamentos genu\u00ednos. Obtemos os nossos produtos de fabricantes de renome, garantindo qualidade e autenticidade.<br \/>\n<em>   <strong>Conveni\u00eancia:<\/strong> <strong>Comprar Zopiclone 7,5mg online<\/strong> No conforto da sua casa. O nosso site de f\u00e1cil navega\u00e7\u00e3o torna o processo de compra simples e eficiente.<br \/>\n<\/em>   <strong>Envio r\u00e1pido e discreto:<\/strong> Oferecemos <strong>envio discreto<\/strong> para <strong>Espanha, It\u00e1lia, Alemanha, Pa\u00edses Baixos, Pol\u00f3nia, Pa\u00edses Baixos, Europa e Reino Unido<\/strong>A sua privacidade \u00e9 fundamental; todos os pedidos s\u00e3o embalados de forma segura e discreta. O nosso objetivo \u00e9... <strong>entrega r\u00e1pida<\/strong> para que possa receber a sua medica\u00e7\u00e3o sem atrasos desnecess\u00e1rios.<br \/>\n<em>   <strong>N\u00e3o \u00e9 necess\u00e1ria receita m\u00e9dica:<\/strong> Para sua comodidade, oferecemos a possibilidade de <strong>Comprar Zopiclone 7,5mg sem receita m\u00e9dica<\/strong>Isto simplifica o processo para aqueles que j\u00e1 utilizaram este medicamento e compreendem a sua adequa\u00e7\u00e3o ao seu caso.<br \/>\n<\/em>   <strong>Pre\u00e7os competitivos:<\/strong> Esfor\u00e7amo-nos por oferecer pre\u00e7os competitivos em todos os nossos medicamentos, tornando os cuidados de sa\u00fade essenciais acess\u00edveis.<br \/>\n*   <strong>Apoio ao cliente:<\/strong> A nossa equipa de apoio ao cliente est\u00e1 dispon\u00edvel para responder a quaisquer perguntas que possa ter sobre o seu pedido, entrega ou os produtos que oferecemos.<\/p>\n<h2>Perguntas frequentes sobre a compra de zopiclona<\/h2>\n<p><strong>P1: \u00c9 seguro comprar Zopiclone 7,5mg online?<\/strong><br \/>\nA1: Comprar a uma farm\u00e1cia online fi\u00e1vel e licenciada como a nossa \u00e9 seguro. Trabalhamos apenas com medicamentos genu\u00ednos e de elevada qualidade, provenientes de fabricantes de confian\u00e7a. Garantimos que todos os produtos cumprem rigorosos padr\u00f5es de qualidade.<\/p>\n<p><strong>P2: Quanto tempo demora a entrega quando compro Zopiclone 7,5mg online no Reino Unido com entrega r\u00e1pida?<\/strong><br \/>\nA2: O nosso objetivo \u00e9 realizar entregas r\u00e1pidas no Reino Unido e em toda a Europa. Os prazos de entrega podem variar ligeiramente dependendo da sua localiza\u00e7\u00e3o exata na Europa, mas normalmente variam entre 2 a 5 dias \u00fateis para a maioria dos destinos. Receber\u00e1 informa\u00e7\u00f5es de rastreamento para o seu pedido.<\/p>\n<p><strong>P3: O meu pedido ser\u00e1 enviado discretamente?<\/strong><br \/>\nA3: Absolutamente. A discri\u00e7\u00e3o \u00e9 um pilar fundamental do nosso servi\u00e7o. Todos os pedidos s\u00e3o enviados em embalagens discretas, sem qualquer indica\u00e7\u00e3o externa do conte\u00fado ou da identidade do remetente. A sua privacidade \u00e9 a nossa prioridade.<\/p>\n<p><strong>P4: Qual a diferen\u00e7a entre Zopiclone e Zolpidem?<\/strong><br \/>\nA4: Embora ambos sejam hipn\u00f3ticos n\u00e3o benzodiazep\u00ednicos utilizados para a ins\u00f3nia, pertencem a classes de medicamentos ligeiramente diferentes e podem apresentar algumas varia\u00e7\u00f5es nos seus efeitos e perfis de efeitos secund\u00e1rios. A zopiclona \u00e9 uma ciclopirrolona, \u200b\u200benquanto o zolpidem \u00e9 uma imidazopiridina.<\/p>\n<p><strong>P5: Posso comprar Zopiclone 7,5mg para uso a longo prazo?<\/strong><br \/>\nA5: A zopiclona destina-se apenas a uma utiliza\u00e7\u00e3o a curto prazo, normalmente durante 2 a 4 semanas. Se precisar de tratamento para a ins\u00f3nia a longo prazo, \u00e9 essencial consultar um profissional de sa\u00fade para investigar as causas subjacentes e as estrat\u00e9gias de tratamento alternativas.<\/p>\n<h2>A sua jornada para um sono melhor come\u00e7a aqui.<\/h2>\n<p>Se procura uma forma fi\u00e1vel e eficaz de gerir os seus <strong>ins\u00f3nia<\/strong> Para melhorar a qualidade do seu sono, n\u00e3o procure mais. A nossa farm\u00e1cia online oferece uma plataforma segura, conveniente e discreta para <strong>Comprar Zopiclone 7,5mg online no Reino Unido com entrega r\u00e1pida.<\/strong>Estamos empenhados em servir os nossos clientes em todo o pa\u00eds. <strong>Europa<\/strong> Com integridade e efici\u00eancia.<\/p>\n<p>N\u00e3o deixe que as noites em branco continuem a atrapalhar a sua vida. Empodere-se com uma solu\u00e7\u00e3o fi\u00e1vel e experimente os benef\u00edcios de uma boa noite de sono. Fa\u00e7a a sua encomenda hoje e d\u00ea o primeiro passo para uma vida mais revigorada e revitalizada. Somos o seu fornecedor online de confian\u00e7a para medicamentos de qualidade, entregues discretamente. <strong>Espanha, It\u00e1lia, Alemanha, Pa\u00edses Baixos, Pol\u00f3nia, Pa\u00edses Baixos, Europa e Reino Unido<\/strong>.<\/p>","protected":false},"excerpt":{"rendered":"<p>Com dificuldades em dormir? Comprar Zopiclone 7,5 mg online no Reino Unido para uma solu\u00e7\u00e3o r\u00e1pida e eficaz contra a ins\u00f3nia. Este medicamento fi\u00e1vel ajuda-o a adormecer rapidamente e a desfrutar de uma noite inteira de sono reparador, sem aquela sensa\u00e7\u00e3o de cansa\u00e7o pela manh\u00e3. Experimente a diferen\u00e7a que uma boa noite de sono pode fazer para o seu bem-estar. Encomende o seu hoje mesmo e receba-o rapidamente em todo o Reino Unido.<\/p>","protected":false},"featured_media":10680,"template":"","meta":[],"product_brand":[],"product_cat":[404],"product_tag":[948,954,867,950,951,953,952,947,955,949],"class_list":{"0":"post-10650","1":"product","2":"type-product","3":"status-publish","4":"has-post-thumbnail","6":"product_cat-sleeping-pills","7":"product_tag-buy-zopiclone-online","8":"product_tag-discreet-zopiclone","9":"product_tag-european-pharmacy","10":"product_tag-fast-zopiclone-delivery","11":"product_tag-insomnia-treatment","12":"product_tag-no-prescription-zopiclone","13":"product_tag-sleep-aid","14":"product_tag-zopiclone-7-5mg","15":"product_tag-zopiclone-online-pharmacy","16":"product_tag-zopiclone-uk","18":"first","19":"instock","20":"sale","21":"shipping-taxable","22":"purchasable","23":"product-type-variable"},"_links":{"self":[{"href":"https:\/\/capsovia.com\/pt\/wp-json\/wp\/v2\/product\/10650","targetHints":{"allow":["GET"]}}],"collection":[{"href":"https:\/\/capsovia.com\/pt\/wp-json\/wp\/v2\/product"}],"about":[{"href":"https:\/\/capsovia.com\/pt\/wp-json\/wp\/v2\/types\/product"}],"version-history":[{"count":0,"href":"https:\/\/capsovia.com\/pt\/wp-json\/wp\/v2\/product\/10650\/revisions"}],"wp:featuredmedia":[{"embeddable":true,"href":"https:\/\/capsovia.com\/pt\/wp-json\/wp\/v2\/media\/10680"}],"wp:attachment":[{"href":"https:\/\/capsovia.com\/pt\/wp-json\/wp\/v2\/media?parent=10650"}],"wp:term":[{"taxonomy":"product_brand","embeddable":true,"href":"https:\/\/capsovia.com\/pt\/wp-json\/wp\/v2\/product_brand?post=10650"},{"taxonomy":"product_cat","embeddable":true,"href":"https:\/\/capsovia.com\/pt\/wp-json\/wp\/v2\/product_cat?post=10650"},{"taxonomy":"product_tag","embeddable":true,"href":"https:\/\/capsovia.com\/pt\/wp-json\/wp\/v2\/product_tag?post=10650"}],"curies":[{"name":"wp","href":"https:\/\/api.w.org\/{rel}","templated":true}]}}