{"id":10672,"date":"2024-10-04T17:56:34","date_gmt":"2024-10-04T17:56:34","guid":{"rendered":"https:\/\/pharmaplazaonline.com\/?post_type=product&#038;p=10672"},"modified":"2026-04-17T22:32:06","modified_gmt":"2026-04-17T22:32:06","slug":"buy-lorazepam","status":"publish","type":"product","link":"https:\/\/capsovia.com\/pt\/product\/buy-lorazepam\/","title":{"rendered":"Compre Lorazepam online com entrega r\u00e1pida."},"content":{"rendered":"<h2>Comprar Lorazepam online \u2013 Entrega r\u00e1pida: A sua fonte fi\u00e1vel para al\u00edvio.<\/h2>\n<p>Procura uma maneira confi\u00e1vel e discreta de <strong>Comprar Lorazepam online<\/strong> com <strong>envio r\u00e1pido<\/strong> Est\u00e1 em toda a Europa? N\u00e3o procure mais! A nossa farm\u00e1cia online de confian\u00e7a oferece uma vasta gama de medicamentos, incluindo Lorazepam de alta qualidade. Compreendemos a import\u00e2ncia da acessibilidade e da discri\u00e7\u00e3o quando se trata de cuidar da sua sa\u00fade e dedicamo-nos a oferecer uma experi\u00eancia de compra segura e sem complica\u00e7\u00f5es. Seja em Espanha, It\u00e1lia, Alemanha, Holanda, Pol\u00f3nia ou Reino Unido, estamos aqui para o(a) ajudar a obter o al\u00edvio de que necessita, de forma r\u00e1pida e pr\u00e1tica.<\/p>\n<p>O lorazepam, uma benzodiazepina potente, \u00e9 amplamente prescrito devido \u00e0 sua efic\u00e1cia no tratamento de perturba\u00e7\u00f5es de ansiedade, ins\u00f3nia e convuls\u00f5es. As suas propriedades ansiol\u00edticas, anticonvulsivantes, sedativas e relaxantes musculares fazem dele um medicamento essencial para muitas pessoas. Na nossa farm\u00e1cia online, orgulhamo-nos de ser uma fonte fi\u00e1vel de medicamentos sujeitos e n\u00e3o sujeitos a receita m\u00e9dica, garantindo que recebe produtos genu\u00ednos que cumprem os rigorosos padr\u00f5es de qualidade. <strong>Comprar Lorazepam online<\/strong>Pode ter confian\u00e7a na qualidade e efic\u00e1cia da medica\u00e7\u00e3o que recebe.<\/p>\n<h3>Compreender o Lorazepam: Usos, Benef\u00edcios e Especifica\u00e7\u00f5es<\/h3>\n<p>O lorazepam, vulgarmente conhecido por nomes comerciais como Ativan, \u00e9 um medicamento benzodiazep\u00ednico que atua no sistema nervoso central. Potencia o efeito de um neurotransmissor chamado \u00e1cido gama-aminobut\u00edrico (GABA), que acalma o c\u00e9rebro e os nervos. Isto torna-o um tratamento eficaz para diversas condi\u00e7\u00f5es.<\/p>\n<p><strong>Principais utiliza\u00e7\u00f5es do lorazepam:<\/strong><\/p>\n<p><em>   <strong>Perturba\u00e7\u00f5es de Ansiedade:<\/strong> O lorazepam \u00e9 prescrito principalmente para o tratamento da perturba\u00e7\u00e3o de ansiedade generalizada (TAG), perturba\u00e7\u00e3o de p\u00e2nico e perturba\u00e7\u00e3o de ansiedade social. Ajuda a aliviar sentimentos intensos de preocupa\u00e7\u00e3o, nervosismo e medo, permitindo que os indiv\u00edduos recuperem o controlo das suas vidas. Se est\u00e1 a sofrer de ansiedade persistente, <strong>comprar Lorazepam online<\/strong> Pode proporcionar o al\u00edvio t\u00e3o necess\u00e1rio.<br \/>\n<\/em>   <strong>Ins\u00f3nia:<\/strong> Para pessoas com dificuldades em dormir a curto prazo, o Lorazepam pode ser prescrito para ajudar a induzir o sono. As suas propriedades sedativas podem auxiliar no processo de adormecer e manter o sono. Para aqueles que procuram uma solu\u00e7\u00e3o para as noites sem dormir, oferecemos uma forma discreta de... <strong>Comprar Lorazepam online para dormir.<\/strong>.<br \/>\n<em>   <strong>Convuls\u00f5es:<\/strong> Em situa\u00e7\u00f5es de emerg\u00eancia, o lorazepam \u00e9 utilizado por via intravenosa para interromper o estado de mal epil\u00e9tico, um tipo de convuls\u00e3o prolongada e potencialmente fatal.<br \/>\n<\/em>   <strong>Seda\u00e7\u00e3o:<\/strong> \u00c9 tamb\u00e9m utilizado para induzir seda\u00e7\u00e3o antes de procedimentos m\u00e9dicos ou em ambientes hospitalares para acalmar os pacientes.<br \/>\n<em>   <strong>Sintomas de abstin\u00eancia:<\/strong> O lorazepam pode ser utilizado para controlar os sintomas de abstin\u00eancia do \u00e1lcool ou de outros depressores do sistema nervoso central.<\/p>\n<p><strong>Benef\u00edcios de escolher a nossa farm\u00e1cia online para comprar Lorazepam online:<\/strong><\/p>\n<p><\/em>   <strong>Conveni\u00eancia:<\/strong> Evite a necessidade de visitas presenciais e filas de espera. Voc\u00ea pode <strong>Comprar Lorazepam online<\/strong> No conforto da sua casa, a qualquer hora que lhe seja conveniente.<br \/>\n<em>   <strong>Crit\u00e9rio:<\/strong> Compreendemos a import\u00e2ncia da privacidade. Todos os pedidos s\u00e3o enviados em embalagens discretas e sem identifica\u00e7\u00e3o, garantindo a sua privacidade.<br \/>\n<\/em>   <strong>Envio r\u00e1pido:<\/strong> Oferecemos <strong>envio r\u00e1pido<\/strong> Em toda a Europa, incluindo Espanha, It\u00e1lia, Alemanha, Pa\u00edses Baixos, Pol\u00f3nia e Reino Unido. O seu medicamento chegar\u00e1 at\u00e9 si rapidamente.<br \/>\n<em>   <strong>Fonte fidedigna:<\/strong> Somos um vendedor online de confian\u00e7a e uma fonte segura de medicamentos genu\u00ednos. Obtemos os nossos produtos de fabricantes de renome, garantindo qualidade e seguran\u00e7a.<br \/>\n<\/em>   <strong>Acessibilidade:<\/strong> O nosso objetivo \u00e9 tornar os medicamentos essenciais acess\u00edveis a quem deles necessita, incluindo aqueles que possam ter dificuldade em obter receitas m\u00e9dicas atrav\u00e9s dos canais tradicionais. Quando voc\u00ea <strong>Comprar Lorazepam sem receita m\u00e9dica<\/strong> Atrav\u00e9s da nossa plataforma, est\u00e1 a aceder a um servi\u00e7o essencial.<\/p>\n<p><strong>Especifica\u00e7\u00f5es do produto:<\/strong><\/p>\n<p>O lorazepam est\u00e1 geralmente dispon\u00edvel em comprimidos, com dosagens comuns de 0,5 mg, 1 mg e 2 mg. A dosagem exata necess\u00e1ria depender\u00e1 da sua condi\u00e7\u00e3o m\u00e9dica individual e da orienta\u00e7\u00e3o de um profissional de sa\u00fade.<\/p>\n<h3>Posologia e administra\u00e7\u00e3o: como tomar lorazepam<\/h3>\n<p>\u00c9 fundamental tomar o Lorazepam exatamente como prescrito pelo seu m\u00e9dico. A dosagem e a frequ\u00eancia variam dependendo da condi\u00e7\u00e3o a ser tratada e de fatores individuais do paciente.<\/p>\n<p><em>   <strong>Ansiedade generalizada:<\/strong> As doses iniciais t\u00edpicas variam entre 1 mg a 2 mg por dia, divididas em duas ou tr\u00eas doses. Esta posologia pode ser ajustada pelo seu m\u00e9dico com base na sua resposta ao tratamento.<br \/>\n<\/em>   <strong>Ins\u00f3nia:<\/strong> Para dificuldades em dormir, toma-se geralmente uma dose \u00fanica de 1 mg a 2 mg antes de deitar.<br \/>\n<em>   <strong>Doentes idosos:<\/strong> Os idosos podem necessitar de doses iniciais mais baixas devido \u00e0 maior sensibilidade aos efeitos do medicamento.<\/p>\n<p><strong>Orienta\u00e7\u00f5es importantes para a administra\u00e7\u00e3o:<\/strong><\/p>\n<p><\/em>   <strong>N\u00e3o esmague, mastigue ou parta.<\/strong> Os comprimidos de lorazepam est\u00e3o indicados para administra\u00e7\u00e3o oral, a menos que o seu m\u00e9dico recomende o contr\u00e1rio.<br \/>\n<em>   <strong>Pode ser tomado com ou sem alimentos.<\/strong> Tomar lorazepam com alimentos pode reduzir o desconforto gastrointestinal, mas n\u00e3o afeta significativamente a sua absor\u00e7\u00e3o.<br \/>\n<\/em>   <strong>Evite o \u00e1lcool.<\/strong> Ao tomar Lorazepam, tenha cuidado, pois pode aumentar significativamente a sonol\u00eancia e o risco de efeitos secund\u00e1rios.<br \/>\n<em>   <strong>N\u00e3o interrompa a utiliza\u00e7\u00e3o de Lorazepam repentinamente.<\/strong> A interrup\u00e7\u00e3o abrupta da medica\u00e7\u00e3o pode provocar sintomas de abstin\u00eancia. \u00c9 importante reduzir a dose gradualmente sob supervis\u00e3o m\u00e9dica.<br \/>\n<\/em>   <strong>Se se esquecer de uma dose,<\/strong> Tome o medicamento assim que se lembrar. No entanto, se estiver quase na hora da dose seguinte, ignore a dose esquecida e continue com o seu esquema regular. N\u00e3o tome duas doses ao mesmo tempo.<\/p>\n<p>Quando voc\u00ea <strong>Comprar Lorazepam online<\/strong> Adquirir qualquer medicamento na nossa farm\u00e1cia deve sempre seguir as instru\u00e7\u00f5es de dosagem fornecidas na embalagem ou pelo seu m\u00e9dico, caso tenha recebido uma prescri\u00e7\u00e3o m\u00e9dica.<\/p>\n<h3>Poss\u00edveis efeitos secund\u00e1rios e precau\u00e7\u00f5es<\/h3>\n<p>Tal como todos os medicamentos, o lorazepam pode causar efeitos secund\u00e1rios. \u00c9 importante estar ciente destes poss\u00edveis efeitos e utilizar o medicamento de forma respons\u00e1vel.<\/p>\n<p><strong>Efeitos secund\u00e1rios comuns:<\/strong><\/p>\n<p><em>   Sonol\u00eancia e fadiga<br \/>\n<\/em>   Tontura<br \/>\n<em>   Fraqueza<br \/>\n<\/em>   Boca seca<br \/>\n<em>   Vis\u00e3o turva<br \/>\n<\/em>   N\u00e1useas<\/p>\n<p><strong>Efeitos secund\u00e1rios menos comuns, mas graves:<\/strong><\/p>\n<p><em>   Confus\u00e3o<br \/>\n<\/em>   Problemas de mem\u00f3ria<br \/>\n<em>   Garganta inflamada<br \/>\n<\/em>   Febre<br \/>\n<em>   Hemorragia ou hematomas incomuns<br \/>\n<\/em>   Pensamentos ou comportamentos suicidas (raros)<br \/>\n<em>   Rea\u00e7\u00f5es al\u00e9rgicas graves (erup\u00e7\u00e3o cut\u00e2nea, comich\u00e3o, incha\u00e7o, tonturas graves, dificuldade respirat\u00f3ria)<\/p>\n<p><strong>Precau\u00e7\u00f5es e contraindica\u00e7\u00f5es:<\/strong><\/p>\n<p><\/em>   <strong>Gravidez e amamenta\u00e7\u00e3o:<\/strong> O uso de lorazepam n\u00e3o \u00e9 recomendado durante a gravidez ou amamenta\u00e7\u00e3o, uma vez que pode prejudicar o feto ou o lactente.<br \/>\n<em>   <strong>Depend\u00eancia e V\u00edcio:<\/strong> As benzodiazepinas, incluindo o lorazepam, podem causar depend\u00eancia. O uso prolongado pode levar \u00e0 depend\u00eancia f\u00edsica e psicol\u00f3gica. \u00c9 essencial utilizar este medicamento sob orienta\u00e7\u00e3o m\u00e9dica e durante o menor per\u00edodo de tempo necess\u00e1rio.<br \/>\n<\/em>   <strong>Problemas respirat\u00f3rios:<\/strong> Usar com precau\u00e7\u00e3o em indiv\u00edduos com problemas respirat\u00f3rios, como apneia do sono ou doen\u00e7a pulmonar obstrutiva cr\u00f3nica (DPOC).<br \/>\n<em>   <strong>Doen\u00e7a hep\u00e1tica ou renal:<\/strong> Os doentes com insufici\u00eancia hep\u00e1tica ou renal podem necessitar de ajustes de dose.<br \/>\n<\/em>   <strong>Doentes idosos:<\/strong> Os idosos s\u00e3o mais suscet\u00edveis aos efeitos sedativos e podem apresentar um maior risco de quedas.<br \/>\n<em>   <strong>Conduzir e utilizar m\u00e1quinas:<\/strong> O lorazepam pode prejudicar o discernimento, a coordena\u00e7\u00e3o e as capacidades motoras. Evite conduzir ou utilizar m\u00e1quinas pesadas at\u00e9 saber como este medicamento o afeta.<\/p>\n<p>Se apresentar efeitos secund\u00e1rios graves ou persistentes, procure imediatamente um m\u00e9dico. O nosso compromisso \u00e9 fornecer-lhe medicamentos seguros e genu\u00ednos. <strong>Comprar Lorazepam online<\/strong>.<\/p>\n<h3>Porqu\u00ea escolher-nos para comprar Lorazepam online?<\/h3>\n<p>Somos mais do que uma farm\u00e1cia online; somos o seu parceiro de confian\u00e7a na gest\u00e3o da sa\u00fade. O nosso compromisso com a satisfa\u00e7\u00e3o do cliente, a privacidade e... <strong>envio r\u00e1pido<\/strong> \u00e9 o que nos diferencia.<\/p>\n<p><strong>Principais vantagens:<\/strong><\/p>\n<p><\/em>   <strong>Ampla abrang\u00eancia europeia:<\/strong> Entregamos discretamente em Espanha, It\u00e1lia, Alemanha, Holanda, Pol\u00f3nia e Reino Unido, facilitando-lhe o processo. <strong>Comprar Lorazepam online<\/strong> N\u00e3o importa onde se encontra na Europa.<br \/>\n<em>   <strong>Autenticidade do produto:<\/strong> Garantimos a qualidade e a autenticidade de todos os nossos produtos. Quando voc\u00ea <strong>comprar comprimidos de Lorazepam<\/strong>Ao adquirir este produto, estar\u00e1 a receber medicamentos aut\u00eanticos de fabricantes de renome.<br \/>\n<\/em>   <strong>Secure Ordering Process:<\/strong> O nosso site \u00e9 seguro e f\u00e1cil de utilizar, garantindo a prote\u00e7\u00e3o das suas informa\u00e7\u00f5es pessoais e de pagamento.<br \/>\n<em>   <strong>Apoio ao cliente:<\/strong> A nossa dedicada equipa de atendimento ao cliente est\u00e1 dispon\u00edvel para responder a quaisquer perguntas que possa ter sobre o seu pedido ou os nossos produtos.<br \/>\n<\/em>   <strong>Pre\u00e7os competitivos:<\/strong> Esfor\u00e7amo-nos por oferecer pre\u00e7os competitivos em todos os nossos medicamentos, tornando os tratamentos essenciais mais acess\u00edveis.<\/p>\n<h3>Como comprar Lorazepam online com entrega r\u00e1pida<\/h3>\n<p>O processo de compra de Lorazepam na nossa farm\u00e1cia online foi desenvolvido para sua facilidade e conveni\u00eancia.<\/p>\n<p>1.  <strong>Confira a nossa sele\u00e7\u00e3o:<\/strong> Navegue no nosso site intuitivo para encontrar o produto Lorazepam de que necessita, selecionando a dosagem e a quantidade adequadas.<br \/>\n2.  <strong>Adicionar ao carrinho:<\/strong> Adicione os artigos escolhidos ao seu carrinho de compras seguro.<br \/>\n3.  <strong>Confira:<\/strong> Prossiga para o nosso processo de finaliza\u00e7\u00e3o de compra seguro. Ser-lhe-\u00e1 solicitado que insira os seus dados de envio.<br \/>\n4.  <strong>Pagamento:<\/strong> Escolha entre as nossas diversas op\u00e7\u00f5es de pagamento seguras.<br \/>\n5.  <strong>Entrega discreta:<\/strong> Assim que o seu pedido for confirmado, ser\u00e1 cuidadosamente embalado e enviado para [localiza\u00e7\u00e3o do produto]. <strong>envio r\u00e1pido<\/strong> Para o endere\u00e7o europeu que especificar. Receber\u00e1 informa\u00e7\u00f5es de rastreamento para acompanhar a sua entrega.<\/p>\n<p>Estamos empenhados em proporcionar uma experi\u00eancia perfeita a todos os que procuram <strong>Comprar Lorazepam online<\/strong>A nossa miss\u00e3o \u00e9 garantir que recebe os seus medicamentos com seguran\u00e7a, discri\u00e7\u00e3o e rapidez. Confie em n\u00f3s como o seu fornecedor online de confian\u00e7a para todas as suas necessidades de medicamentos. Quando precisar de <strong>comprar Lorazepam<\/strong>Escolha a op\u00e7\u00e3o que priorize a sua conveni\u00eancia, privacidade e entrega r\u00e1pida.<\/p>","protected":false},"excerpt":{"rendered":"<p>Sente-se sobrecarregado(a) pela ansiedade? O Lorazepam, tamb\u00e9m conhecido como Ativan, pode oferecer al\u00edvio ao acalmar a atividade cerebral. Oferecemos esta benzodiazepina eficaz em comprimidos de dosagem conveniente, facilitando o controlo dos seus sintomas. Basta preencher uma breve avalia\u00e7\u00e3o online para verificar se o Lorazepam \u00e9 adequado para si e desfrutar de uma entrega r\u00e1pida e discreta em sua casa.<\/p>","protected":false},"featured_media":10687,"template":"","meta":[],"product_brand":[],"product_cat":[439],"product_tag":[929,944,917,941,945,921,942,802,943,946],"class_list":{"0":"post-10672","1":"product","2":"type-product","3":"status-publish","4":"has-post-thumbnail","6":"product_cat-anxiety-pills","7":"product_tag-anxiety-medication","8":"product_tag-ativan-online","9":"product_tag-benzodiazepine","10":"product_tag-buy-lorazepam-online","11":"product_tag-discreet-medication-delivery","12":"product_tag-insomnia-relief","13":"product_tag-lorazepam-fast-shipping","14":"product_tag-online-pharmacy","15":"product_tag-order-lorazepam-europe","16":"product_tag-prescription-medication","18":"first","19":"instock","20":"sale","21":"shipping-taxable","22":"purchasable","23":"product-type-variable"},"_links":{"self":[{"href":"https:\/\/capsovia.com\/pt\/wp-json\/wp\/v2\/product\/10672","targetHints":{"allow":["GET"]}}],"collection":[{"href":"https:\/\/capsovia.com\/pt\/wp-json\/wp\/v2\/product"}],"about":[{"href":"https:\/\/capsovia.com\/pt\/wp-json\/wp\/v2\/types\/product"}],"version-history":[{"count":0,"href":"https:\/\/capsovia.com\/pt\/wp-json\/wp\/v2\/product\/10672\/revisions"}],"wp:featuredmedia":[{"embeddable":true,"href":"https:\/\/capsovia.com\/pt\/wp-json\/wp\/v2\/media\/10687"}],"wp:attachment":[{"href":"https:\/\/capsovia.com\/pt\/wp-json\/wp\/v2\/media?parent=10672"}],"wp:term":[{"taxonomy":"product_brand","embeddable":true,"href":"https:\/\/capsovia.com\/pt\/wp-json\/wp\/v2\/product_brand?post=10672"},{"taxonomy":"product_cat","embeddable":true,"href":"https:\/\/capsovia.com\/pt\/wp-json\/wp\/v2\/product_cat?post=10672"},{"taxonomy":"product_tag","embeddable":true,"href":"https:\/\/capsovia.com\/pt\/wp-json\/wp\/v2\/product_tag?post=10672"}],"curies":[{"name":"wp","href":"https:\/\/api.w.org\/{rel}","templated":true}]}}