{"id":10695,"date":"2024-10-04T17:56:40","date_gmt":"2024-10-04T17:56:40","guid":{"rendered":"https:\/\/pharmaplazaonline.com\/?post_type=product&#038;p=10695"},"modified":"2026-04-17T22:31:02","modified_gmt":"2026-04-17T22:31:02","slug":"temazepam-30mg","status":"publish","type":"product","link":"https:\/\/capsovia.com\/pt\/product\/temazepam-30mg\/","title":{"rendered":"Comprar Temazepam 30mg online rapidamente"},"content":{"rendered":"<h2>Compre Temazepam 30mg online rapidamente: A sua fonte fi\u00e1vel para apoio do sono de a\u00e7\u00e3o r\u00e1pida<\/h2>\n<p>Est\u00e1 com dificuldades em ter uma noite de sono reparador? Noites em branco deixam-no exausto e improdutivo? N\u00e3o est\u00e1 sozinho. Milh\u00f5es de pessoas em toda a Europa sofrem de ins\u00f3nia e dos efeitos debilitantes que esta pode ter no seu dia-a-dia. Felizmente, existe uma solu\u00e7\u00e3o fi\u00e1vel dispon\u00edvel. Na nossa farm\u00e1cia online de boa reputa\u00e7\u00e3o, compreendemos a necessidade urgente de auxiliares eficazes para o sono, e \u00e9 por isso que facilitamos o acesso aos mesmos. <strong>Comprar Temazepam 30mg online rapidamente<\/strong>Somos um vendedor online de confian\u00e7a de medicamentos de alta qualidade, oferecendo uma forma discreta e conveniente de obter o al\u00edvio que merece, com entrega direta em sua casa em toda a Espanha, It\u00e1lia, Alemanha, Holanda, Pol\u00f3nia e Reino Unido.<\/p>\n<p>A nossa miss\u00e3o \u00e9 fornecer uma plataforma segura e acess\u00edvel para as pessoas que procuram solu\u00e7\u00f5es farmac\u00eauticas sem as habituais dificuldades de obter uma receita m\u00e9dica. Orgulhamo-nos de ser uma fonte fi\u00e1vel de medicamentos, garantindo que, quando se <strong>Comprar Temazepam 30mg online rapidamente<\/strong>Ao comprar connosco, recebe produtos genu\u00ednos que cumprem rigorosos padr\u00f5es de qualidade. Atendemos todo o mercado europeu, compreendendo as diversas necessidades dos nossos clientes e esfor\u00e7ando-nos por oferecer um servi\u00e7o excecional.<\/p>\n<h3>O que \u00e9 o Temazepam 30mg? Compreender a sua solu\u00e7\u00e3o para o sono.<\/h3>\n<p>O temazepam, um medicamento benzodiazep\u00ednico, \u00e9 prescrito principalmente para tratar a ins\u00f3nia de curta dura\u00e7\u00e3o. Atua potenciando os efeitos de um neurotransmissor chamado \u00e1cido gama-aminobut\u00edrico (GABA) no c\u00e9rebro, que tem um efeito calmante, reduzindo a ansiedade e induzindo o sono. Cada c\u00e1psula de temazepam 30 mg cont\u00e9m uma dose precisamente medida, formulada para ser eficaz em adultos com dificuldade em adormecer ou em manter o sono. <strong>Comprar Temazepam 30mg online rapidamente<\/strong> Ao escolher a nossa ferramenta, opta por um poderoso aux\u00edlio para recuperar as suas noites e revitalizar os seus dias.<\/p>\n<p><strong>Key Product Specifications:<\/strong><\/p>\n<p><em>   <strong>Ingrediente ativo:<\/strong> Temazepam<br \/>\n<\/em>   <strong>For\u00e7a:<\/strong> 30 mg por c\u00e1psula<br \/>\n<em>   <strong>Forma:<\/strong> Capsules<br \/>\n<\/em>   <strong>Primary Use:<\/strong> Tratamento da ins\u00f3nia de curta dura\u00e7\u00e3o<\/p>\n<h3>Benef\u00edcios de optar por comprar Temazepam 30mg online rapidamente<\/h3>\n<p>Optar por <strong>Comprar Temazepam 30mg online rapidamente<\/strong> Oferecemos diversas vantagens atrativas para quem procura um al\u00edvio r\u00e1pido e discreto da ins\u00f3nia. O nosso processo online simplificado foi desenvolvido a pensar na sua comodidade e privacidade, garantindo uma experi\u00eancia tranquila e eficiente desde a navega\u00e7\u00e3o at\u00e9 \u00e0 entrega.<\/p>\n<p><strong>Os principais benef\u00edcios incluem:<\/strong><\/p>\n<p><em>   <strong>Rapidez e comodidade:<\/strong> Evite longas consultas m\u00e9dicas e filas de espera na farm\u00e1cia. A nossa plataforma online permite-lhe encomendar os seus medicamentos com apenas alguns cliques, a qualquer hora e em qualquer lugar.<br \/>\n<\/em>   <strong>Entrega discreta:<\/strong> Compreendemos a import\u00e2ncia da privacidade. Todos os pedidos s\u00e3o embalados e enviados discretamente, garantindo que as suas informa\u00e7\u00f5es pessoais e a sua compra permanecem confidenciais.<br \/>\n<em>   <strong>Acessibilidade:<\/strong> Para quem tem dificuldade em obter receitas m\u00e9dicas ou visitar farm\u00e1cias f\u00edsicas, o nosso servi\u00e7o oferece uma alternativa essencial. Facilitamos o processo. <strong>Comprar Temazepam 30mg online rapidamente<\/strong> e receb\u00ea-lo de forma fi\u00e1vel.<br \/>\n<\/em>   <strong>Garantia da Qualidade:<\/strong> Estamos empenhados em fornecer produtos farmac\u00eauticos genu\u00ednos e de alta qualidade, provenientes de fabricantes de confian\u00e7a.<br \/>\n<em>   <strong>Envio para toda a Europa:<\/strong> Fazemos entregas em Espanha, It\u00e1lia, Alemanha, Holanda, Pol\u00f3nia e Reino Unido, tornando o apoio eficaz para um sono tranquilo acess\u00edvel em toda a Europa.<\/p>\n<h3>Posologia e administra\u00e7\u00e3o: como utilizar o temazepam 30 mg de forma eficaz<\/h3>\n<p>A dosagem e administra\u00e7\u00e3o corretas s\u00e3o cruciais para a utiliza\u00e7\u00e3o segura e eficaz do Temazepam. Quando voc\u00ea <strong>Comprar Temazepam 30mg online<\/strong>\u00c9 essencial seguir as orienta\u00e7\u00f5es recomendadas. Tome sempre a c\u00e1psula de acordo com as instru\u00e7\u00f5es do seu profissional de sa\u00fade ou as instru\u00e7\u00f5es que acompanham o medicamento.<\/p>\n<p><strong>Orienta\u00e7\u00f5es gerais de dosagem e administra\u00e7\u00e3o:<\/strong><\/p>\n<p><\/em>   <strong>Dosagem t\u00edpica:<\/strong> Para os adultos, uma dose inicial comum para a ins\u00f3nia \u00e9 geralmente de 7,5 mg a 15 mg, tomada pouco antes de deitar. No entanto, para aqueles que necessitam de um efeito mais forte e foram devidamente orientados ou que procuram uma op\u00e7\u00e3o prontamente dispon\u00edvel, <strong>Comprar Temazepam 30mg online rapidamente<\/strong>A dosagem de 30mg oferece uma solu\u00e7\u00e3o melhorada.<br \/>\n<em>   <strong>Timing:<\/strong> Tome a c\u00e1psula aproximadamente 15 a 30 minutos antes de deitar.<br \/>\n<\/em>   <strong>Dura\u00e7\u00e3o de utiliza\u00e7\u00e3o:<\/strong> O temazepam destina-se apenas a uma utiliza\u00e7\u00e3o a curto prazo (geralmente 2 a 4 semanas). O uso prolongado pode levar \u00e0 depend\u00eancia.<br \/>\n<em>   <strong>Engolir:<\/strong> Engula a c\u00e1psula inteira com um copo de \u00e1gua. N\u00e3o mastigue, esmague ou abra a c\u00e1psula.<br \/>\n<\/em>   <strong>\u00c1lcool:<\/strong> Evite consumir \u00e1lcool enquanto estiver a tomar Temazepam, pois pode intensificar os efeitos sedativos e causar efeitos secund\u00e1rios perigosos.<br \/>\n<em>   <strong>Dose esquecida:<\/strong> Se se esqueceu de uma dose, n\u00e3o a tome no dia seguinte nem duplique a dose. Ignore a dose esquecida e retome o seu esquema regular.<\/p>\n<p>\u00c9 imprescind\u00edvel consultar um profissional de sa\u00fade se tiver alguma d\u00favida sobre a dosagem ou administra\u00e7\u00e3o do Temazepam, mesmo quando se <strong>Comprar Temazepam 30mg online<\/strong>.<\/p>\n<h3>Compreender os usos do Temazepam 30mg: Mais do que dormir<\/h3>\n<p>Embora o Temazepam 30mg seja mais comumente associado ao tratamento da ins\u00f3nia, as suas propriedades tamb\u00e9m podem ser ben\u00e9ficas no controlo de certas condi\u00e7\u00f5es relacionadas com a ansiedade que frequentemente acompanham os dist\u00farbios do sono. Quando voc\u00ea <strong>Comprar Temazepam 30mg online rapidamente<\/strong>Est\u00e1 a ter acesso a um medicamento que pode ajudar a aliviar os sintomas que perturbam a sua paz e bem-estar.<\/p>\n<p><strong>Principais usos e benef\u00edcios:<\/strong><\/p>\n<p><\/em>   <strong>Tratamento da ins\u00f3nia:<\/strong> Reduz eficazmente o tempo necess\u00e1rio para adormecer e diminui o n\u00famero de despertares durante a noite. Ajuda a restabelecer um ciclo de sono mais natural.<br \/>\n<em>   <strong>Redu\u00e7\u00e3o da Ansiedade:<\/strong> Os seus efeitos sedativos e ansiol\u00edticos podem ajudar a acalmar a mente, facilitando o relaxamento e o adormecer, especialmente para indiv\u00edduos cuja ins\u00f3nia \u00e9 desencadeada ou agravada pela ansiedade.<br \/>\n<\/em>   <strong>Al\u00edvio dos sintomas:<\/strong> Proporciona o al\u00edvio t\u00e3o necess\u00e1rio para aqueles que sofrem com os sintomas angustiantes da priva\u00e7\u00e3o de sono, incluindo irritabilidade, fadiga e dificuldade de concentra\u00e7\u00e3o.<br \/>\n<em>   <strong>In\u00edcio de a\u00e7\u00e3o r\u00e1pido:<\/strong> Quando voc\u00ea <strong>Comprar Temazepam 30mg online<\/strong>Pode esperar um in\u00edcio de a\u00e7\u00e3o relativamente r\u00e1pido, auxiliando no sono quando mais necess\u00e1rio.<\/p>\n<h3>Poss\u00edveis efeitos secund\u00e1rios: o que esperar ao comprar Temazepam 30mg online<\/h3>\n<p>Como todos os medicamentos, o Temazepam pode causar efeitos secund\u00e1rios, embora nem todos os doentes os apresentem. \u00c9 importante estar ciente destas poss\u00edveis rea\u00e7\u00f5es, especialmente quando se <strong>Comprar Temazepam 30mg online<\/strong>A maioria dos efeitos secund\u00e1rios s\u00e3o ligeiros e tendem a diminuir \u00e0 medida que o organismo se adapta \u00e0 medica\u00e7\u00e3o.<\/p>\n<p><strong>Efeitos secund\u00e1rios comuns:<\/strong><\/p>\n<p><\/em>   Sonol\u00eancia ou sensa\u00e7\u00e3o de moleza no dia seguinte.<br \/>\n<em>   Tontura<br \/>\n<\/em>   Dor de cabe\u00e7a<br \/>\n<em>   Fadiga<br \/>\n<\/em>   Boca seca<br \/>\n<em>   N\u00e1useas ou v\u00f3mitos<br \/>\n<\/em>   Vis\u00e3o turva<\/p>\n<p><strong>Efeitos secund\u00e1rios menos comuns, mas mais graves:<\/strong><\/p>\n<p><em>   Confus\u00e3o ou problemas de mem\u00f3ria<br \/>\n<\/em>   Altera\u00e7\u00f5es do humor ou do comportamento (ex. agita\u00e7\u00e3o, alucina\u00e7\u00f5es)<br \/>\n<em>   Fraqueza muscular<br \/>\n<\/em>   Dificuldade em urinar<br \/>\n<em>   Sinais de uma rea\u00e7\u00e3o al\u00e9rgica (erup\u00e7\u00e3o cut\u00e2nea, comich\u00e3o, incha\u00e7o, tonturas graves, dificuldade em respirar)<\/p>\n<p>Se apresentar algum efeito secund\u00e1rio grave ou persistente ap\u00f3s o tratamento... <strong>Comprar Temazepam 30mg online<\/strong>Interrompa o uso e procure imediatamente assist\u00eancia m\u00e9dica. \u00c9 fundamental informar o seu m\u00e9dico sobre quaisquer condi\u00e7\u00f5es m\u00e9dicas preexistentes ou outros medicamentos que esteja a tomar para garantir que este \u00e9 o tratamento adequado para si.<\/p>\n<h3>Precau\u00e7\u00f5es e contraindica\u00e7\u00f5es: Utiliza\u00e7\u00e3o segura do temazepam<\/h3>\n<p>Para garantir o uso seguro e respons\u00e1vel do Temazepam, especialmente quando se <strong>Comprar Temazepam 30mg online<\/strong>\u00c9 fundamental estar ciente de certas precau\u00e7\u00f5es e situa\u00e7\u00f5es em que o seu uso pode estar contraindicado.<\/p>\n<p><strong>Precau\u00e7\u00f5es importantes:<\/strong><\/p>\n<p><\/em>   <strong>Depend\u00eancia e Abstin\u00eancia:<\/strong> O uso prolongado de Temazepam pode levar \u00e0 depend\u00eancia f\u00edsica e psicol\u00f3gica. A interrup\u00e7\u00e3o abrupta da medica\u00e7\u00e3o ap\u00f3s utiliza\u00e7\u00e3o prolongada pode resultar em sintomas de abstin\u00eancia.<br \/>\n<em>   <strong>Doentes idosos:<\/strong> Os idosos podem ser mais sens\u00edveis aos efeitos sedativos das benzodiazepinas e apresentam maior risco de quedas e acidentes.<br \/>\n<\/em>   <strong>Problemas respirat\u00f3rios:<\/strong> Os indiv\u00edduos com insufici\u00eancia respirat\u00f3ria grave devem utilizar Temazepam com precau\u00e7\u00e3o.<br \/>\n<em>   <strong>Conduzir e utilizar m\u00e1quinas:<\/strong> Devido aos seus efeitos sedativos, evite conduzir ou utilizar m\u00e1quinas pesadas at\u00e9 saber como o Temazepam o afeta.<br \/>\n<\/em>   <strong>Gravidez e amamenta\u00e7\u00e3o:<\/strong> O temazepam n\u00e3o \u00e9 geralmente recomendado durante a gravidez ou amamenta\u00e7\u00e3o devido aos potenciais riscos para o beb\u00e9.<\/p>\n<p><strong>Contra-indica\u00e7\u00f5es:<\/strong><\/p>\n<p><em>   Hipersensibilidade conhecida ao Temazepam ou a outras benzodiazepinas.<br \/>\n<\/em>   Insufici\u00eancia respirat\u00f3ria grave.<br \/>\n<em>   Insufici\u00eancia hep\u00e1tica grave.<br \/>\n<\/em>   Miastenia grave.<br \/>\n<em>   S\u00edndrome de apneia do sono.<\/p>\n<p>Quando voc\u00ea <strong>Comprar Temazepam 30mg online rapidamente<\/strong>Ao faz\u00ea-lo, confirma que considerou estas precau\u00e7\u00f5es e optou por um medicamento adequado \u00e0s suas necessidades. No entanto, recomendamos sempre a consulta de um profissional de sa\u00fade para obter aconselhamento m\u00e9dico personalizado.<\/p>\n<h3>Porqu\u00ea escolher-nos para comprar Temazepam 30mg online rapidamente?<\/h3>\n<p>Num mundo onde obter medicamentos fi\u00e1veis \u200b\u200bpode ser um desafio, a nossa farm\u00e1cia online destaca-se como um farol de confian\u00e7a e efici\u00eancia. Dedicamo-nos a proporcionar aos nossos clientes europeus um acesso f\u00e1cil e r\u00e1pido a medicamentos essenciais. Ao escolher a nossa farm\u00e1cia online, tem a garantia de uma experi\u00eancia tranquila e eficiente. <strong>Comprar Temazepam 30mg online rapidamente<\/strong> Ao escolher a nossa op\u00e7\u00e3o, est\u00e1 a optar por:<\/p>\n<p><\/em>   <strong>Compromisso inabal\u00e1vel com a qualidade:<\/strong> Os nossos produtos s\u00e3o adquiridos apenas a fabricantes de renome, garantindo autenticidade e efic\u00e1cia.<br \/>\n<em>   <strong>Processo de encomenda simplificado:<\/strong> O nosso site intuitivo facilita a pesquisa, o pedido e o pagamento dos seus medicamentos.<br \/>\n<\/em>   <strong>Confidencialidade garantida:<\/strong> A sua privacidade \u00e9 fundamental. Utilizamos sistemas seguros e embalagens discretas para proteger as suas informa\u00e7\u00f5es pessoais.<br \/>\n<em>   <strong>Ampla presen\u00e7a na Europa:<\/strong> Orgulhamo-nos de enviar produtos para Espanha, It\u00e1lia, Alemanha, Pa\u00edses Baixos, Pol\u00f3nia e Reino Unido, levando solu\u00e7\u00f5es de sono fi\u00e1veis \u200b\u200bmais perto de si.<br \/>\n<\/em>   <strong>Abordagem centrada no cliente:<\/strong> A nossa equipa de suporte est\u00e1 dispon\u00edvel para o(a) ajudar com eventuais d\u00favidas, garantindo uma experi\u00eancia positiva.<\/p>\n<p>N\u00e3o deixe que as noites mal dormidas atrapalhem mais a sua vida. Assuma hoje mesmo o controlo da sua sa\u00fade do sono. Quando precisar de <strong>Comprar Temazepam 30mg online rapidamente<\/strong>Confie no nosso compromisso com a qualidade, discri\u00e7\u00e3o e entrega r\u00e1pida em toda a Europa. Recupere o seu descanso e acorde revigorado e pronto para enfrentar cada dia.<\/p>","protected":false},"excerpt":{"rendered":"<p>Procura uma forma fi\u00e1vel de comprar Temazepam 30mg online? Receba uma entrega r\u00e1pida e recupere um sono reparador com o nosso servi\u00e7o fi\u00e1vel. O Temazepam \u00e9 uma benzodiazepina potente que ajuda a tratar a ins\u00f3nia, promovendo um in\u00edcio de sono mais r\u00e1pido e reduzindo os despertares noturnos. Experimente uma noite de sono mais revigorante e acorde sentindo-se revitalizado. Uma embalagem discreta e um pagamento seguro garantem a sua privacidade e tranquilidade.<\/p>","protected":false},"featured_media":10721,"template":"","meta":[],"product_brand":[],"product_cat":[439],"product_tag":[917,919,920,921,923,922,918],"class_list":{"0":"post-10695","1":"product","2":"type-product","3":"status-publish","4":"has-post-thumbnail","6":"product_cat-anxiety-pills","7":"product_tag-benzodiazepine","8":"product_tag-buy-temazepam-online","9":"product_tag-fast-sleep-aid","10":"product_tag-insomnia-relief","11":"product_tag-order-temazepam-europe","12":"product_tag-sleep-medication","13":"product_tag-temazepam-30mg","15":"first","16":"instock","17":"shipping-taxable","18":"purchasable","19":"product-type-variable"},"_links":{"self":[{"href":"https:\/\/capsovia.com\/pt\/wp-json\/wp\/v2\/product\/10695","targetHints":{"allow":["GET"]}}],"collection":[{"href":"https:\/\/capsovia.com\/pt\/wp-json\/wp\/v2\/product"}],"about":[{"href":"https:\/\/capsovia.com\/pt\/wp-json\/wp\/v2\/types\/product"}],"version-history":[{"count":0,"href":"https:\/\/capsovia.com\/pt\/wp-json\/wp\/v2\/product\/10695\/revisions"}],"wp:featuredmedia":[{"embeddable":true,"href":"https:\/\/capsovia.com\/pt\/wp-json\/wp\/v2\/media\/10721"}],"wp:attachment":[{"href":"https:\/\/capsovia.com\/pt\/wp-json\/wp\/v2\/media?parent=10695"}],"wp:term":[{"taxonomy":"product_brand","embeddable":true,"href":"https:\/\/capsovia.com\/pt\/wp-json\/wp\/v2\/product_brand?post=10695"},{"taxonomy":"product_cat","embeddable":true,"href":"https:\/\/capsovia.com\/pt\/wp-json\/wp\/v2\/product_cat?post=10695"},{"taxonomy":"product_tag","embeddable":true,"href":"https:\/\/capsovia.com\/pt\/wp-json\/wp\/v2\/product_tag?post=10695"}],"curies":[{"name":"wp","href":"https:\/\/api.w.org\/{rel}","templated":true}]}}