{"id":10701,"date":"2024-10-04T17:56:40","date_gmt":"2024-10-04T17:56:40","guid":{"rendered":"https:\/\/pharmaplazaonline.com\/?post_type=product&#038;p=10701"},"modified":"2026-04-17T22:31:25","modified_gmt":"2026-04-17T22:31:25","slug":"diazepam-roche-10mg","status":"publish","type":"product","link":"https:\/\/capsovia.com\/pt\/product\/diazepam-roche-10mg\/","title":{"rendered":"Comprar Diazepam Roche 10mg online rapidamente"},"content":{"rendered":"<p>Descubra uma forma fi\u00e1vel e discreta de comprar Diazepam Roche 10mg. <strong>Comprar Diazepam Roche 10mg online rapidamente<\/strong> Da nossa conceituada farm\u00e1cia online europeia, oferecemos medicamentos de qualidade e entrega r\u00e1pida em Espanha, It\u00e1lia, Alemanha, Pa\u00edses Baixos\/Holanda, Pol\u00f3nia e Reino Unido. Orgulhamo-nos de ser uma fonte de confian\u00e7a para as suas necessidades farmac\u00eauticas.<\/p>\n<h2>Compreender o Diazepam Roche 10mg: O seu relaxante muscular e para a ansiedade de confian\u00e7a<\/h2>\n<p>O Diazepam Roche 10mg \u00e9 um medicamento potente da classe das benzodiazepinas. \u00c9 amplamente reconhecido pela sua efic\u00e1cia no tratamento de diversas condi\u00e7\u00f5es, principalmente perturba\u00e7\u00f5es de ansiedade, espasmos musculares e convuls\u00f5es. Na nossa farm\u00e1cia online, garantimos que pode... <strong>Comprar Diazepam Roche 10mg online rapidamente<\/strong> Com confian\u00e7a, sabendo que est\u00e1 a receber um produto genu\u00edno e de alta qualidade.<\/p>\n<h3>Especifica\u00e7\u00f5es e composi\u00e7\u00e3o principais:<\/h3>\n<p><em>   <strong>Ingrediente ativo:<\/strong> Diazepam<br \/>\n<\/em>   <strong>For\u00e7a:<\/strong> 10 mg por comprimido\/c\u00e1psula<br \/>\n<em>   <strong>Fabricante:<\/strong> Roche (uma empresa farmac\u00eautica reconhecida mundialmente)<br \/>\n<\/em>   <strong>Therapeutic Class:<\/strong> Benzodiazep\u00ednico<br \/>\n<em>   <strong>Formul\u00e1rios dispon\u00edveis:<\/strong> Normalmente comprimidos ou c\u00e1psulas.<\/p>\n<h3>Para que serve o diazepam?<\/h3>\n<p>O diazepam \u00e9 um medicamento vers\u00e1til prescrito para diversos fins terap\u00eauticos. Quando voc\u00ea <strong>Comprar Diazepam Roche 10mg online rapidamente<\/strong>Est\u00e1 a adquirir um tratamento que pode ajudar a aliviar:<\/p>\n<p><\/em>   <strong>Perturba\u00e7\u00f5es de Ansiedade:<\/strong> Particularmente \u00fatil para o al\u00edvio a curto prazo dos sintomas associados \u00e0 ansiedade, ataques de p\u00e2nico e perturba\u00e7\u00e3o de ansiedade generalizada. Atua acalmando o c\u00e9rebro e o sistema nervoso.<br \/>\n<em>   <strong>Espasmos musculares:<\/strong> Eficaz no tratamento de contra\u00e7\u00f5es musculares involunt\u00e1rias e espasmos, frequentemente associados a condi\u00e7\u00f5es como a paralisia cerebral ou o t\u00e9tano.<br \/>\n<\/em>   <strong>Convuls\u00f5es\/Epilepsia:<\/strong> Utilizado como tratamento adjuvante para certos tipos de crises epil\u00e9pticas e no controlo do estado de mal epil\u00e9ptico.<br \/>\n<em>   <strong>Sintomas de abstin\u00eancia alco\u00f3lica:<\/strong> Pode ajudar a controlar os sintomas angustiantes sentidos durante a desintoxica\u00e7\u00e3o alco\u00f3lica.<br \/>\n<\/em>   <strong>Seda\u00e7\u00e3o pr\u00e9-operat\u00f3ria:<\/strong> Por vezes \u00e9 administrado antes dos procedimentos cir\u00fargicos para induzir a calma e reduzir a ansiedade.<\/p>\n<h3>Como funciona o diazepam?<\/h3>\n<p>O diazepam potencia os efeitos de um neurotransmissor chamado \u00e1cido gama-aminobut\u00edrico (GABA) no c\u00e9rebro. O GABA \u00e9 um neurotransmissor inibit\u00f3rio, o que significa que reduz a atividade das c\u00e9lulas nervosas. Ao aumentar o efeito do GABA, o diazepam produz um efeito calmante no sistema nervoso central, levando a uma diminui\u00e7\u00e3o da ansiedade, do relaxamento muscular e da seda\u00e7\u00e3o.<\/p>\n<h3>Dosagem e administra\u00e7\u00e3o: um guia para uma utiliza\u00e7\u00e3o segura.<\/h3>\n<p>Entendemos que queira <strong>Comprar Diazepam Roche 10mg online rapidamente<\/strong>No entanto, o uso respons\u00e1vel \u00e9 fundamental. A posologia de Diazepam Roche 10mg \u00e9 altamente individual e depende da condi\u00e7\u00e3o a tratar, da idade do paciente e do seu estado geral de sa\u00fade.<\/p>\n<p><em>   <strong>Posologia geral para adultos:<\/strong> Para a ansiedade, as doses iniciais t\u00edpicas variam entre 2 mg a 5 mg, duas a quatro vezes por dia. Para casos mais graves de ansiedade ou perturba\u00e7\u00f5es de p\u00e2nico, as doses podem ser aumentadas para 10 mg, duas a quatro vezes por dia. Para os espasmos musculares, as dosagens podem variar significativamente, come\u00e7ando geralmente nos 5 mg e aumentando at\u00e9 aos 10 mg, tr\u00eas a quatro vezes por dia.<br \/>\n<\/em>   <strong>Doentes idosos:<\/strong> A posologia deve ser significativamente reduzida para os doentes idosos devido \u00e0 sua maior sensibilidade \u00e0s benzodiazepinas.<br \/>\n<em>   <strong>Crian\u00e7as:<\/strong> A dosagem para crian\u00e7as \u00e9 determinada por um profissional de sa\u00fade e ajustada com base na idade e no peso.<br \/>\n<\/em>   <strong>Administra\u00e7\u00e3o:<\/strong> O diazepam Roche 10mg \u00e9 geralmente tomado por via oral com \u00e1gua. Pode ser tomado com ou sem alimentos, mas recomenda-se a consist\u00eancia. O seu m\u00e9dico ir\u00e1 aconselh\u00e1-lo sobre o melhor hor\u00e1rio para a administra\u00e7\u00e3o.<br \/>\n<em>   <strong>Dura\u00e7\u00e3o do tratamento:<\/strong> As benzodiazepinas, como o diazepam, s\u00e3o geralmente recomendadas apenas para uso a curto prazo, de forma a minimizar o risco de depend\u00eancia e toler\u00e2ncia.<\/p>\n<p><strong>Nota importante:<\/strong> Siga sempre as instru\u00e7\u00f5es de dosagem fornecidas pelo seu m\u00e9dico ou conforme indicado na embalagem do produto. A automedica\u00e7\u00e3o ou a utiliza\u00e7\u00e3o de doses superiores \u00e0s recomendadas podem ser perigosas.<\/p>\n<h2>Benef\u00edcios de escolher o Diazepam Roche 10mg<\/h2>\n<p>Quando voc\u00ea <strong>Comprar Diazepam Roche 10mg online rapidamente<\/strong> Ao adquirir os nossos produtos na nossa farm\u00e1cia europeia de confian\u00e7a, beneficia de:<\/p>\n<p><\/em>   <strong>Al\u00edvio r\u00e1pido:<\/strong> Experimente um al\u00edvio r\u00e1pido dos sintomas de ansiedade e dos espasmos musculares.<br \/>\n<em>   <strong>Efic\u00e1cia comprovada:<\/strong> O diazepam \u00e9 um medicamento consagrado com um longo historial de sucesso cl\u00ednico.<br \/>\n<\/em>   <strong>Fabricante de renome:<\/strong> A Roche \u00e9 uma marca farmac\u00eautica reconhecida a n\u00edvel global, que garante a qualidade e a seguran\u00e7a dos seus produtos.<br \/>\n<em>   <strong>Conveni\u00eancia:<\/strong> Encomende os seus medicamentos no conforto da sua casa e receba-os discretamente.<br \/>\n<\/em>   <strong>Envio discreto:<\/strong> Compreendemos a import\u00e2ncia da privacidade e garantimos que todas as remessas s\u00e3o tratadas com a m\u00e1xima discri\u00e7\u00e3o em toda a Europa e no Reino Unido.<\/p>\n<h2>Poss\u00edveis efeitos secund\u00e1rios e precau\u00e7\u00f5es<\/h2>\n<p>Embora o Diazepam Roche 10mg seja altamente eficaz, como todos os medicamentos, pode causar efeitos secund\u00e1rios. \u00c9 crucial estar ciente deles antes de o tomar. <strong>Comprar Diazepam Roche 10mg online rapidamente<\/strong>.<\/p>\n<h3>Efeitos secund\u00e1rios comuns:<\/h3>\n<p><em>   Sonol\u00eancia ou letargia<br \/>\n<\/em>   Tontura<br \/>\n<em>   Fadiga<br \/>\n<\/em>   Fraqueza muscular<br \/>\n<em>   Problemas de coordena\u00e7\u00e3o (ataxia)<\/p>\n<h3>Efeitos secund\u00e1rios menos comuns:<\/h3>\n<p><\/em>   Confus\u00e3o<br \/>\n<em>   Dor de cabe\u00e7a<br \/>\n<\/em>   Comprometimento da mem\u00f3ria<br \/>\n<em>   Altera\u00e7\u00f5es na libido<br \/>\n<\/em>   Perturba\u00e7\u00f5es gastrointestinais (ex.: n\u00e1useas, pris\u00e3o de ventre)<br \/>\n<em>   erup\u00e7\u00f5es cut\u00e2neas<\/p>\n<h3>Efeitos secund\u00e1rios graves (Procure assist\u00eancia m\u00e9dica imediata se apresentar):<\/h3>\n<p><\/em>   Rea\u00e7\u00f5es al\u00e9rgicas graves (dificuldade em respirar, incha\u00e7o da face, l\u00e1bios, l\u00edngua ou garganta)<br \/>\n<em>   Rea\u00e7\u00f5es paradoxais (ex.: aumento da agita\u00e7\u00e3o, agressividade, alucina\u00e7\u00f5es)<br \/>\n<\/em>   Pensamentos ou comportamentos suicidas<br \/>\n<em>   Depress\u00e3o respirat\u00f3ria (respira\u00e7\u00e3o lenta ou superficial)<br \/>\n<\/em>   Icter\u00edcia grave<\/p>\n<h3>Precau\u00e7\u00f5es e contraindica\u00e7\u00f5es:<\/h3>\n<p><em>   <strong>Gravidez e amamenta\u00e7\u00e3o:<\/strong> O diazepam pode ser prejudicial para o feto e passar para o leite materno. Deve ser evitado durante a gravidez, durante os planos de gravidez ou durante a amamenta\u00e7\u00e3o, a menos que seja especificamente recomendado por um m\u00e9dico.<br \/>\n<\/em>   <strong>\u00c1lcool e outros depressores do SNC:<\/strong> Evite consumir \u00e1lcool ou outras subst\u00e2ncias que deprimem o sistema nervoso central (por exemplo, opi\u00f3ides, outros sedativos), pois pode intensificar perigosamente os efeitos secund\u00e1rios.<br \/>\n<em>   <strong>Conduzir e utilizar m\u00e1quinas:<\/strong> Devido aos seus efeitos sedativos, o diazepam pode prejudicar a sua capacidade de conduzir ou utilizar m\u00e1quinas pesadas.<br \/>\n<\/em>   <strong>Depend\u00eancia e Abstin\u00eancia:<\/strong> O uso prolongado de diazepam pode levar \u00e0 depend\u00eancia f\u00edsica e psicol\u00f3gica. A interrup\u00e7\u00e3o abrupta pode causar sintomas de abstin\u00eancia, que podem incluir ansiedade, ins\u00f3nia, tremores e, em casos graves, convuls\u00f5es. O tratamento deve ser reduzido gradualmente sob supervis\u00e3o m\u00e9dica.<br \/>\n<em>   <strong>Condi\u00e7\u00f5es m\u00e9dicas subjacentes:<\/strong> Indiv\u00edduos com problemas respirat\u00f3rios graves, doen\u00e7as hep\u00e1ticas ou renais, ou antecedentes de abuso de subst\u00e2ncias devem utilizar o diazepam com extrema precau\u00e7\u00e3o.<br \/>\n<\/em>   <strong>Intera\u00e7\u00f5es medicamentosas:<\/strong> O diazepam pode interagir com outros medicamentos. Informe sempre o seu m\u00e9dico ou farmac\u00eautico sobre todos os outros medicamentos que est\u00e1 a tomar.<\/p>\n<h2>Porqu\u00ea escolher a nossa farm\u00e1cia online para comprar Diazepam Roche 10mg rapidamente?<\/h2>\n<p>Estamos empenhados em prestar um servi\u00e7o seguro, fi\u00e1vel e discreto aos nossos clientes europeus. Quando voc\u00ea <strong>Comprar Diazepam Roche 10mg online rapidamente<\/strong>Voc\u00ea est\u00e1 a escolher:<\/p>\n<p><em>   <strong>Authentic Medications:<\/strong> Os nossos produtos s\u00e3o provenientes de fabricantes de renome, garantindo a autenticidade e a qualidade do Diazepam Roche 10mg.<br \/>\n<\/em>   <strong>Encomendas online seguras:<\/strong> O nosso site emprega medidas de seguran\u00e7a robustas para proteger as suas informa\u00e7\u00f5es pessoais e de pagamento.<br \/>\n<em>   <strong>Embalagem discreta:<\/strong> A sua privacidade \u00e9 a nossa prioridade. Todos os pedidos s\u00e3o enviados em embalagens discretas e sem qualquer indica\u00e7\u00e3o externa do conte\u00fado.<br \/>\n<\/em>   <strong>Envio r\u00e1pido e fi\u00e1vel:<\/strong> Oferecemos servi\u00e7os de entrega r\u00e1pida em toda a Espanha, It\u00e1lia, Alemanha, Holanda, Pol\u00f3nia e Reino Unido. Acompanhe o seu pedido para sua tranquilidade.<br \/>\n<em>   <strong>Apoio ao cliente:<\/strong> A nossa dedicada equipa de atendimento ao cliente est\u00e1 dispon\u00edvel para responder \u00e0s suas perguntas e prestar assist\u00eancia durante todo o processo de compra.<br \/>\n<\/em>   <strong>N\u00e3o \u00e9 necess\u00e1ria receita m\u00e9dica (para esta oferta espec\u00edfica):<\/strong> Compreendemos que, em determinadas circunst\u00e2ncias, o acesso imediato \u00e9 crucial. Oferecemos uma forma simples de obter os seus medicamentos sem necessidade de receita m\u00e9dica. <em>para este produto<\/em>No entanto, recomendamos sempre a consulta de um profissional de sa\u00fade para aconselhamento m\u00e9dico personalizado.<\/p>\n<h2>Conclus\u00e3o: A sua fonte fi\u00e1vel para comprar Diazepam Roche 10mg online rapidamente.<\/h2>\n<p>Se procura uma maneira fi\u00e1vel e r\u00e1pida de <strong>Comprar Diazepam Roche 10mg online rapidamente<\/strong>A nossa farm\u00e1cia europeia \u00e9 o seu principal destino. Oferecemos Diazepam Roche 10mg genu\u00edno, aliado a um compromisso com o envio discreto e um excelente servi\u00e7o ao cliente, o que nos torna um parceiro de confian\u00e7a para as suas necessidades farmac\u00eauticas em toda a Europa e no Reino Unido. D\u00ea prioridade ao seu bem-estar, escolhendo uma forma segura e eficiente de aceder a este medicamento essencial.<\/p>","protected":false},"excerpt":{"rendered":"<p>Precisa de al\u00edvio r\u00e1pido? Compre Diazepam Roche 10mg online e aproveite o nosso servi\u00e7o de entrega \u00e1gil em todo o Reino Unido. Este medicamento fi\u00e1vel \u00e9 utilizado para controlar a ansiedade, a abstin\u00eancia do \u00e1lcool e em diversos procedimentos m\u00e9dicos. Certifique-se de que l\u00ea todas as informa\u00e7\u00f5es de seguran\u00e7a importantes antes de utilizar.<\/p>","protected":false},"featured_media":10724,"template":"","meta":[],"product_brand":[],"product_cat":[439],"product_tag":[929,928,924,932,925,931,867,927,930,926],"class_list":{"0":"post-10701","1":"product","2":"type-product","3":"status-publish","4":"has-post-thumbnail","6":"product_cat-anxiety-pills","7":"product_tag-anxiety-medication","8":"product_tag-buy-benzodiazepines","9":"product_tag-buy-diazepam-roche-10mg","10":"product_tag-diazepam-germany","11":"product_tag-diazepam-online","12":"product_tag-diazepam-uk","13":"product_tag-european-pharmacy","14":"product_tag-fast-diazepam-delivery","15":"product_tag-muscle-relaxant","16":"product_tag-roche-10mg","18":"first","19":"instock","20":"shipping-taxable","21":"purchasable","22":"product-type-variable"},"_links":{"self":[{"href":"https:\/\/capsovia.com\/pt\/wp-json\/wp\/v2\/product\/10701","targetHints":{"allow":["GET"]}}],"collection":[{"href":"https:\/\/capsovia.com\/pt\/wp-json\/wp\/v2\/product"}],"about":[{"href":"https:\/\/capsovia.com\/pt\/wp-json\/wp\/v2\/types\/product"}],"version-history":[{"count":0,"href":"https:\/\/capsovia.com\/pt\/wp-json\/wp\/v2\/product\/10701\/revisions"}],"wp:featuredmedia":[{"embeddable":true,"href":"https:\/\/capsovia.com\/pt\/wp-json\/wp\/v2\/media\/10724"}],"wp:attachment":[{"href":"https:\/\/capsovia.com\/pt\/wp-json\/wp\/v2\/media?parent=10701"}],"wp:term":[{"taxonomy":"product_brand","embeddable":true,"href":"https:\/\/capsovia.com\/pt\/wp-json\/wp\/v2\/product_brand?post=10701"},{"taxonomy":"product_cat","embeddable":true,"href":"https:\/\/capsovia.com\/pt\/wp-json\/wp\/v2\/product_cat?post=10701"},{"taxonomy":"product_tag","embeddable":true,"href":"https:\/\/capsovia.com\/pt\/wp-json\/wp\/v2\/product_tag?post=10701"}],"curies":[{"name":"wp","href":"https:\/\/api.w.org\/{rel}","templated":true}]}}