{"id":10708,"date":"2024-10-04T17:56:40","date_gmt":"2024-10-04T17:56:40","guid":{"rendered":"https:\/\/pharmaplazaonline.com\/?post_type=product&#038;p=10708"},"modified":"2026-04-17T22:31:45","modified_gmt":"2026-04-17T22:31:45","slug":"diazepam-shalina-10mg","status":"publish","type":"product","link":"https:\/\/capsovia.com\/pt\/product\/diazepam-shalina-10mg\/","title":{"rendered":"Compre Diazepam Shalina 10mg online agora"},"content":{"rendered":"<h2>Comprar Diazepam Shalina 10mg online agora \u2013 A sua fonte fi\u00e1vel para o al\u00edvio da ansiedade na Europa.<\/h2>\n<p>Est\u00e1 a lutar contra a ansiedade, espasmos musculares ou ins\u00f3nia? Encontrar um al\u00edvio eficaz e acess\u00edvel \u00e9 crucial para recuperar o seu bem-estar. Na nossa conceituada farm\u00e1cia online, compreendemos os desafios que muitas pessoas enfrentam para obter os medicamentos necess\u00e1rios. \u00c9 por isso que facilitamos e tornamos discreto o processo de compra. <strong>Compre Diazepam Shalina 10mg online agora<\/strong>, oferecendo uma solu\u00e7\u00e3o fi\u00e1vel para particulares em Espanha, It\u00e1lia, Alemanha, Pa\u00edses Baixos, Pol\u00f3nia e em toda a regi\u00e3o europeia, incluindo o Reino Unido.<\/p>\n<p>Somos um vendedor online de confian\u00e7a, dedicado a fornecer produtos farmac\u00eauticos de alta qualidade, incluindo op\u00e7\u00f5es com e sem receita m\u00e9dica. O nosso compromisso com a acessibilidade significa que pode comprar Diazepam Shalina 10mg sem receita m\u00e9dica, simplificando o seu caminho para o conforto e a tranquilidade. Orgulhamo-nos de ser uma fonte de medicamentos fi\u00e1vel, garantindo que todos os produtos que oferecemos cumprem rigorosos padr\u00f5es de qualidade. Ao escolher a nossa loja online, tem a garantia de que est\u00e1 a adquirir o melhor produto poss\u00edvel. <strong>Comprar Diazepam Shalina 10mg online<\/strong> Ao escolher-nos, opta por um parceiro comprometido com a sua sa\u00fade e comodidade.<\/p>\n<h3>Compreender o Diazepam Shalina 10mg: O que \u00e9 e como funciona<\/h3>\n<p>O diazepam, principalmente da marca Shalina, \u00e9 um medicamento consagrado da classe das benzodiazepinas. Estes medicamentos atuam potenciando o efeito de um neurotransmissor chamado \u00e1cido gama-aminobut\u00edrico (GABA) no c\u00e9rebro. O GABA tem um efeito calmante sobre o sistema nervoso central e, ao aumentar a sua atividade, o diazepam ajuda a reduzir a atividade cerebral excessiva, levando a uma sensa\u00e7\u00e3o de relaxamento e tranquilidade.<\/p>\n<p>A Shalina Healthcare \u00e9 uma empresa farmac\u00eautica reconhecida por produzir medicamentos acess\u00edveis e de elevada qualidade. O Diazepam Shalina 10mg foi formulado para oferecer uma efic\u00e1cia consistente, sendo uma escolha popular para o tratamento de diversas condi\u00e7\u00f5es.<\/p>\n<h3>Principais usos e benef\u00edcios do diazepam Shalina 10mg<\/h3>\n<p>A versatilidade do Diazepam Shalina 10mg torna-o uma ferramenta valiosa no tratamento de diversos problemas de sa\u00fade. Quando voc\u00ea <strong>Compre Diazepam Shalina 10mg online agora<\/strong>Est\u00e1 a procurar uma solu\u00e7\u00e3o para:<\/p>\n<p><em>   <strong>Perturba\u00e7\u00f5es de Ansiedade:<\/strong> O diazepam \u00e9 altamente eficaz no controlo a curto prazo dos sintomas de ansiedade, incluindo nervosismo, inquieta\u00e7\u00e3o e preocupa\u00e7\u00e3o excessiva. Pode aliviar o sofrimento f\u00edsico e emocional associado a v\u00e1rios estados de ansiedade, ajudando os indiv\u00edduos a retomar o controlo das suas vidas.<br \/>\n<\/em>   <strong>Espasmos musculares:<\/strong> As suas propriedades relaxantes musculares tornam-no ben\u00e9fico no tratamento de espasmos e rigidez causados \u200b\u200bpor condi\u00e7\u00f5es como paralisia cerebral ou les\u00f5es. Isto pode melhorar significativamente a mobilidade e reduzir o desconforto.<br \/>\n<em>   <strong>Controlo das convuls\u00f5es (terapia adjuvante):<\/strong> Em alguns casos, o diazepam \u00e9 utilizado como terapia adjuvante no tratamento de certos tipos de convuls\u00f5es, embora isto ocorra geralmente sob estrita supervis\u00e3o m\u00e9dica.<br \/>\n<\/em>   <strong>Ins\u00f3nia:<\/strong> Para o tratamento de curta dura\u00e7\u00e3o de dificuldades em dormir, o Diazepam pode ajudar a induzir o sono, resolvendo problemas para adormecer ou manter o sono.<br \/>\n<em>   <strong>S\u00edndrome de abstin\u00eancia alco\u00f3lica:<\/strong> Pode ser utilizado para controlar os sintomas agudos da abstin\u00eancia alco\u00f3lica, como agita\u00e7\u00e3o, tremores e ansiedade.<\/p>\n<p>O principal benef\u00edcio de escolher <strong>Comprar Diazepam Shalina 10mg online<\/strong> \u00c9 o al\u00edvio r\u00e1pido e eficaz que proporciona dos sintomas inc\u00f3modos. Oferece um caminho para uma melhor qualidade de vida, reduzindo o impacto destas condi\u00e7\u00f5es no funcionamento di\u00e1rio.<\/p>\n<h3>Posologia e administra\u00e7\u00e3o: Como tomar Diazepam Shalina 10mg<\/h3>\n<p>A dosagem precisa \u00e9 fundamental para a utiliza\u00e7\u00e3o segura e eficaz de qualquer medicamento. Quando voc\u00ea <strong>Comprar Diazepam Shalina 10mg online<\/strong>\u00c9 crucial seguir a posologia recomendada ou a posologia prescrita pelo seu profissional de sa\u00fade.<\/p>\n<p><\/em>   <strong>Dosagem t\u00edpica:<\/strong> Para os adultos, a dose inicial habitual para a ansiedade \u00e9 de 2 mg a 10 mg, administrada 2 a 4 vezes por dia. No entanto, a dose pode ser ajustada com base na gravidade dos sintomas e na resposta individual.<br \/>\n<em>   <strong>Para espasmos musculares:<\/strong> As doses variam normalmente entre 5 mg a 10 mg, tomadas 3 a 4 vezes por dia.<br \/>\n<\/em>   <strong>Para ins\u00f3nia:<\/strong> Geralmente, toma-se uma dose \u00fanica de 5 mg a 15 mg antes de deitar.<br \/>\n<em>   <strong>Doentes idosos:<\/strong> Doses mais baixas s\u00e3o frequentemente recomendadas para doentes idosos devido ao potencial aumento da sensibilidade.<br \/>\n<\/em>   <strong>Administra\u00e7\u00e3o:<\/strong> Os comprimidos de Diazepam Shalina 10mg devem ser engolidos inteiros com um copo de \u00e1gua. Podem ser tomados com ou sem alimentos.<\/p>\n<p><strong>Nota importante:<\/strong> \u00c9 fundamental seguir as instru\u00e7\u00f5es de dosagem com precis\u00e3o. N\u00e3o exceda a dose recomendada e n\u00e3o tome o medicamento durante mais tempo do que o prescrito. O uso prolongado pode levar \u00e0 depend\u00eancia. Se n\u00e3o tiver a certeza sobre a dosagem correta para as suas necessidades espec\u00edficas, \u00e9 sempre aconselh\u00e1vel consultar um profissional de sa\u00fade. Lembre-se, quando se <strong>Comprar Diazepam Shalina 10mg online<\/strong> N\u00f3s fornecemos a medica\u00e7\u00e3o, mas o aconselhamento m\u00e9dico profissional continua a ser essencial.<\/p>\n<h3>Poss\u00edveis efeitos secund\u00e1rios do diazepam Shalina 10mg<\/h3>\n<p>Como todos os medicamentos, o Diazepam Shalina 10mg pode causar efeitos secund\u00e1rios, embora nem todos os doentes os apresentem. \u00c9 importante estar ciente destas poss\u00edveis rea\u00e7\u00f5es para que possa geri-las adequadamente. Se voc\u00ea <strong>Comprar Diazepam Shalina 10mg online<\/strong>Deve ser informado sobre os poss\u00edveis efeitos secund\u00e1rios:<\/p>\n<p><strong>Efeitos secund\u00e1rios comuns:<\/strong><\/p>\n<p><em>   Sonol\u00eancia e fadiga<br \/>\n<\/em>   Tontura<br \/>\n<em>   Fraqueza muscular<br \/>\n<\/em>   Vis\u00e3o turva<br \/>\n<em>   Dor de cabe\u00e7a<br \/>\n<\/em>   Confus\u00e3o<br \/>\n<em>   Boca seca<\/p>\n<p><strong>Efeitos secund\u00e1rios menos comuns, mas graves:<\/strong><\/p>\n<p><\/em>   <strong>Depend\u00eancia e Abstin\u00eancia:<\/strong> O uso prolongado pode levar \u00e0 depend\u00eancia f\u00edsica e psicol\u00f3gica. A interrup\u00e7\u00e3o abrupta da medica\u00e7\u00e3o ap\u00f3s uma utiliza\u00e7\u00e3o prolongada pode resultar em sintomas de abstin\u00eancia, incluindo ansiedade, ins\u00f3nia, tremores, c\u00e3ibras musculares e at\u00e9 convuls\u00f5es.<br \/>\n<em>   <strong>Rea\u00e7\u00f5es paradoxais:<\/strong> Em casos raros, em vez de acalmar, o diazepam pode provocar um aumento da agita\u00e7\u00e3o, agressividade ou alucina\u00e7\u00f5es.<br \/>\n<\/em>   <strong>Depress\u00e3o respirat\u00f3ria:<\/strong> Especialmente quando tomado em doses elevadas ou em combina\u00e7\u00e3o com outros depressores do sistema nervoso central (como o \u00e1lcool ou os opi\u00f3ides), o diazepam pode diminuir a frequ\u00eancia respirat\u00f3ria.<br \/>\n<em>   <strong>Comprometimento da mem\u00f3ria:<\/strong> Alguns utilizadores podem apresentar amn\u00e9sia anter\u00f3grada, ou seja, dificuldade em formar novas mem\u00f3rias.<\/p>\n<p><strong>Caso apresente algum efeito secund\u00e1rio grave ou persistente, procure imediatamente assist\u00eancia m\u00e9dica.<\/strong> Informe sempre o seu m\u00e9dico ou farmac\u00eautico sobre todos os medicamentos que est\u00e1 a tomar, incluindo produtos de venda livre e suplementos, para evitar poss\u00edveis intera\u00e7\u00f5es.<\/p>\n<h3>Contra-indica\u00e7\u00f5es e precau\u00e7\u00f5es para o Diazepam Shalina 10mg<\/h3>\n<p>Antes de voc\u00ea <strong>Comprar Diazepam Shalina 10mg online<\/strong>Por favor, considere as seguintes contraindica\u00e7\u00f5es e precau\u00e7\u00f5es para garantir a sua seguran\u00e7a:<\/p>\n<p><\/em>   <strong>Alergias:<\/strong> N\u00e3o tome Diazepam se for al\u00e9rgico ao Diazepam ou a outras benzodiazepinas.<br \/>\n<em>   <strong>Miastenia grave:<\/strong> Este medicamento n\u00e3o deve ser utilizado por pessoas com miastenia grave, uma condi\u00e7\u00e3o que causa fraqueza muscular.<br \/>\n<\/em>   <strong>Insufici\u00eancia Respirat\u00f3ria Grave:<\/strong> Recomenda-se precau\u00e7\u00e3o a pessoas com problemas respirat\u00f3rios graves.<br \/>\n<em>   <strong>Insufici\u00eancia hep\u00e1tica ou renal grave:<\/strong> Usar com precau\u00e7\u00e3o em doentes com fun\u00e7\u00e3o hep\u00e1tica ou renal comprometida.<br \/>\n<\/em>   <strong>Apneia do sono:<\/strong> O diazepam pode agravar a apneia do sono.<br \/>\n<em>   <strong>\u00c1lcool e outros sedativos:<\/strong> Evite o consumo de \u00e1lcool e outros depressores do sistema nervoso central enquanto estiver a tomar Diazepam, pois pode aumentar significativamente o risco de efeitos secund\u00e1rios perigosos, incluindo depress\u00e3o respirat\u00f3ria e seda\u00e7\u00e3o profunda.<br \/>\n<\/em>   <strong>Gravidez e amamenta\u00e7\u00e3o:<\/strong> O diazepam n\u00e3o \u00e9 geralmente recomendado durante a gravidez e a amamenta\u00e7\u00e3o devido aos potenciais riscos para o feto ou para o beb\u00e9. Consulte o seu m\u00e9dico se estiver gr\u00e1vida, se planeia engravidar ou se est\u00e1 a amamentar.<br \/>\n<em>   <strong>Conduzir e utilizar m\u00e1quinas:<\/strong> O diazepam pode prejudicar a sua capacidade de conduzir ou utilizar m\u00e1quinas pesadas devido aos seus efeitos sedativos. Evite estas atividades at\u00e9 saber como o medicamento o afeta.<\/p>\n<h3>Porqu\u00ea escolher-nos para comprar Diazepam Shalina 10mg online?<\/h3>\n<p>Quando decidir <strong>Comprar Diazepam Shalina 10mg online<\/strong>Procura um parceiro em quem possa confiar. A nossa farm\u00e1cia online oferece diversas vantagens importantes:<\/p>\n<p><\/em>   <strong>Respeit\u00e1vel e fi\u00e1vel:<\/strong> Somos uma farm\u00e1cia online conceituada em Espanha, empenhada em fornecer medicamentos genu\u00ednos e de alta qualidade. O nosso objetivo \u00e9 tornarmo-nos um fornecedor fi\u00e1vel para todas as suas necessidades farmac\u00eauticas na Europa.<br \/>\n<em>   <strong>N\u00e3o \u00e9 necess\u00e1ria receita m\u00e9dica:<\/strong> Compreendemos que obter uma receita m\u00e9dica pode, por vezes, ser um obst\u00e1culo. Oferecemos a comodidade de comprar Diazepam Shalina 10mg sem receita m\u00e9dica, tornando o al\u00edvio mais acess\u00edvel.<br \/>\n<\/em>   <strong>Envio discreto em toda a Europa:<\/strong> A sua privacidade \u00e9 fundamental. Oferecemos envios discretos para Espanha, It\u00e1lia, Alemanha, Pa\u00edses Baixos, Pol\u00f3nia e Reino Unido. A sua encomenda chegar\u00e1 em seguran\u00e7a e sem qualquer indica\u00e7\u00e3o externa do conte\u00fado, garantindo a sua tranquilidade.<br \/>\n<em>   <strong>Pre\u00e7os competitivos:<\/strong> Esfor\u00e7amo-nos por oferecer pre\u00e7os competitivos para o Diazepam Shalina 10mg e outros medicamentos, tornando os tratamentos essenciais mais acess\u00edveis para os nossos clientes europeus.<br \/>\n<\/em>   <strong>Plataforma f\u00e1cil de utilizar:<\/strong> O nosso site foi concebido para ser f\u00e1cil de utilizar, permitindo-lhe encontrar, encomendar e receber os seus medicamentos de forma r\u00e1pida e eficiente.<br \/>\n*   <strong>Garantia da Qualidade:<\/strong> Obtemos os nossos medicamentos de fabricantes de confian\u00e7a, garantindo que cada produto cumpre os mais elevados padr\u00f5es de qualidade e seguran\u00e7a.<\/p>\n<h3>Perguntas frequentes sobre a compra de diazepam online<\/h3>\n<p><strong>Posso mesmo comprar Diazepam Shalina 10mg sem receita m\u00e9dica aqui?<\/strong><br \/>\nSim, como uma farm\u00e1cia online de boa reputa\u00e7\u00e3o, oferecemos a conveni\u00eancia de comprar Diazepam Shalina 10mg sem necessidade de receita m\u00e9dica. No entanto, recomendamos sempre a consulta de um profissional de sa\u00fade para obter aconselhamento m\u00e9dico personalizado.<\/p>\n<p><strong>Este Diazepam Shalina 10mg \u00e9 aut\u00eantico?<\/strong><br \/>\nCom certeza. Somos um vendedor online de confian\u00e7a, empenhado em fornecer produtos farmac\u00eauticos aut\u00eanticos. A sua sa\u00fade e seguran\u00e7a s\u00e3o as nossas principais prioridades, e garantimos a qualidade e efic\u00e1cia de todos os medicamentos que fornecemos.<\/p>\n<p><strong>Qu\u00e3o discreto \u00e9 o seu envio?<\/strong><br \/>\nO nosso envio \u00e9 extremamente discreto. Todos os pedidos s\u00e3o embalados de forma segura e an\u00f3nima. A embalagem exterior n\u00e3o revela o conte\u00fado da sua encomenda, garantindo a sua privacidade durante todo o processo de entrega. Enviamos discretamente para Espanha, It\u00e1lia, Alemanha, Holanda, Pol\u00f3nia, Europa e Reino Unido.<\/p>\n<p><strong>Quais os prazos de entrega?<\/strong><br \/>\nOs prazos de entrega podem variar consoante a sua localiza\u00e7\u00e3o na Europa. Ap\u00f3s efetuar a compra de Diazepam Shalina 10mg online, receber\u00e1 uma estimativa do prazo de entrega no checkout. O nosso objetivo \u00e9 garantir uma entrega r\u00e1pida e fi\u00e1vel.<\/p>\n<p><strong>E se tiver uma rea\u00e7\u00e3o adversa ao Diazepam?<\/strong><br \/>\nCaso sinta algum efeito secund\u00e1rio adverso ou grave, interrompa imediatamente a utiliza\u00e7\u00e3o e procure assist\u00eancia m\u00e9dica. \u00c9 sempre recomend\u00e1vel discutir quaisquer preocupa\u00e7\u00f5es com um profissional de sa\u00fade.<\/p>\n<h3>Embarque hoje mesmo na sua viagem rumo \u00e0 tranquilidade.<\/h3>\n<p>A ansiedade, a tens\u00e3o muscular e os dist\u00farbios do sono podem afetar significativamente a sua qualidade de vida. N\u00e3o deixe que estes desafios ditem o seu bem-estar. Ao escolher <strong>Compre Diazepam Shalina 10mg online agora<\/strong> Ao adquirir medicamentos na nossa farm\u00e1cia online de confian\u00e7a, d\u00e1 um passo proativo em dire\u00e7\u00e3o a um al\u00edvio eficaz. Oferecemos uma forma segura, conveniente e discreta de aceder a este importante medicamento em toda a Europa. O nosso compromisso em ser uma fonte fi\u00e1vel significa que pode comprar com seguran\u00e7a. Experimente a diferen\u00e7a que os medicamentos acess\u00edveis e de qualidade podem fazer. Fa\u00e7a hoje mesmo a sua encomenda e inicie a sua jornada rumo a uma vida mais tranquila e confort\u00e1vel.<\/p>","protected":false},"excerpt":{"rendered":"<p>Procura al\u00edvio para a ansiedade ou espasmos musculares? O Diazepam Shalina 10mg pode ajudar. Este medicamento fi\u00e1vel, da classe das benzodiazepinas, oferece um al\u00edvio tempor\u00e1rio para a ansiedade ligeira a moderada e pode auxiliar no controlo dos sintomas de abstin\u00eancia alco\u00f3lica. Adquira o seu e sinta-se melhor em breve.<\/p>","protected":false},"featured_media":10726,"template":"","meta":[],"product_brand":[],"product_cat":[439],"product_tag":[935,938,933,940,934,893,937,936,939,861],"class_list":{"0":"post-10708","1":"product","2":"type-product","3":"status-publish","4":"has-post-thumbnail","6":"product_cat-anxiety-pills","7":"product_tag-anxiety-relief-europe","8":"product_tag-buy-benzodiazepines-online","9":"product_tag-buy-diazepam-online","10":"product_tag-diazepam-online-pharmacy","11":"product_tag-diazepam-shalina-10mg","12":"product_tag-european-shipping","13":"product_tag-insomnia-medication","14":"product_tag-muscle-spasms-treatment","15":"product_tag-no-prescription-diazepam","16":"product_tag-trusted-online-seller","18":"first","19":"instock","20":"shipping-taxable","21":"purchasable","22":"product-type-variable"},"_links":{"self":[{"href":"https:\/\/capsovia.com\/pt\/wp-json\/wp\/v2\/product\/10708","targetHints":{"allow":["GET"]}}],"collection":[{"href":"https:\/\/capsovia.com\/pt\/wp-json\/wp\/v2\/product"}],"about":[{"href":"https:\/\/capsovia.com\/pt\/wp-json\/wp\/v2\/types\/product"}],"version-history":[{"count":0,"href":"https:\/\/capsovia.com\/pt\/wp-json\/wp\/v2\/product\/10708\/revisions"}],"wp:featuredmedia":[{"embeddable":true,"href":"https:\/\/capsovia.com\/pt\/wp-json\/wp\/v2\/media\/10726"}],"wp:attachment":[{"href":"https:\/\/capsovia.com\/pt\/wp-json\/wp\/v2\/media?parent=10708"}],"wp:term":[{"taxonomy":"product_brand","embeddable":true,"href":"https:\/\/capsovia.com\/pt\/wp-json\/wp\/v2\/product_brand?post=10708"},{"taxonomy":"product_cat","embeddable":true,"href":"https:\/\/capsovia.com\/pt\/wp-json\/wp\/v2\/product_cat?post=10708"},{"taxonomy":"product_tag","embeddable":true,"href":"https:\/\/capsovia.com\/pt\/wp-json\/wp\/v2\/product_tag?post=10708"}],"curies":[{"name":"wp","href":"https:\/\/api.w.org\/{rel}","templated":true}]}}