{"id":10715,"date":"2024-10-04T17:56:41","date_gmt":"2024-10-04T17:56:41","guid":{"rendered":"https:\/\/pharmaplazaonline.com\/?post_type=product&#038;p=10715"},"modified":"2026-04-17T22:30:42","modified_gmt":"2026-04-17T22:30:42","slug":"xanax-alprazolam-2mg","status":"publish","type":"product","link":"https:\/\/capsovia.com\/pt\/product\/xanax-alprazolam-2mg\/","title":{"rendered":"Comprar Xanax Alprazolam 2mg online rapidamente"},"content":{"rendered":"<p><strong>Comprar Xanax Alprazolam 2mg online rapidamente: A sua fonte fi\u00e1vel para o al\u00edvio da ansiedade na Europa.<\/strong><\/p>\n<p>Sofre de ansiedade persistente, ataques de p\u00e2nico ou stress intenso que interferem com a sua vida di\u00e1ria? Encontrar uma forma fi\u00e1vel e pr\u00e1tica de obter um al\u00edvio eficaz \u00e9 crucial. Compreendemos os desafios que muitas pessoas enfrentam para obter os medicamentos de que necessitam de forma r\u00e1pida e discreta. \u00c9 por isso que nos dedicamos a ser a sua farm\u00e1cia online de confian\u00e7a, oferecendo a oportunidade de... <strong>Comprar Xanax Alprazolam 2mg online rapidamente<\/strong> Com confian\u00e7a e facilidade. Situada como uma farm\u00e1cia online de renome em Espanha, estendemos os nossos servi\u00e7os fi\u00e1veis \u200b\u200bpor toda a Europa, incluindo It\u00e1lia, Alemanha, Pa\u00edses Baixos, Pol\u00f3nia e Reino Unido. A nossa miss\u00e3o \u00e9 fornecer uma plataforma segura e acess\u00edvel para a compra de medicamentos com e sem receita m\u00e9dica, garantindo que recebe os cuidados que merece sem atrasos ou obst\u00e1culos desnecess\u00e1rios.<\/p>\n<p><strong>Compreender o Xanax (Alprazolam) 2mg: Um potente ansiol\u00edtico<\/strong><\/p>\n<p>Xanax, nome comercial do alprazolam, \u00e9 um medicamento benzodiazep\u00ednico amplamente prescrito, utilizado principalmente para tratar perturba\u00e7\u00f5es de ansiedade, perturba\u00e7\u00f5es de p\u00e2nico e a ansiedade associada \u00e0 depress\u00e3o. O alprazolam pertence a uma classe de medicamentos conhecidos como benzodiazepinas, que atuam potenciando o efeito do \u00e1cido gama-aminobut\u00edrico (GABA), uma subst\u00e2ncia qu\u00edmica natural do c\u00e9rebro. O GABA \u00e9 um neurotransmissor que ajuda a acalmar a atividade nervosa, levando \u00e0 redu\u00e7\u00e3o da ansiedade e \u00e0 promo\u00e7\u00e3o do relaxamento.<\/p>\n<p>Quando voc\u00ea <strong>Comprar Xanax Alprazolam 2mg online<\/strong> Ao adquirir connosco, est\u00e1 a receber um medicamento potente, desenvolvido para o al\u00edvio a curto prazo de sintomas significativos de ansiedade. A posologia de 2 mg \u00e9 uma concentra\u00e7\u00e3o comum prescrita, frequentemente utilizada para indiv\u00edduos que necessitam de um efeito terap\u00eautico mais substancial para controlar os seus sintomas angustiantes. \u00c9 fundamental compreender que o Xanax \u00e9 um medicamento que requer uma utiliza\u00e7\u00e3o cuidadosa e o cumprimento das orienta\u00e7\u00f5es recomendadas.<\/p>\n<p><strong>Especifica\u00e7\u00f5es principais do Xanax (Alprazolam) 2mg:<\/strong><\/p>\n<p><em>   <strong>Ingrediente ativo:<\/strong> Alprazolam<br \/>\n<\/em>   <strong>Dosagem:<\/strong> 2 mg por comprimido<br \/>\n<em>   <strong>Forma:<\/strong> Geralmente dispon\u00edvel em comprimidos orais.<br \/>\n<\/em>   <strong>Mecanismo de a\u00e7\u00e3o:<\/strong> Aumenta a neurotransmiss\u00e3o GABA\u00e9rgica para induzir um efeito calmante.<br \/>\n<em>   <strong>Therapeutic Class:<\/strong> Ansiol\u00edtico (anti-ansiedade) e sedativo.<\/p>\n<p><strong>Porqu\u00ea escolher comprar Xanax Alprazolam 2mg online rapidamente?<\/strong><\/p>\n<p>A decis\u00e3o de <strong>Comprar Xanax Alprazolam 2mg online rapidamente<\/strong> A escolha de uma fonte fidedigna como a nossa depende de v\u00e1rios fatores:<\/p>\n<p><\/em>   <strong>Rapidez e comodidade:<\/strong> Sabemos que, quando precisa de al\u00edvio, precisa dele rapidamente. O nosso processo de encomenda simplificado e o envio eficiente garantem que recebe o seu medicamento o mais rapidamente poss\u00edvel.<br \/>\n<em>   <strong>Acessibilidade:<\/strong> Para as pessoas na Europa que possam ter dificuldades em aceder aos seus medicamentos atrav\u00e9s dos canais tradicionais, a nossa plataforma online oferece uma alternativa essencial.<br \/>\n<\/em>   <strong>Envio discreto:<\/strong> Privilegiamos a sua privacidade. Todos os pedidos s\u00e3o enviados discretamente em embalagens neutras, garantindo que as suas informa\u00e7\u00f5es pessoais e a sua compra permanecem confidenciais.<br \/>\n<em>   <strong>Fonte fidedigna:<\/strong> Como vendedor online de confian\u00e7a e fonte segura de medicamentos com e sem receita m\u00e9dica, estamos empenhados em fornecer medicamentos genu\u00ednos e de alta qualidade.<br \/>\n<\/em>   <strong>N\u00e3o \u00e9 necess\u00e1ria receita m\u00e9dica:<\/strong> Oferecemos um processo de compra simplificado, permitindo-lhe <strong>Comprar comprimidos de Xanax Alprazolam 2mg<\/strong> Sem necessidade de receita m\u00e9dica pr\u00e9via, o que facilita o acesso a quem j\u00e1 teve uma prescri\u00e7\u00e3o para o medicamento ou que discutiu os seus sintomas com um profissional de sa\u00fade.<\/p>\n<p><strong>Usos do Xanax (Alprazolam) 2mg<\/strong><\/p>\n<p>O Xanax (Alprazolam) 2mg \u00e9 prescrito principalmente para o tratamento de:<\/p>\n<p><em>   <strong>Perturba\u00e7\u00e3o de Ansiedade Generalizada (TAG):<\/strong> Caracterizada por uma preocupa\u00e7\u00e3o persistente e excessiva com uma variedade de eventos ou atividades.<br \/>\n<\/em>   <strong>S\u00edndrome de p\u00e2nico:<\/strong> Envolve epis\u00f3dios recorrentes e repentinos de medo intenso, acompanhados de sintomas f\u00edsicos como dor no peito, palpita\u00e7\u00f5es card\u00edacas, falta de ar e uma sensa\u00e7\u00e3o de morte iminente.<br \/>\n<em>   <strong>Ansiedade associada \u00e0 depress\u00e3o:<\/strong> Quando os sintomas de ansiedade s\u00e3o uma componente significativa de uma perturba\u00e7\u00e3o depressiva.<\/p>\n<p>\u00c9 importante notar que o Xanax se destina geralmente ao tratamento de curta dura\u00e7\u00e3o destas condi\u00e7\u00f5es. O uso prolongado pode levar \u00e0 depend\u00eancia e \u00e0 toler\u00e2ncia. Se est\u00e1 a considerar o uso de Xanax, consulte um m\u00e9dico antes de iniciar o tratamento. <strong>Comprar comprimidos de Xanax (Alprazolam) 2mg<\/strong> Para o controlo dos sintomas, \u00e9 sempre recomend\u00e1vel utilizar o produto sob a orienta\u00e7\u00e3o de um profissional de sa\u00fade, mesmo quando o compra sem receita m\u00e9dica.<\/p>\n<p><strong>Posologia e administra\u00e7\u00e3o: Como tomar Xanax (Alprazolam) 2 mg<\/strong><\/p>\n<p>A posologia adequada de Xanax (Alprazolam) 2mg pode variar significativamente, dependendo da condi\u00e7\u00e3o individual, da gravidade dos sintomas e da resposta ao tratamento. Quando voc\u00ea <strong>Comprar c\u00e1psulas de Xanax Alprazolam 2mg<\/strong> Ao adquirir comprimidos connosco, \u00e9 crucial seguir as instru\u00e7\u00f5es de dosagem fornecidas ou de acordo com a orienta\u00e7\u00e3o pr\u00e9via de um profissional de sa\u00fade.<\/p>\n<p><\/em>   <strong>Dose inicial t\u00edpica:<\/strong> Para as perturba\u00e7\u00f5es de ansiedade, a dose inicial \u00e9 habitualmente mais baixa, sendo aumentada gradualmente consoante a necessidade e a toler\u00e2ncia.<br \/>\n<em>   <strong>Dose de manuten\u00e7\u00e3o:<\/strong> A posologia \u00e9 ent\u00e3o ajustada para atingir o n\u00edvel desejado de controlo dos sintomas, minimizando os efeitos secund\u00e1rios.<br \/>\n<\/em>   <strong>Maximum Daily Dose:<\/strong> Na maioria dos casos, a dose m\u00e1xima di\u00e1ria recomendada n\u00e3o deve ser excedida.<br \/>\n<em>   <strong>Administra\u00e7\u00e3o:<\/strong> Os comprimidos de Xanax s\u00e3o geralmente tomados por via oral, com ou sem alimentos. Devem ser engolidos inteiros com \u00e1gua; n\u00e3o os esmague, parta ou mastigue, a menos que seja especificamente instru\u00eddo para o fazer.<br \/>\n<\/em>   <strong>Frequ\u00eancia:<\/strong> As doses s\u00e3o geralmente tomadas v\u00e1rias vezes ao dia, dependendo do regime prescrito.<\/p>\n<p><strong>Considera\u00e7\u00f5es importantes antes de comprar Xanax (Alprazolam) 2mg:<\/strong><\/p>\n<p>Embora o nosso objetivo seja facilitar o acesso aos medicamentos, o uso respons\u00e1vel \u00e9 fundamental. Antes de decidir utilizar medicamentos, consulte um m\u00e9dico. <strong>Comprar Xanax Alprazolam 2mg<\/strong> Ao comprar na nossa farm\u00e1cia online, considere o seguinte:<\/p>\n<p><em>   <strong>Consulte um profissional de sa\u00fade:<\/strong> Embora n\u00e3o seja necess\u00e1ria receita m\u00e9dica para comprar atrav\u00e9s da nossa plataforma, recomendamos vivamente que discuta os seus sintomas e op\u00e7\u00f5es de tratamento com um m\u00e9dico ou outro profissional de sa\u00fade qualificado. Podem ajudar a determinar se o Xanax \u00e9 o medicamento certo para si e aconselhar sobre a dosagem e dura\u00e7\u00e3o adequadas do tratamento.<br \/>\n<\/em>   <strong>Potencial para Depend\u00eancia e S\u00edndrome de Abstin\u00eancia:<\/strong> As benzodiazepinas como o Xanax podem levar \u00e0 depend\u00eancia f\u00edsica e psicol\u00f3gica, especialmente com o uso prolongado ou doses elevadas. A interrup\u00e7\u00e3o abrupta da medica\u00e7\u00e3o pode provocar sintomas de abstin\u00eancia, que podem ser graves.<br \/>\n<em>   <strong>Intera\u00e7\u00f5es com outras subst\u00e2ncias:<\/strong> O Xanax pode interagir com outros medicamentos, \u00e1lcool e certas drogas recreativas. Estas intera\u00e7\u00f5es podem aumentar o risco de efeitos secund\u00e1rios graves, incluindo depress\u00e3o respirat\u00f3ria e sobredosagem. Informe sempre o seu m\u00e9dico ou farmac\u00eautico sobre todos os outros medicamentos e subst\u00e2ncias que est\u00e1 a tomar ou tomou.<br \/>\n<\/em>   <strong>Efeitos secund\u00e1rios:<\/strong> Tal como todos os medicamentos, o Xanax pode causar efeitos secund\u00e1rios. Os efeitos secund\u00e1rios comuns incluem sonol\u00eancia, tonturas, vertigens, fadiga e problemas de coordena\u00e7\u00e3o. Efeitos secund\u00e1rios menos comuns, mas mais graves, tamb\u00e9m podem ocorrer.<br \/>\n<em>   <strong>Gravidez e amamenta\u00e7\u00e3o:<\/strong> O Xanax n\u00e3o deve ser utilizado durante a gravidez ou amamenta\u00e7\u00e3o, a menos que seja absolutamente necess\u00e1rio e sob estrita supervis\u00e3o m\u00e9dica.<\/p>\n<p><strong>Compreender os poss\u00edveis efeitos colaterais<\/strong><\/p>\n<p>Quando voc\u00ea <strong>Comprar Xanax Alprazolam 2mg online<\/strong>\u00c9 essencial estar ciente dos poss\u00edveis efeitos secund\u00e1rios. Embora muitos utilizadores sintam al\u00edvio com problemas m\u00ednimos, alguns podem apresentar rea\u00e7\u00f5es adversas.<\/p>\n<p><strong>Efeitos secund\u00e1rios comuns:<\/strong><\/p>\n<p><\/em>   Sonol\u00eancia<br \/>\n<em>   Tontura<br \/>\n<\/em>   Tontura<br \/>\n<em>   Fadiga<br \/>\n<\/em>   Coordena\u00e7\u00e3o prejudicada<br \/>\n<em>   Boca seca<br \/>\n<\/em>   Dor de cabe\u00e7a<br \/>\n<em>   N\u00e1useas<\/p>\n<p><strong>Efeitos secund\u00e1rios menos comuns, mas mais graves:<\/strong><\/p>\n<p><\/em>   Problemas de mem\u00f3ria ou amn\u00e9sia<br \/>\n<em>   Fala arrastada<br \/>\n<\/em>   Altera\u00e7\u00f5es na libido<br \/>\n<em>   Humor deprimido<br \/>\n<\/em>   Risco aumentado de quedas, especialmente nos idosos.<br \/>\n<em>   Rea\u00e7\u00f5es al\u00e9rgicas graves (raras)<br \/>\n<\/em>   Depress\u00e3o respirat\u00f3ria (especialmente quando combinada com outros depressores do sistema nervoso central)<\/p>\n<p>Caso sinta algum efeito secund\u00e1rio grave ou persistente, interrompa a utiliza\u00e7\u00e3o e procure imediatamente um m\u00e9dico.<\/p>\n<p><strong>Quem n\u00e3o deve comprar Xanax (Alprazolam) 2mg?<\/strong><\/p>\n<p>Certas pessoas devem ter extrema cautela ou evitar completamente o Xanax. Isto inclui:<\/p>\n<p><em>   Indiv\u00edduos com antecedentes de abuso de subst\u00e2ncias ou depend\u00eancia.<br \/>\n<\/em>   Pessoas com insufici\u00eancia respirat\u00f3ria grave.<br \/>\n<em>   Doentes com glaucoma agudo de \u00e2ngulo fechado.<br \/>\n<\/em>   Indiv\u00edduos com insufici\u00eancia hep\u00e1tica ou renal grave.<br \/>\n<em>   Mulheres gr\u00e1vidas ou em per\u00edodo de amamenta\u00e7\u00e3o, exceto sob estrita orienta\u00e7\u00e3o m\u00e9dica.<br \/>\n<\/em>   Indiv\u00edduos que tomam certos outros medicamentos, particularmente opi\u00f3ides, outros sedativos ou \u00e1lcool.<\/p>\n<p><strong>Farm\u00e1cia online fi\u00e1vel para as suas necessidades de medicamentos.<\/strong><\/p>\n<p>Orgulhamo-nos de ser um vendedor online de confian\u00e7a e uma fonte segura para as suas necessidades farmac\u00eauticas. Ao escolher a nossa empresa, concorda com os nossos termos e condi\u00e7\u00f5es. <strong>Comprar Xanax Alprazolam 2mg online na Europa<\/strong>Ao escolher este servi\u00e7o, est\u00e1 a optar por:<\/p>\n<p><em>   <strong>Garantia da Qualidade:<\/strong> Obtemos os nossos medicamentos de fabricantes conceituados para garantir que recebe produtos genu\u00ednos e eficazes.<br \/>\n<\/em>   <strong>Atendimento ao Cliente:<\/strong> A nossa equipa dedicada de apoio ao cliente est\u00e1 dispon\u00edvel para responder \u00e0s suas perguntas e ajud\u00e1-lo(a) com os seus pedidos.<br \/>\n<em>   <strong>Transa\u00e7\u00f5es seguras:<\/strong> Utilizamos medidas de seguran\u00e7a robustas para proteger as suas informa\u00e7\u00f5es pessoais e financeiras durante as transa\u00e7\u00f5es online.<br \/>\n<\/em>   <strong>Entrega eficiente:<\/strong> Compreendemos a urg\u00eancia, e a nossa log\u00edstica foi planeada para entregar os seus medicamentos de forma r\u00e1pida e discreta.<\/p>\n<p><strong>Envio discreto para toda a Europa e Reino Unido.<\/strong><\/p>\n<p>Compreendemos a import\u00e2ncia da privacidade. Portanto, quando voc\u00ea <strong>Comprar Xanax Alprazolam 2mg online<\/strong>Todas as remessas s\u00e3o tratadas com a m\u00e1xima discri\u00e7\u00e3o. Os seus medicamentos ser\u00e3o embalados em envelopes ou caixas sem identifica\u00e7\u00e3o, sem qualquer indica\u00e7\u00e3o do conte\u00fado no exterior. Isto garante a sua privacidade durante todo o processo de entrega. A nossa rede de distribui\u00e7\u00e3o abrange:<\/p>\n<p><em>   Espanha<br \/>\n<\/em>   It\u00e1lia<br \/>\n<em>   Alemanha<br \/>\n<\/em>   Pa\u00edses Baixos<br \/>\n<em>   Pol\u00f3nia<br \/>\n<\/em>   Reino Unido<br \/>\n<em>   E outros pa\u00edses europeus<\/p>\n<p><strong>Perguntas frequentes sobre a compra de Xanax (Alprazolam) 2mg online<\/strong><\/p>\n<p><\/em>   <strong>\u00c9 seguro comprar Xanax (Alprazolam) 2mg online sem receita m\u00e9dica?<\/strong> Embora ofere\u00e7amos esta op\u00e7\u00e3o, recomendamos vivamente que consulte um profissional de sa\u00fade para garantir que o Xanax \u00e9 adequado \u00e0 sua condi\u00e7\u00e3o e que compreende os riscos e benef\u00edcios. O uso respons\u00e1vel \u00e9 fundamental.<br \/>\n<em>   <strong>Quanto tempo demora o envio?<\/strong> Os prazos de entrega variam consoante a sua localiza\u00e7\u00e3o na Europa, mas esfor\u00e7amo-nos para entregar o mais rapidamente poss\u00edvel. Receber\u00e1 uma estimativa do prazo de entrega durante o processo de finaliza\u00e7\u00e3o da compra.<br \/>\n<\/em>   <strong>Posso acompanhar o meu pedido?<\/strong> Sim, assim que o seu pedido for enviado, receber\u00e1 um n\u00famero de seguimento que lhe permitir\u00e1 acompanhar o progresso da entrega.<br \/>\n<em>   <strong>Que m\u00e9todos de pagamento aceitam?<\/strong> Aceitamos diversos m\u00e9todos de pagamento seguros. Consulte a nossa p\u00e1gina de op\u00e7\u00f5es de pagamento para mais detalhes.<br \/>\n<\/em>   <strong>E se tiver uma rea\u00e7\u00e3o adversa ao Xanax?<\/strong> Caso sinta algum efeito secund\u00e1rio grave ou preocupante, interrompa imediatamente a utiliza\u00e7\u00e3o e procure assist\u00eancia m\u00e9dica.<\/p>\n<p><strong>Conclus\u00e3o: O seu caminho para o al\u00edvio da ansiedade come\u00e7a aqui.<\/strong><\/p>\n<p>Para os indiv\u00edduos que procuram um al\u00edvio eficaz e atempado das perturba\u00e7\u00f5es de ansiedade e p\u00e2nico, a op\u00e7\u00e3o de <strong>Comprar Xanax Alprazolam 2mg online rapidamente<\/strong> Obter os seus medicamentos de uma fonte fidedigna \u00e9 fundamental. O nosso compromisso \u00e9 ser uma farm\u00e1cia online discreta, fi\u00e1vel e acess\u00edvel, que serve toda a Europa. Privilegiando a qualidade, a privacidade e a satisfa\u00e7\u00e3o do cliente, procuramos tornar a obten\u00e7\u00e3o dos seus medicamentos o mais simples poss\u00edvel. Lembre-se: embora ofere\u00e7amos a comodidade que procura, a utiliza\u00e7\u00e3o respons\u00e1vel e a consulta com profissionais de sa\u00fade s\u00e3o sempre recomendadas para o seu bem-estar. A sua jornada para controlar a ansiedade e melhorar a sua qualidade de vida pode come\u00e7ar hoje mesmo com o nosso servi\u00e7o de confian\u00e7a.<\/p>","protected":false},"excerpt":{"rendered":"<p>Precisa de al\u00edvio r\u00e1pido para a ansiedade ou p\u00e2nico? Os nossos comprimidos de Xanax (Alprazolam) 2mg podem proporcionar um controlo r\u00e1pido e eficaz tanto para a ansiedade generalizada como para as perturba\u00e7\u00f5es de p\u00e2nico. Esta benzodiazepina de a\u00e7\u00e3o curta atua acalmando o sistema nervoso central, oferecendo uma solu\u00e7\u00e3o r\u00e1pida quando mais precisa. Sinta-se tranquilo e recupere o controlo com a nossa farm\u00e1cia online de confian\u00e7a. Receba o seu Xanax (Alprazolam) 2mg de forma r\u00e1pida e discreta.<\/p>","protected":false},"featured_media":10728,"template":"","meta":[],"product_brand":[],"product_cat":[439],"product_tag":[863,915,917,913,914,832,892,802,916,862],"class_list":{"0":"post-10715","1":"product","2":"type-product","3":"status-publish","4":"has-post-thumbnail","6":"product_cat-anxiety-pills","7":"product_tag-alprazolam-2mg","8":"product_tag-anxiety-relief","9":"product_tag-benzodiazepine","10":"product_tag-buy-xanax","11":"product_tag-buy-xanax-online","12":"product_tag-discreet-shipping","13":"product_tag-fast-shipping","14":"product_tag-online-pharmacy","15":"product_tag-panic-disorder","16":"product_tag-xanax-online","18":"first","19":"instock","20":"sale","21":"shipping-taxable","22":"purchasable","23":"product-type-variable"},"_links":{"self":[{"href":"https:\/\/capsovia.com\/pt\/wp-json\/wp\/v2\/product\/10715","targetHints":{"allow":["GET"]}}],"collection":[{"href":"https:\/\/capsovia.com\/pt\/wp-json\/wp\/v2\/product"}],"about":[{"href":"https:\/\/capsovia.com\/pt\/wp-json\/wp\/v2\/types\/product"}],"version-history":[{"count":0,"href":"https:\/\/capsovia.com\/pt\/wp-json\/wp\/v2\/product\/10715\/revisions"}],"wp:featuredmedia":[{"embeddable":true,"href":"https:\/\/capsovia.com\/pt\/wp-json\/wp\/v2\/media\/10728"}],"wp:attachment":[{"href":"https:\/\/capsovia.com\/pt\/wp-json\/wp\/v2\/media?parent=10715"}],"wp:term":[{"taxonomy":"product_brand","embeddable":true,"href":"https:\/\/capsovia.com\/pt\/wp-json\/wp\/v2\/product_brand?post=10715"},{"taxonomy":"product_cat","embeddable":true,"href":"https:\/\/capsovia.com\/pt\/wp-json\/wp\/v2\/product_cat?post=10715"},{"taxonomy":"product_tag","embeddable":true,"href":"https:\/\/capsovia.com\/pt\/wp-json\/wp\/v2\/product_tag?post=10715"}],"curies":[{"name":"wp","href":"https:\/\/api.w.org\/{rel}","templated":true}]}}