{"id":10820,"date":"2024-10-04T17:56:58","date_gmt":"2024-10-04T17:56:58","guid":{"rendered":"https:\/\/pharmaplazaonline.com\/?post_type=product&#038;p=10820"},"modified":"2026-04-18T01:57:26","modified_gmt":"2026-04-18T01:57:26","slug":"buy-tramadol-200mg","status":"publish","type":"product","link":"https:\/\/capsovia.com\/pt\/product\/buy-tramadol-200mg\/","title":{"rendered":"Comprar Tramadol 200mg online rapidamente"},"content":{"rendered":"<h2>Comprar Tramadol 200mg online rapidamente: A sua fonte fi\u00e1vel para o al\u00edvio eficaz da dor na Europa.<\/h2>\n<p>Bem-vindo \u00e0 nossa conceituada farm\u00e1cia online, o seu principal destino em Espanha e em toda a Europa para um acesso conveniente e discreto a medicamentos essenciais. Compreendemos os desafios do controlo da dor e, por isso, oferecemos um servi\u00e7o fi\u00e1vel. <strong>Comprar Tramadol 200mg online rapidamente<\/strong>Se est\u00e1 a sentir dores moderadas a moderadamente intensas, o Tramadol \u00e9 um analg\u00e9sico amplamente prescrito e conhecido pela sua efic\u00e1cia. Aqui, pode comprar com seguran\u00e7a comprimidos de Tramadol 200mg, bem como uma vasta gama de medicamentos e medicamentos n\u00e3o sujeitos a receita m\u00e9dica, com entrega segura em sua casa em toda a Espanha, It\u00e1lia, Alemanha, Holanda, Pol\u00f3nia e Reino Unido.<\/p>\n<h3>Compreender o Tramadol 200mg: O que \u00e9 e como funciona<\/h3>\n<p>O cloridrato de tramadol, subst\u00e2ncia ativa do Tramadol 200 mg, \u00e9 um analg\u00e9sico opi\u00f3ide sint\u00e9tico de a\u00e7\u00e3o central. Atua alterando a forma como o corpo perceciona a dor, proporcionando um al\u00edvio significativo para diversos tipos de desconforto. \u00c9 um medicamento habitualmente utilizado para o tratamento de dores moderadas a moderadamente intensas, sejam elas agudas (de curta dura\u00e7\u00e3o) ou cr\u00f3nicas (de longa dura\u00e7\u00e3o).<\/p>\n<p><strong>Principais caracter\u00edsticas do Tramadol 200mg:<\/strong><\/p>\n<p><em>   <strong>Ingrediente ativo:<\/strong> Cloridrato de Tramadol<br \/>\n<\/em>   <strong>Dosagem:<\/strong> 200 mg por comprimido<br \/>\n<em>   <strong>Formula\u00e7\u00e3o:<\/strong> Geralmente apresentado sob a forma de comprimidos ou c\u00e1psulas de liberta\u00e7\u00e3o imediata.<br \/>\n<\/em>   <strong>Mecanismo de a\u00e7\u00e3o:<\/strong> O tramadol atua no sistema nervoso central ligando-se a recetores espec\u00edficos no c\u00e9rebro envolvidos na transmiss\u00e3o da dor. Possui tamb\u00e9m um mecanismo secund\u00e1rio que aumenta os n\u00edveis de certos neurotransmissores, contribuindo ainda mais para os seus efeitos analg\u00e9sicos. Esta dupla a\u00e7\u00e3o torna-o eficaz para uma vasta gama de condi\u00e7\u00f5es dolorosas.<\/p>\n<h3>Quando considerar comprar Tramadol 200mg online<\/h3>\n<p>O Tramadol 200mg \u00e9 um medicamento potente de prescri\u00e7\u00e3o para o al\u00edvio da dor. \u00c9 frequentemente recomendado quando os analg\u00e9sicos de venda livre s\u00e3o insuficientes. As condi\u00e7\u00f5es comuns para as quais o Tramadol pode ser prescrito incluem:<\/p>\n<p><em>   <strong>Dor p\u00f3s-operat\u00f3ria:<\/strong> Ap\u00f3s procedimentos cir\u00fargicos.<br \/>\n<\/em>   <strong>Dor associada a les\u00f5es:<\/strong> Como entorses, distens\u00f5es ou fraturas.<br \/>\n<em>   <strong>Condi\u00e7\u00f5es de dor cr\u00f3nica:<\/strong> Artrite, dor nas costas, fibromialgia e dor neurop\u00e1tica.<br \/>\n<\/em>   <strong>Dor oncol\u00f3gica:<\/strong> Quando outros tratamentos n\u00e3o s\u00e3o totalmente eficazes.<br \/>\n<em>   <strong>C\u00f3licas menstruais:<\/strong> Dismenorreia grave.<\/p>\n<p>\u00c9 importante consultar um profissional de sa\u00fade para determinar se o Tramadol 200mg \u00e9 a escolha certa para as suas necessidades espec\u00edficas de controlo da dor.<\/p>\n<h3>Como tomar Tramadol 200mg: Posologia e orienta\u00e7\u00f5es de administra\u00e7\u00e3o<\/h3>\n<p>Quando decidir <strong>Comprar Tramadol 200mg online rapidamente<\/strong> A partir da nossa plataforma fi\u00e1vel, a dosagem e a administra\u00e7\u00e3o corretas s\u00e3o cruciais para a seguran\u00e7a e efic\u00e1cia. \u00c9 essencial seguir as instru\u00e7\u00f5es fornecidas pelo seu profissional de sa\u00fade ou as informa\u00e7\u00f5es de dosagem na embalagem do produto.<\/p>\n<p><strong>Recomenda\u00e7\u00f5es posol\u00f3gicas gerais (consulte sempre o seu m\u00e9dico):<\/strong><\/p>\n<p><\/em>   <strong>Dose inicial t\u00edpica para adultos:<\/strong> 50 mg a 100 mg a cada 4 a 6 horas, conforme necess\u00e1rio para o al\u00edvio da dor.<br \/>\n<em>   <strong>Dose m\u00e1xima di\u00e1ria:<\/strong> Em geral, a dose m\u00e1xima di\u00e1ria n\u00e3o deve exceder os 400 mg para adultos.<br \/>\n<\/em>   <strong>Ajustes de dosagem:<\/strong> O seu m\u00e9dico poder\u00e1 ajustar a dose com base na intensidade da sua dor, na sua resposta ao medicamento e em eventuais problemas de sa\u00fade subjacentes.<br \/>\n<em>   <strong>Administra\u00e7\u00e3o:<\/strong> Os comprimidos de tramadol 200 mg devem ser engolidos inteiros com um copo de \u00e1gua. Podem ser tomados com ou sem alimentos, mas, se tomados com alimentos, podem ajudar a reduzir o desconforto estomacal.<br \/>\n<\/em>   <strong>N\u00e3o esmague nem mastigue:<\/strong> Tome sempre os comprimidos ou c\u00e1psulas inteiros.<br \/>\n<em>   <strong>Dose esquecida:<\/strong> Se se esquecer de tomar uma dose, tome-a assim que se lembrar, a menos que esteja perto da hora da dose seguinte. Nesse caso, ignore a dose esquecida e continue com o seu esquema posol\u00f3gico regular. N\u00e3o tome duas doses ao mesmo tempo.<\/p>\n<p><strong>Considera\u00e7\u00f5es importantes sobre o uso de tramadol:<\/strong><\/p>\n<p><\/em>   <strong>Dosagem regular:<\/strong> Para as dores cr\u00f3nicas, a administra\u00e7\u00e3o regular pode ser mais eficaz do que tomar o medicamento apenas quando ocorre dor.<br \/>\n<em>   <strong>Dura\u00e7\u00e3o de utiliza\u00e7\u00e3o:<\/strong> O tramadol \u00e9 geralmente indicado para utiliza\u00e7\u00e3o a curto prazo. O uso prolongado deve ser sempre feito sob estrita supervis\u00e3o m\u00e9dica devido ao risco de depend\u00eancia.<br \/>\n<\/em>   <strong>Doentes idosos e aqueles com insufici\u00eancia renal\/hep\u00e1tica:<\/strong> Podem ser necess\u00e1rios ajustes de dosagem, sendo fundamental consultar um m\u00e9dico.<\/p>\n<h3>Benef\u00edcios de escolher a nossa farm\u00e1cia online para comprar Tramadol 200mg online rapidamente.<\/h3>\n<p>No mundo acelerado de hoje, a conveni\u00eancia e a fiabilidade s\u00e3o fundamentais. A nossa farm\u00e1cia online dedica-se a proporcionar uma experi\u00eancia tranquila e segura para todas as suas necessidades de medica\u00e7\u00e3o. Ao escolher a nossa farm\u00e1cia online, ter\u00e1 a garantia de uma experi\u00eancia tranquila e segura para todas as suas necessidades de medica\u00e7\u00e3o. <strong>Comprar Tramadol 200mg online rapidamente<\/strong> Ao contratar-nos, beneficia de:<\/p>\n<p><em>   <strong>Envio discreto e seguro:<\/strong> Compreendemos a import\u00e2ncia da privacidade. Todas as nossas encomendas s\u00e3o enviadas discretamente, sem qualquer indica\u00e7\u00e3o externa do conte\u00fado. Enviamos para toda a Europa, incluindo Espanha, It\u00e1lia, Alemanha, Pa\u00edses Baixos, Pol\u00f3nia e Reino Unido, garantindo que a sua medica\u00e7\u00e3o chega em seguran\u00e7a e confidencialidade.<br \/>\n<\/em>   <strong>Medicamentos genu\u00ednos:<\/strong> Somos um vendedor online de boa reputa\u00e7\u00e3o, empenhado em fornecer medicamentos aut\u00eanticos e de alta qualidade. Pode ter a certeza de que o Tramadol 200mg que nos compra \u00e9 genu\u00edno e cumpre rigorosos padr\u00f5es de qualidade.<br \/>\n<em>   <strong>Conveni\u00eancia e acessibilidade:<\/strong> Obter o al\u00edvio da dor de que tanto precisa nunca foi t\u00e3o f\u00e1cil. Pode encomendar Tramadol 200mg no conforto da sua casa, evitando o inc\u00f3modo de ir a uma farm\u00e1cia f\u00edsica e poss\u00edveis problemas de stock.<br \/>\n<\/em>   <strong>Vasta gama de produtos:<\/strong> Al\u00e9m do Tramadol, oferecemos uma sele\u00e7\u00e3o completa de medicamentos sujeitos a receita m\u00e9dica, produtos de venda livre e artigos de sa\u00fade e bem-estar. Isto torna-nos um local \u00fanico para todas as suas necessidades de sa\u00fade.<br \/>\n<em>   <strong>Apoio ao cliente:<\/strong> A nossa equipa de apoio ao cliente est\u00e1 dispon\u00edvel para ajud\u00e1-lo(a) com qualquer d\u00favida sobre o seu pedido, informa\u00e7\u00f5es sobre o produto ou entrega. O nosso objetivo \u00e9 oferecer um servi\u00e7o de excel\u00eancia e garantir a satisfa\u00e7\u00e3o do cliente.<br \/>\n<\/em>   <strong>Entrega r\u00e1pida e fi\u00e1vel:<\/strong> Damos prioridade \u00e0 entrega r\u00e1pida dos seus medicamentos. A nossa eficiente rede log\u00edstica garante que, quando se <strong>Comprar Tramadol 200mg online rapidamente<\/strong>Chega ao seu destino na Europa de forma r\u00e1pida e fi\u00e1vel.<\/p>\n<h3>Poss\u00edveis efeitos secund\u00e1rios do tramadol 200mg<\/h3>\n<p>Como todos os medicamentos, o Tramadol 200mg pode causar efeitos secund\u00e1rios. Embora nem todos os doentes os apresentem, \u00e9 importante estar atento \u00e0s poss\u00edveis rea\u00e7\u00f5es. Caso sinta algum efeito secund\u00e1rio grave ou persistente, consulte imediatamente o seu m\u00e9dico.<\/p>\n<p><strong>Efeitos secund\u00e1rios comuns:<\/strong><\/p>\n<p><em>   N\u00e1useas e v\u00f3mitos<br \/>\n<\/em>   Pris\u00e3o de ventre<br \/>\n<em>   Tonturas e sonol\u00eancia<br \/>\n<\/em>   Dor de cabe\u00e7a<br \/>\n<em>   Boca seca<br \/>\n<\/em>   Suando<\/p>\n<p><strong>Efeitos secund\u00e1rios menos comuns, mas graves:<\/strong><\/p>\n<p><em>   <strong>S\u00edndrome serotonin\u00e9rgica:<\/strong> Esta \u00e9 uma condi\u00e7\u00e3o potencialmente fatal que pode ocorrer se o Tramadol for tomado com outros medicamentos que afetam os n\u00edveis de serotonina (por exemplo, certos antidepressivos). Os sintomas incluem agita\u00e7\u00e3o, alucina\u00e7\u00f5es, batimentos card\u00edacos acelerados, febre e rigidez muscular.<br \/>\n<\/em>   <strong>Depress\u00e3o respirat\u00f3ria:<\/strong> Respira\u00e7\u00e3o lenta ou superficial, especialmente em doses elevadas ou quando combinada com outros depressores do sistema nervoso central.<br \/>\n<em>   <strong>Convuls\u00f5es:<\/strong> O tramadol pode diminuir o limiar convulsivo, aumentando o risco de convuls\u00f5es, particularmente em indiv\u00edduos com antecedentes de epilepsia.<br \/>\n<\/em>   <strong>Rea\u00e7\u00f5es al\u00e9rgicas:<\/strong> Erup\u00e7\u00e3o cut\u00e2nea, comich\u00e3o, incha\u00e7o (especialmente na face, l\u00edngua ou garganta), tonturas intensas, dificuldade em respirar.<br \/>\n<em>   <strong>Depend\u00eancia e V\u00edcio:<\/strong> O uso prolongado de Tramadol pode levar \u00e0 depend\u00eancia f\u00edsica e psicol\u00f3gica. \u00c9 crucial utilizar este medicamento apenas conforme prescrito e sob supervis\u00e3o m\u00e9dica.<\/p>\n<p><strong>Nota importante:<\/strong> Se estiver a tomar outros medicamentos ou tiver alguma condi\u00e7\u00e3o m\u00e9dica pr\u00e9-existente, \u00e9 fundamental informar o seu m\u00e9dico antes de qualquer procedimento. <strong>Comprar Tramadol 200mg online rapidamente<\/strong>Isto \u00e9 particularmente importante se estiver a tomar inibidores da MAO, ISRS ou outros medicamentos que possam interagir com o Tramadol.<\/p>\n<h3>Encomendar Tramadol 200mg: Um processo simples e seguro<\/h3>\n<p>O nosso objetivo \u00e9 tornar o processo de obten\u00e7\u00e3o dos seus medicamentos necess\u00e1rios o mais simples poss\u00edvel. Quando opta por <strong>Comprar Tramadol 200mg online rapidamente<\/strong> Na nossa plataforma, pode esperar uma experi\u00eancia segura e f\u00e1cil de utilizar. A nossa plataforma online segura foi concebida para proteger as suas informa\u00e7\u00f5es confidenciais, garantindo transa\u00e7\u00f5es seguras sempre. Navegue pela nossa vasta sele\u00e7\u00e3o, adicione Tramadol 200mg ou qualquer outro artigo desejado ao seu carrinho e prossiga para um processo de finaliza\u00e7\u00e3o de compra simples. Oferecemos diversas op\u00e7\u00f5es de pagamento para sua conveni\u00eancia.<\/p>\n<h3>Perguntas frequentes sobre a compra de Tramadol 200mg online<\/h3>\n<p><\/em>   <strong>\u00c9 legal comprar Tramadol 200mg online na Europa?<\/strong><br \/>\n    A legalidade da compra de medicamentos sujeitos a receita m\u00e9dica online varia de pa\u00eds para pa\u00eds. Operamos como uma farm\u00e1cia online de boa reputa\u00e7\u00e3o e garantimos que os nossos processos est\u00e3o em conformidade com as regulamenta\u00e7\u00f5es relevantes nos pa\u00edses europeus em que operamos.<br \/>\n<em>   <strong>As minhas informa\u00e7\u00f5es de pagamento est\u00e3o seguras?<\/strong><br \/>\n    Sim, com certeza. Utilizamos encripta\u00e7\u00e3o avan\u00e7ada e protocolos de seguran\u00e7a para proteger todas as suas informa\u00e7\u00f5es de pagamento e dados pessoais.<br \/>\n<\/em>   <strong>Em quanto tempo receberei o meu pedido?<\/strong><br \/>\n    O nosso objetivo \u00e9 oferecer entregas r\u00e1pidas e fi\u00e1veis. Os prazos de entrega podem variar dependendo da sua localiza\u00e7\u00e3o na Europa, mas procuramos processar e expedir os pedidos o mais rapidamente poss\u00edvel.<br \/>\n<em>   <strong>Posso comprar Tramadol 200mg sem receita m\u00e9dica na vossa farm\u00e1cia?<\/strong><br \/>\n    A nossa plataforma foi desenvolvida para pessoas que necessitam de acesso f\u00e1cil a medicamentos. Consulte a p\u00e1gina espec\u00edfica do produto para verificar os requisitos de prescri\u00e7\u00e3o.<br \/>\n<\/em>   <strong>E se tiver algum problema com a minha encomenda ou com o produto?<\/strong><br \/>\n    A nossa equipa de suporte ao cliente est\u00e1 pronta para ajudar. Contacte-nos caso tenha algum problema e faremos o nosso melhor para resolv\u00ea-lo da forma mais eficiente.<\/p>\n<h3>O seu parceiro de confian\u00e7a para o controlo da dor.<\/h3>\n<p>Viver com dor pode afetar significativamente a sua qualidade de vida. Estamos aqui para lhe oferecer uma forma fi\u00e1vel, discreta e eficiente de... <strong>Comprar Tramadol 200mg online rapidamente<\/strong>O nosso compromisso com a qualidade, seguran\u00e7a e satisfa\u00e7\u00e3o do cliente faz de n\u00f3s a escolha preferida de muitos em Espanha e na Europa. N\u00e3o deixe que a dor dite a sua vida; assuma o controlo e encomende hoje o seu Tramadol 200mg. Experimente a conveni\u00eancia e a tranquilidade de escolher uma farm\u00e1cia online fi\u00e1vel para as suas necessidades de sa\u00fade. Dedicamo-nos a garantir que recebe o al\u00edvio de que necessita, quando precisa.<\/p>","protected":false},"excerpt":{"rendered":"<p>Necessita de al\u00edvio r\u00e1pido para dores moderadas a intensas? Comprar Tramadol 200mg online para um controlo da dor r\u00e1pido e eficaz. Este analg\u00e9sico opi\u00f3ide de a\u00e7\u00e3o central pode ajud\u00e1-lo a retomar a sua rotina di\u00e1ria. Encomende j\u00e1 para entrega imediata e sinta a diferen\u00e7a.<\/p>","protected":false},"featured_media":10846,"template":"","meta":[],"product_brand":[],"product_cat":[305],"product_tag":[795,867,804,842,1631,994,800,909,794,805],"class_list":{"0":"post-10820","1":"product","2":"type-product","3":"status-publish","4":"has-post-thumbnail","6":"product_cat-pain-relief","7":"product_tag-buy-tramadol-online","8":"product_tag-european-pharmacy","9":"product_tag-fast-tramadol-delivery","10":"product_tag-online-pharmacy-europe","11":"product_tag-order-tramadol","12":"product_tag-pain-management","13":"product_tag-pain-relief-medication","14":"product_tag-secure-online-pharmacy","15":"product_tag-tramadol-200mg","16":"product_tag-tramadol-hydrochloride","18":"first","19":"instock","20":"sale","21":"shipping-taxable","22":"purchasable","23":"product-type-variable"},"_links":{"self":[{"href":"https:\/\/capsovia.com\/pt\/wp-json\/wp\/v2\/product\/10820","targetHints":{"allow":["GET"]}}],"collection":[{"href":"https:\/\/capsovia.com\/pt\/wp-json\/wp\/v2\/product"}],"about":[{"href":"https:\/\/capsovia.com\/pt\/wp-json\/wp\/v2\/types\/product"}],"version-history":[{"count":0,"href":"https:\/\/capsovia.com\/pt\/wp-json\/wp\/v2\/product\/10820\/revisions"}],"wp:featuredmedia":[{"embeddable":true,"href":"https:\/\/capsovia.com\/pt\/wp-json\/wp\/v2\/media\/10846"}],"wp:attachment":[{"href":"https:\/\/capsovia.com\/pt\/wp-json\/wp\/v2\/media?parent=10820"}],"wp:term":[{"taxonomy":"product_brand","embeddable":true,"href":"https:\/\/capsovia.com\/pt\/wp-json\/wp\/v2\/product_brand?post=10820"},{"taxonomy":"product_cat","embeddable":true,"href":"https:\/\/capsovia.com\/pt\/wp-json\/wp\/v2\/product_cat?post=10820"},{"taxonomy":"product_tag","embeddable":true,"href":"https:\/\/capsovia.com\/pt\/wp-json\/wp\/v2\/product_tag?post=10820"}],"curies":[{"name":"wp","href":"https:\/\/api.w.org\/{rel}","templated":true}]}}