{"id":7300,"date":"2024-09-15T10:01:33","date_gmt":"2024-09-15T10:01:33","guid":{"rendered":"https:\/\/pharmaplazaonline.com\/?post_type=product&#038;p=7300"},"modified":"2026-04-18T00:34:28","modified_gmt":"2026-04-18T00:34:28","slug":"clomipramina-3","status":"publish","type":"product","link":"https:\/\/capsovia.com\/pt\/product\/clomipramina-3\/","title":{"rendered":"comprar anafranil 10mg online R\u00e1pido"},"content":{"rendered":"<h2><strong>comprar anafranil 10mg online R\u00e1pido: sua fonte confi\u00e1vel para um tratamento eficaz na Europa<\/strong><\/h2>\n<p>Bem-vindo \u00e0 sua farm\u00e1cia on-line Premier, uma fonte confi\u00e1vel e confi\u00e1vel para comprar <strong>comprar anafranil 10mg online R\u00e1pido<\/strong> e outros medicamentos essenciais. Entendemos a import\u00e2ncia dos cuidados de sa\u00fade acess\u00edveis e discretos, e nossa miss\u00e3o \u00e9 fornecer uma experi\u00eancia perfeita para nossos valiosos clientes em toda a Espanha, It\u00e1lia, Alemanha, Holanda, Pol\u00f4nia e Reino Unido em geral. Quando voc\u00ea precisa <strong>Compre Anafranil 10mg sem receita m\u00e9dica<\/strong>, n\u00e3o procure mais do que nossa plataforma segura e confi\u00e1vel. Estamos dedicados a oferecer produtos farmac\u00eauticos de alta qualidade e atendimento excepcional ao cliente.<\/p>\n<p>Anafranil, conhecido genericamente como clomipramina, \u00e9 um antidepressivo tric\u00edclico (TCA) prescrito principalmente para o tratamento do transtorno obsessivo-compulsivo (TOC). No entanto, sua efic\u00e1cia se estende a outras condi\u00e7\u00f5es de sa\u00fade mental, tornando-se uma op\u00e7\u00e3o terap\u00eautica valiosa. Se voc\u00ea est\u00e1 procurando <strong>compre anafranil 10mg discretamente<\/strong> Para voc\u00ea ou para um ente querido, tenha certeza de que nosso compromisso com a privacidade e seguran\u00e7a \u00e9 primordial. Garantimos que seu pedido seja embalado e enviado com a m\u00e1xima confidencialidade, chegando \u00e0 sua porta de forma eficiente e sem qualquer aten\u00e7\u00e3o desnecess\u00e1ria.<\/p>\n<h3><strong>Compreender Anafranil 10mg: usos e benef\u00edcios<\/strong><\/h3>\n<p>Anafranil (clomipramina) \u00e9 um medicamento excepcionalmente eficaz para o gerenciamento de v\u00e1rias condi\u00e7\u00f5es psiqui\u00e1tricas. Sua principal indica\u00e7\u00e3o \u00e9 <strong>Transtorno obsessivo-compulsivo (TOC)<\/strong>, onde ajuda a reduzir a frequ\u00eancia e a intensidade das obsess\u00f5es (pensamentos intrusivos, indesejados) e compuls\u00f5es (comportamentos repetitivos). Para indiv\u00edduos que lutam com os efeitos debilitantes do TOC, <strong>Anafranil 10mg para venda<\/strong> Pode oferecer um al\u00edvio significativo, melhorando o funcionamento di\u00e1rio e a qualidade de vida geral.<\/p>\n<p>Al\u00e9m do TOC, o Anafranil tamb\u00e9m \u00e9 prescrito para:<\/p>\n<p><em>   <strong>Depress\u00e3o:<\/strong> Embora normalmente n\u00e3o seja um tratamento de primeira linha para a depress\u00e3o geral, pode ser eficaz para indiv\u00edduos com depress\u00e3o grave ou resistente ao tratamento.<br \/>\n<\/em>   <strong>S\u00edndrome de p\u00e2nico:<\/strong> O medicamento pode ajudar a reduzir a frequ\u00eancia e a gravidade dos ataques de p\u00e2nico.<br \/>\n<em>   <strong>Fobia social (transtorno de ansiedade social):<\/strong> Anafranil pode ser usado para controlar o medo excessivo e a ansiedade em situa\u00e7\u00f5es sociais.<br \/>\n<\/em>   <strong>Transtornos alimentares:<\/strong> Em alguns casos, \u00e9 usado como um tratamento adjunto para condi\u00e7\u00f5es como a bulimia nervosa.<\/p>\n<p>Os benef\u00edcios de <strong>comprar anafranil 10mg online seguro<\/strong> s\u00e3o numerosos para indiv\u00edduos eleg\u00edveis. Ao gerenciar efetivamente os desequil\u00edbrios do neurotransmissor no c\u00e9rebro associados a essas condi\u00e7\u00f5es, o anafranil pode levar a:<\/p>\n<p><em>   Reduziu os pensamentos intrusivos e os impulsos.<br \/>\n<\/em>   Diminui\u00e7\u00e3o do envolvimento em comportamentos compulsivos.<br \/>\n<em>   Melhor humor e regula\u00e7\u00e3o emocional.<br \/>\n<\/em>   Maior capacidade de participar de atividades di\u00e1rias.<br \/>\n<em>   Intera\u00e7\u00f5es sociais aprimoradas e redu\u00e7\u00e3o da evas\u00e3o.<\/p>\n<p>Nossa plataforma permite que voc\u00ea <strong>Compre Anafranil 10mg Espanha<\/strong> e outros pa\u00edses europeus com confian\u00e7a, sabendo que voc\u00ea est\u00e1 recebendo medica\u00e7\u00e3o genu\u00edna.<\/p>\n<h3><strong>Dosagem e administra\u00e7\u00e3o: como tomar Anafranil 10mg<\/strong><\/h3>\n<p>Quando voc\u00ea <strong>comprar anafranil 10mg rapido<\/strong>, \u00e9 crucial entender as diretrizes de administra\u00e7\u00e3o e administra\u00e7\u00e3o recomendadas. No entanto, lembre-se de que essas informa\u00e7\u00f5es s\u00e3o apenas para orienta\u00e7\u00e3o geral. <strong>\u00c9 sempre aconselh\u00e1vel consultar um profissional de sa\u00fade antes de iniciar qualquer novo medicamento, incluindo Anafranil, mesmo quando comprando sem receita m\u00e9dica de uma fonte online respeit\u00e1vel.<\/strong> Eles podem ajudar a determinar a dosagem mais adequada para suas necessidades espec\u00edficas e monitorar seu progresso.<\/p>\n<p><\/em>   <strong>Starting Dose:<\/strong> Normalmente, o tratamento come\u00e7a com uma dose baixa, geralmente de 25 a 50 mg por dia, geralmente tomado em doses divididas.<br \/>\n<em>   <strong>Titula\u00e7\u00e3o:<\/strong> A dose pode ser aumentada gradualmente com base na toler\u00e2ncia e na resposta, sob supervis\u00e3o m\u00e9dica. A dosagem pode ser aumentada em 25mg a cada 3-4 dias.<br \/>\n<\/em>   <strong>Dose de manuten\u00e7\u00e3o:<\/strong> Para o TOC, doses mais altas s\u00e3o frequentemente necess\u00e1rias, \u00e0s vezes variando de 100mg a 250mg por dia.<br \/>\n<em>   <strong>Maximum Dose:<\/strong> A dose di\u00e1ria m\u00e1xima recomendada para adultos \u00e9 geralmente de 250 mg.<br \/>\n<\/em>   <strong>Administra\u00e7\u00e3o:<\/strong> Os comprimidos de Anafranil podem ser tomados com ou sem alimentos. Tom\u00e1-los com alimentos pode ajudar a reduzir a dor de est\u00f4mago. Geralmente, \u00e9 recomendado tomar a dose ao(s) mesmo hor\u00e1rio(s) todos os dias para manter um n\u00edvel consistente no corpo.<br \/>\n<em>   <strong>Dura\u00e7\u00e3o do tratamento:<\/strong> A dura\u00e7\u00e3o do tratamento pode variar significativamente dependendo da condi\u00e7\u00e3o a ser tratada e da resposta do indiv\u00edduo. Para o TOC, o tratamento pode ser de longo prazo.<\/p>\n<p>Quando voc\u00ea <strong>Encomende anafranil 10mg online<\/strong> De n\u00f3s, voc\u00ea receber\u00e1 instru\u00e7\u00f5es detalhadas com sua medica\u00e7\u00e3o. Incentivamos todos os nossos clientes a l\u00ea-los completamente e entrar em contato com nosso suporte ao cliente se voc\u00ea tiver alguma d\u00favida sobre a dosagem ou como <strong>Compre Anafranil 10mg comprimidos<\/strong>.<\/p>\n<h3><strong>Efeitos colaterais potenciais de Anafranil 10mg<\/strong><\/h3>\n<p>Como todos os medicamentos, o anafranil pode causar efeitos colaterais. \u00c9 importante estar ciente dessas rea\u00e7\u00f5es potenciais, embora nem todos as experimentem. Muitos efeitos colaterais s\u00e3o leves e podem diminuir \u00e0 medida que seu corpo se ajusta \u00e0 medica\u00e7\u00e3o.<\/p>\n<p><strong>Efeitos secund\u00e1rios comuns:<\/strong><\/p>\n<p><\/em>   sonol\u00eancia ou seda\u00e7\u00e3o<br \/>\n<em>   Tontura<br \/>\n<\/em>   Boca seca<br \/>\n<em>   Pris\u00e3o de ventre<br \/>\n<\/em>   Vis\u00e3o turva<br \/>\n<em>   N\u00e1useas<br \/>\n<\/em>   Aumento da transpira\u00e7\u00e3o<br \/>\n<em>   Tremors<br \/>\n<\/em>   Mudan\u00e7as no apetite ou peso<\/p>\n<p><strong>Efeitos secund\u00e1rios menos comuns, mas graves:<\/strong><\/p>\n<p><em>   <strong>efeitos cardiovasculares:<\/strong> Altera\u00e7\u00f5es na frequ\u00eancia card\u00edaca ou press\u00e3o arterial.<br \/>\n<\/em>   <strong>Efeitos neurol\u00f3gicos:<\/strong> convuls\u00f5es, especialmente em doses mais altas ou aumento da inquieta\u00e7\u00e3o.<br \/>\n<em>   <strong>Psychiatric effects:<\/strong> Agravamento da depress\u00e3o, pensamentos suicidas (especialmente em adultos e adolescentes) ou agita\u00e7\u00e3o.<br \/>\n<\/em>   <strong>disfun\u00e7\u00e3o sexual:<\/strong> Diminui\u00e7\u00e3o da libido, dificuldade em atingir o orgasmo ou disfun\u00e7\u00e3o er\u00e9til.<br \/>\n<em>   <strong>Reten\u00e7\u00e3o urin\u00e1ria:<\/strong> Dificuldade de urinar.<br \/>\n<\/em>   <strong>S\u00edndrome serotonin\u00e9rgica:<\/strong> Uma condi\u00e7\u00e3o rara, mas potencialmente fatal, que pode ocorrer quando os n\u00edveis de serotonina ficam muito altos, especialmente quando combinados com outros medicamentos serotonin\u00e9rgicos. Os sintomas incluem agita\u00e7\u00e3o, alucina\u00e7\u00f5es, batimentos card\u00edacos acelerados, febre e rigidez muscular.<\/p>\n<p><strong>Se voc\u00ea tiver efeitos colaterais graves ou persistentes, ou se tiver d\u00favidas sobre sua sa\u00fade enquanto estiver a tomar Anafranil, \u00e9 crucial procurar aconselhamento m\u00e9dico imediatamente.<\/strong> Enquanto fornecemos acesso a <strong>Compre Anafranil 10mg Reino Unido<\/strong> E em toda a Europa, n\u00e3o substitutamos a consulta m\u00e9dica profissional.<\/p>\n<h3><strong>Por que nos escolher para comprar anafranil 10mg online R\u00e1pido?<\/strong><\/h3>\n<p>Como uma farm\u00e1cia on-line respeit\u00e1vel que atende \u00e0 Europa, temos o compromisso de fornecer uma maneira segura, confi\u00e1vel e conveniente de <strong>comprar anafranil 10mg online R\u00e1pido<\/strong>. Nossa plataforma foi projetada com suas necessidades em mente, oferecendo:<\/p>\n<p><em>   <strong>Produtos genu\u00ednos:<\/strong> N\u00f3s fornecemos nossos medicamentos apenas de fabricantes de confian\u00e7a, garantindo que voc\u00ea receba Anafranil aut\u00eantico e de alta qualidade.<br \/>\n<\/em>   <strong>Envio discreto:<\/strong> Sua privacidade \u00e9 nossa prioridade. Todos os pedidos s\u00e3o enviados em embalagens discretas, sem indica\u00e7\u00e3o externa do conte\u00fado. <strong>comprar anafranil 10mg discretamente<\/strong> Nunca foi t\u00e3o f\u00e1cil.<br \/>\n<em>   <strong>Fast Delivery:<\/strong> Entendemos que o acesso oportuno \u00e0 medica\u00e7\u00e3o \u00e9 importante. Nosso objetivo \u00e9 o processamento r\u00e1pido e a entrega em todos os destinos europeus, incluindo Espanha, It\u00e1lia, Alemanha, Holanda, Pol\u00f4nia e Reino Unido.<br \/>\n<\/em>   <strong>Pre\u00e7os competitivos:<\/strong> N\u00f3s nos esfor\u00e7amos para oferecer pre\u00e7os acess\u00edveis para todos os nossos medicamentos, tornando os tratamentos essenciais mais acess\u00edveis.<br \/>\n<em>   <strong>Op\u00e7\u00f5es de pagamento seguras:<\/strong> Nosso site utiliza medidas de seguran\u00e7a robustas para proteger suas informa\u00e7\u00f5es pessoais e financeiras durante as transa\u00e7\u00f5es.<br \/>\n<\/em>   <strong>Acess\u00edvel sem receita m\u00e9dica:<\/strong> Para aqueles em regi\u00f5es onde a obten\u00e7\u00e3o de uma receita pode ser uma barreira, oferecemos uma solu\u00e7\u00e3o para <strong>Compre Anafranil 10mg sem receita m\u00e9dica<\/strong>, simplificando o processo para indiv\u00edduos eleg\u00edveis.<br \/>\n<em>   <strong>Excelente atendimento ao cliente:<\/strong> Nossa equipe de suporte dedicada est\u00e1 dispon\u00edvel para ajud\u00e1-lo com quaisquer d\u00favidas ou preocupa\u00e7\u00f5es que voc\u00ea possa ter sobre como solicitar medicamentos on-line.<\/p>\n<p>Quando precisar de <strong>Compre Anafranil 10mg Europa<\/strong>, escolha um parceiro em que possa confiar. N\u00f3s nos dedicamos a fornecer a voc\u00ea a medica\u00e7\u00e3o de que voc\u00ea precisa, quando voc\u00ea precisar, com a m\u00e1xima discri\u00e7\u00e3o e cuidado.<\/p>\n<h3><strong>Considera\u00e7\u00f5es importantes antes de comprar Anafranil 10mg<\/strong><\/h3>\n<p>Embora seja conveniente <strong>comprar anafranil 10mg online sin receta<\/strong> (sem receita) de nossa farm\u00e1cia confi\u00e1vel, \u00e9 essencial abordar seu tratamento com cautela informada.<\/p>\n<p><\/em>   <strong>Consulte um profissional de sa\u00fade:<\/strong> Conforme mencionado anteriormente, mesmo que voc\u00ea esteja comprando sem receita m\u00e9dica, \u00e9 altamente recomend\u00e1vel discutir seus sintomas e a adequa\u00e7\u00e3o de Anafranil com um m\u00e9dico ou profissional de sa\u00fade qualificado. Eles podem oferecer conselhos personalizados, diagnosticar sua condi\u00e7\u00e3o com precis\u00e3o e monitorar seu tratamento para obter melhores resultados e seguran\u00e7a.<br \/>\n<em>   <strong>Intera\u00e7\u00f5es com outros medicamentos:<\/strong> Anafranil pode interagir com outros medicamentos, incluindo outros antidepressivos, sedativos, anticoagulantes e certos medicamentos de venda livre. Sempre informe o seu m\u00e9dico ou o suporte ao cliente sobre quaisquer outros medicamentos ou suplementos que voc\u00ea esteja tomando atualmente.<br \/>\n<\/em>   <strong>Condi\u00e7\u00f5es m\u00e9dicas pr\u00e9-existentes:<\/strong> Indiv\u00edduos com certas condi\u00e7\u00f5es m\u00e9dicas, como doen\u00e7as card\u00edacas, epilepsia, glaucoma ou problemas hep\u00e1ticos, devem ter cuidado e consultar um m\u00e9dico antes de tomar anafranil.<br \/>\n<em>   <strong>Gravidez e amamenta\u00e7\u00e3o:<\/strong> Anafranil geralmente deve ser evitado durante a gravidez e amamenta\u00e7\u00e3o, a menos que seja especificamente aconselhado por um profissional de sa\u00fade.<br \/>\n<\/em>   <strong>Conduzir e utilizar m\u00e1quinas:<\/strong> Anafranil pode causar sonol\u00eancia e tontura. \u00c9 aconselh\u00e1vel evitar dirigir ou operar m\u00e1quinas pesadas at\u00e9 saber como o medicamento o afeta.<\/p>\n<p>Estamos aqui para facilitar o seu acesso a tratamentos eficazes, mas sua sa\u00fade e seguran\u00e7a continuam sendo nossa principal preocupa\u00e7\u00e3o. Acreditamos que, fornecendo informa\u00e7\u00f5es claras e acesso confi\u00e1vel, capacitamos voc\u00ea a tomar decis\u00f5es informadas sobre o seu bem-estar.<\/p>\n<h3><strong>Encomendar Anafranil 10mg Online: Um Processo Simples<\/strong><\/h3>\n<p>Nosso site amig\u00e1vel torna simples <strong>comprar anafranil 10mg online R\u00e1pido<\/strong>. Basta navegar at\u00e9 a p\u00e1gina do produto, selecionar a quantidade desejada e prosseguir com o nosso check-out seguro. Aceitamos uma variedade de m\u00e9todos de pagamento para sua conveni\u00eancia. Assim que seu pedido for confirmado, nossa equipe ir\u00e1 processar e despach\u00e1-lo com efici\u00eancia com o m\u00e1ximo de crit\u00e9rio, garantindo que ele chegue a voc\u00ea imediatamente em qualquer lugar da Europa.<\/p>\n<p>Invista no seu bem-estar mental hoje. Quando voc\u00ea precisa <strong>comprar anafranil 10mg online<\/strong>, confie em nosso compromisso com a qualidade, seguran\u00e7a e servi\u00e7o discreto. Somos seu parceiro on-line confi\u00e1vel para medicamentos essenciais.<\/p>","protected":false},"excerpt":{"rendered":"<p>Compre Anafranil 10mg online de forma r\u00e1pida e discreta. Este poderoso medicamento ajuda a aliviar as lutas di\u00e1rias do Transtorno Obsessivo-Compulsivo (TOC) ao restaurar o equil\u00edbrio em seu c\u00e9rebro. Experimente o al\u00edvio de pensamentos persistentes e comportamentos compulsivos, permitindo que voc\u00ea recupere sua vida. Deixe-nos ajud\u00e1-lo a come\u00e7ar a se sentir mais como voc\u00ea novamente.<\/p>","protected":false},"featured_media":7311,"template":"","meta":[],"product_brand":[],"product_cat":[54],"product_tag":[1623,1627,1630,1626,1629,1624,1625,1572,1628],"class_list":{"0":"post-7300","1":"product","2":"type-product","3":"status-publish","4":"has-post-thumbnail","6":"product_cat-anti-depressant","7":"product_tag-anafranil-10mg","8":"product_tag-anafranil-europa","9":"product_tag-anafranil-rapido","10":"product_tag-anafranil-sin-receta","11":"product_tag-antidepresivos","12":"product_tag-clomipramine","13":"product_tag-comprar-anafranil-online","14":"product_tag-comprar-medicamentos-online","15":"product_tag-tratamiento-toc","17":"first","18":"instock","19":"shipping-taxable","20":"purchasable","21":"product-type-variable"},"_links":{"self":[{"href":"https:\/\/capsovia.com\/pt\/wp-json\/wp\/v2\/product\/7300","targetHints":{"allow":["GET"]}}],"collection":[{"href":"https:\/\/capsovia.com\/pt\/wp-json\/wp\/v2\/product"}],"about":[{"href":"https:\/\/capsovia.com\/pt\/wp-json\/wp\/v2\/types\/product"}],"version-history":[{"count":0,"href":"https:\/\/capsovia.com\/pt\/wp-json\/wp\/v2\/product\/7300\/revisions"}],"wp:featuredmedia":[{"embeddable":true,"href":"https:\/\/capsovia.com\/pt\/wp-json\/wp\/v2\/media\/7311"}],"wp:attachment":[{"href":"https:\/\/capsovia.com\/pt\/wp-json\/wp\/v2\/media?parent=7300"}],"wp:term":[{"taxonomy":"product_brand","embeddable":true,"href":"https:\/\/capsovia.com\/pt\/wp-json\/wp\/v2\/product_brand?post=7300"},{"taxonomy":"product_cat","embeddable":true,"href":"https:\/\/capsovia.com\/pt\/wp-json\/wp\/v2\/product_cat?post=7300"},{"taxonomy":"product_tag","embeddable":true,"href":"https:\/\/capsovia.com\/pt\/wp-json\/wp\/v2\/product_tag?post=7300"}],"curies":[{"name":"wp","href":"https:\/\/api.w.org\/{rel}","templated":true}]}}