{"id":7335,"date":"2024-09-15T10:25:01","date_gmt":"2024-09-15T10:25:01","guid":{"rendered":"https:\/\/pharmaplazaonline.com\/?post_type=product&#038;p=7335"},"modified":"2026-04-18T00:33:50","modified_gmt":"2026-04-18T00:33:50","slug":"clomipramina","status":"publish","type":"product","link":"https:\/\/capsovia.com\/pt\/product\/clomipramina\/","title":{"rendered":"Compre Anafranil 50mg rapidamente"},"content":{"rendered":"<p><strong>Compre Anafranil 50mg r\u00e1pido: sua fonte confi\u00e1vel para um al\u00edvio r\u00e1pido<\/strong><\/p>\n<p>Quando voc\u00ea est\u00e1 procurando um tratamento eficaz para condi\u00e7\u00f5es como transtorno obsessivo-compulsivo (TOC), transtorno de p\u00e2nico ou depress\u00e3o grave, o acesso oportuno \u00e0 medica\u00e7\u00e3o \u00e9 primordial. Entendemos a urg\u00eancia, e \u00e9 por isso que oferecemos uma maneira confi\u00e1vel e discreta de <strong>Compre Anafranil 50mg r\u00e1pido<\/strong>. Como uma farm\u00e1cia on-line respeit\u00e1vel que atende a Espanha e o mercado europeu em geral, incluindo It\u00e1lia, Alemanha, Holanda, Pol\u00f4nia e Reino Unido, nos dedicamos a fornecer medicamentos de qualidade e servi\u00e7o excepcional. Nosso compromisso com a discri\u00e7\u00e3o garante que sua privacidade seja respeitada em todos os pedidos, e nossos processos de envio eficientes significam que voc\u00ea recebe seu medicamento imediatamente.<\/p>\n<p>Anafranil, com o ingrediente ativo cloridrato de clomipramina, \u00e9 um antidepressivo tric\u00edclico (TCA) que h\u00e1 muito \u00e9 um dos pilares do gerenciamento de condi\u00e7\u00f5es espec\u00edficas de sa\u00fade mental. Sua capacidade de regular os n\u00edveis de serotonina e norepinefrina no c\u00e9rebro o torna uma ferramenta poderosa para aliviar os sintomas debilitantes. Se voc\u00ea est\u00e1 procurando <strong>comprar anafranil 50mg online<\/strong>, voc\u00ea veio ao lugar certo. Oferecemos uma experi\u00eancia de compra perfeita e segura, permitindo que voc\u00ea obtenha esse medicamento vital sem os obst\u00e1culos usuais de prescri\u00e7\u00e3o, garantindo que voc\u00ea obtenha o al\u00edvio de que precisa quando mais precisa.<\/p>\n<p><strong>Compreendendo Anafranil 50mg: Especifica\u00e7\u00f5es e usos<\/strong><\/p>\n<p>Anafranil 50mg cont\u00e9m 50 miligramas de cloridrato de clomipramina, um potente antidepressivo tric\u00edclico. A clomipramina funciona aumentando os n\u00edveis de certas subst\u00e2ncias naturais no c\u00e9rebro que se acredita ajudar na depress\u00e3o e pensamentos obsessivos. \u00c9 particularmente eficaz no tratamento:<\/p>\n<p><em>   <strong>Transtorno obsessivo-compulsivo (TOC):<\/strong> Anafranil \u00e9 considerado um dos medicamentos mais eficazes para reduzir os pensamentos intrusivos e comportamentos compulsivos associados ao TOC. Muitas pessoas que procuram <strong>Compre Anafranil 50mg<\/strong> Fa\u00e7a-o especificamente por seu profundo impacto nos sintomas do TOC.<br \/>\n<\/em>   <strong>S\u00edndrome de p\u00e2nico:<\/strong> Para aqueles que sofrem ataques de p\u00e2nico intensos e recorrentes, Anafranil pode reduzir significativamente a frequ\u00eancia e a gravidade desses epis\u00f3dios.<br \/>\n<em>   <strong>depress\u00e3o severa:<\/strong> Embora menos comumente um tratamento de primeira linha para todos os tipos de depress\u00e3o, o anafranil \u00e9 altamente eficaz para casos graves, especialmente aqueles com caracter\u00edsticas melanc\u00f3licas ou quando outros antidepressivos se mostraram ineficazes.<br \/>\n<\/em>   <strong>Outras condi\u00e7\u00f5es:<\/strong> Tamb\u00e9m pode ser prescrito para condi\u00e7\u00f5es como a cataplexia associada \u00e0 narcolepsia e, em alguns casos, para a ejacula\u00e7\u00e3o prolongada.<\/p>\n<p>Quando voc\u00ea <strong>comprar anafranil 50mg online<\/strong> De n\u00f3s, voc\u00ea est\u00e1 escolhendo um produto que \u00e9 fabricado com altos padr\u00f5es, garantindo efic\u00e1cia e pureza.<\/p>\n<p><strong>Dosagem e administra\u00e7\u00e3o: adaptando seu tratamento<\/strong><\/p>\n<p>A dosagem adequada de Anafranil 50mg pode variar significativamente dependendo da condi\u00e7\u00e3o a ser tratada e da resposta individual do paciente. \u00c9 fundamental seguir as orienta\u00e7\u00f5es recomendadas quando voc\u00ea <strong>Compre Anafranil 50mg r\u00e1pido<\/strong> e comece seu tratamento.<\/p>\n<p><em>   <strong>Starting Dose:<\/strong> Normalmente, o tratamento come\u00e7a com uma dose mais baixa, aumentando gradualmente conforme tolerado. Para o TOC, as doses iniciais podem ser de cerca de 25 mg por dia, tomadas na hora de dormir e depois aumentadas ao longo de v\u00e1rias semanas.<br \/>\n<\/em>   <strong>Dose de manuten\u00e7\u00e3o:<\/strong> Para adultos, as doses de manuten\u00e7\u00e3o do TOC geralmente variam de 100 mg a 250 mg por dia. Para depress\u00e3o e transtorno do p\u00e2nico, as doses podem ser semelhantes, mas podem variar.<br \/>\n<em>   <strong>Administra\u00e7\u00e3o:<\/strong> Os comprimidos de Anafranil 50mg devem ser engolidos inteiros com um copo de \u00e1gua. Eles podem ser tomados com ou sem alimentos, mas a consist\u00eancia \u00e9 fundamental. Se tomar uma dose uma vez por dia, geralmente \u00e9 recomend\u00e1vel tom\u00e1-la na hora de dormir para ajudar a controlar a sonol\u00eancia potencial.<br \/>\n<\/em>   <strong>Descontinua\u00e7\u00e3o gradual:<\/strong> \u00c9 vital nunca parar de tomar Anafranil abruptamente. Se voc\u00ea decidir interromper o tratamento, isso deve ser feito gradualmente sob a orienta\u00e7\u00e3o de um profissional de sa\u00fade para evitar sintomas de abstin\u00eancia.<\/p>\n<p>Fornecemos informa\u00e7\u00f5es claras sobre o produto para ajud\u00e1-lo quando voc\u00ea <strong>Compre Anafranil 50mg<\/strong>. Se voc\u00ea tiver d\u00favidas espec\u00edficas sobre a dosagem, nosso suporte ao cliente estar\u00e1 dispon\u00edvel para oferecer orienta\u00e7\u00e3o.<\/p>\n<p><strong>Benef\u00edcios de nos escolher para comprar Anafranil 50mg r\u00e1pido<\/strong><\/p>\n<p>Orgulhamo-nos de ser um vendedor on-line confi\u00e1vel, oferecendo v\u00e1rias vantagens importantes aos nossos clientes:<\/p>\n<p><em>   <strong>Rapidez e comodidade:<\/strong> Quando voc\u00ea precisa de medicamentos rapidamente, nosso envio acelerado garante que voc\u00ea possa <strong>Compre Anafranil 50mg r\u00e1pido<\/strong>. O pedido on-line elimina a necessidade de visitas de farm\u00e1cias inconvenientes, economizando tempo e esfor\u00e7o.<br \/>\n<\/em>   <strong>Envio discreto:<\/strong> Sua privacidade \u00e9 nossa prioridade. Todas as nossas remessas s\u00e3o embaladas discretamente, sem marca\u00e7\u00f5es externas para indicar o conte\u00fado. Este servi\u00e7o discreto se estende por toda a Espanha, It\u00e1lia, Alemanha, regi\u00f5es holandesas, Pol\u00f4nia, Holanda, toda a Europa e Reino Unido.<br \/>\n<em>   <strong>Fonte fidedigna:<\/strong> Como uma farm\u00e1cia on-line, temos o compromisso de oferecer medicamentos genu\u00ednos. Quando voc\u00ea <strong>comprar anafranil 50mg online<\/strong>, voc\u00ea pode ter confian\u00e7a na qualidade e autenticidade do produto que recebe.<br \/>\n<\/em>   <strong>Acess\u00edvel sem receita m\u00e9dica:<\/strong> Entendemos que, \u00e0s vezes, obter uma receita pode ser uma barreira. Oferecemos acesso ao Anafranil 50mg e outros medicamentos sem exigir receita m\u00e9dica, tornando os tratamentos essenciais mais dispon\u00edveis.<br \/>\n<em>   <strong>Pre\u00e7os competitivos:<\/strong> N\u00f3s nos esfor\u00e7amos para oferecer nossos medicamentos a pre\u00e7os competitivos, garantindo que um tratamento eficaz seja acess\u00edvel e acess\u00edvel para nossa clientela europeia.<\/p>\n<p><strong>Poss\u00edveis efeitos secund\u00e1rios e precau\u00e7\u00f5es<\/strong><\/p>\n<p>Como todos os medicamentos, Anafranil 50mg pode causar efeitos colaterais, embora nem todos os experimentem. \u00c9 importante estar ciente disso quando voc\u00ea <strong>Compre Anafranil 50mg<\/strong>. Os efeitos colaterais comuns incluem:<\/p>\n<p><\/em>   sonol\u00eancia ou seda\u00e7\u00e3o<br \/>\n<em>   Boca seca<br \/>\n<\/em>   Pris\u00e3o de ventre<br \/>\n<em>   Vis\u00e3o turva<br \/>\n<\/em>   Tontura<br \/>\n<em>   N\u00e1useas<br \/>\n<\/em>   Aumento do apetite e ganho de peso<br \/>\n<em>   Suando<br \/>\n<\/em>   Tremors<br \/>\n<em>   Sexual dysfunction<\/p>\n<p>Less common but more serious side effects can include:<\/p>\n<p><\/em>   Mudan\u00e7as no ritmo card\u00edaco<br \/>\n<em>   Confus\u00e3o<br \/>\n<\/em>   Dificuldade em urinar<br \/>\n<em>   Convuls\u00f5es<br \/>\n<\/em>   Pensamentos suicidas (especialmente em adultos jovens e durante o tratamento inicial)<br \/>\n<em>   S\u00edndrome da serotonina (caracterizada por agita\u00e7\u00e3o, alucina\u00e7\u00f5es, batimentos card\u00edacos acelerados, febre, rigidez muscular e perda de coordena\u00e7\u00e3o)<\/p>\n<p><strong>Precau\u00e7\u00f5es importantes:<\/strong><\/p>\n<p><\/em>   <strong>Interactions:<\/strong> Anafranil pode interagir com outros medicamentos, incluindo inibidores de MAO, outros antidepressivos, sedativos e certos anticoagulantes. Sempre nos informe sobre quaisquer outros medicamentos que voc\u00ea esteja tomando quando voc\u00ea <strong>Compre Anafranil 50mg<\/strong>.<br \/>\n<em>   <strong>\u00c1lcool:<\/strong> Evite consumir \u00e1lcool enquanto estiver tomando anafranil, pois pode aumentar a sonol\u00eancia e outros efeitos colaterais.<br \/>\n<\/em>   <strong>Conduzir e utilizar m\u00e1quinas:<\/strong> Devido \u00e0 poss\u00edvel sonol\u00eancia e tontura, tenha cuidado ao dirigir ou operar m\u00e1quinas pesadas.<br \/>\n<em>   <strong>Gravidez e amamenta\u00e7\u00e3o:<\/strong> Anafranil s\u00f3 deve ser usado durante a gravidez ou amamenta\u00e7\u00e3o se os benef\u00edcios potenciais justificarem os riscos potenciais para o feto ou beb\u00ea.<br \/>\n<\/em>   <strong>Condi\u00e7\u00f5es de sa\u00fade subjacentes:<\/strong> Indiv\u00edduos com hist\u00f3rico de problemas card\u00edacos, doen\u00e7as hep\u00e1ticas, doen\u00e7as renais, glaucoma ou epilepsia devem consultar um profissional de sa\u00fade antes de tomar anafranil.<\/p>\n<p>Se apresentar algum efeito secund\u00e1rio grave ou persistente ap\u00f3s o tratamento... <strong>Compre Anafranil 50mg r\u00e1pido<\/strong>, procure atendimento m\u00e9dico.<\/p>\n<p><strong>Por que escolher uma farm\u00e1cia online respeit\u00e1vel para comprar Anafranil 50mg?<\/strong><\/p>\n<p>Na era digital de hoje, a conveni\u00eancia de comprar medicamentos on-line \u00e9 ineg\u00e1vel. No entanto, \u00e9 crucial escolher uma farm\u00e1cia on-line respeit\u00e1vel. Quando voc\u00ea <strong>comprar anafranil 50mg online<\/strong> De n\u00f3s, voc\u00ea est\u00e1 escolhendo uma fonte confi\u00e1vel que prioriza:<\/p>\n<p><em>   <strong>Autenticidade:<\/strong> N\u00f3s fornecemos nossos medicamentos de fabricantes leg\u00edtimos, garantindo que voc\u00ea receba anafranil genu\u00edno 50mg, n\u00e3o produtos falsificados.<br \/>\n<\/em>   <strong>Controle de qualidade:<\/strong> Nossos processos s\u00e3o projetados para manter a integridade e a qualidade dos medicamentos que fornecemos.<br \/>\n<em>   <strong>Atendimento ao Cliente:<\/strong> Oferecemos suporte ao cliente confi\u00e1vel para responder \u00e0s suas d\u00favidas e ajud\u00e1-lo durante toda a jornada de compra.<br \/>\n<\/em>   <strong>Transa\u00e7\u00f5es seguras:<\/strong> Nosso site emprega medidas de seguran\u00e7a robustas para proteger suas informa\u00e7\u00f5es pessoais e financeiras durante as transa\u00e7\u00f5es.<\/p>\n<p><strong>Encomendar Anafranil 50mg Online: Um Processo Simples<\/strong><\/p>\n<p>N\u00f3s simplificamos o processo para facilitar a <strong>Compre Anafranil 50mg r\u00e1pido<\/strong>:<\/p>\n<p>1.  <strong>Navegar:<\/strong> Navegue em nosso site seguro e encontre Anafranil 50mg.<br \/>\n2.  <strong>selecione:<\/strong> Escolha a quantidade que deseja comprar.<br \/>\n3.  <strong>Confira:<\/strong> Prossiga para o nosso check-out seguro, onde voc\u00ea pode inserir seus detalhes de envio.<br \/>\n4.  <strong>Pagamento:<\/strong> Conclua seu pagamento usando nossos gateways de pagamento confi\u00e1veis.<br \/>\n5.  <strong>Confirma\u00e7\u00e3o:<\/strong> Voc\u00ea receber\u00e1 um e-mail de confirma\u00e7\u00e3o do pedido e nosso processo de envio discreto come\u00e7ar\u00e1.<\/p>\n<p>Enviamos para Espanha, It\u00e1lia, Alemanha, regi\u00f5es holandesas, Pol\u00f4nia, Holanda, em toda a Europa e Reino Unido. Seu medicamento chegar\u00e1 discretamente embalado, garantindo sua privacidade.<\/p>\n<p><strong>Conclus\u00e3o: seu parceiro confi\u00e1vel para Anafranil 50mg<\/strong><\/p>\n<p>Para indiv\u00edduos na Espanha e em toda a Europa que buscam um tratamento eficaz para o TOC, transtorno do p\u00e2nico ou depress\u00e3o severa, a capacidade de <strong>Compre Anafranil 50mg r\u00e1pido<\/strong> \u00e9 essencial. Como uma farm\u00e1cia on-line confi\u00e1vel e confi\u00e1vel, temos o compromisso de fornecer a voc\u00ea acesso a medicamentos de alta qualidade, entregues de forma discreta e eficiente. Nossa dedica\u00e7\u00e3o \u00e0 privacidade do cliente e ao servi\u00e7o imediato nos torna a escolha ideal quando voc\u00ea precisa <strong>comprar anafranil 50mg online<\/strong>. Entendemos a import\u00e2ncia do al\u00edvio oportuno e estamos aqui para apoiar sua sa\u00fade e bem-estar. Confie em n\u00f3s para uma maneira segura, conveniente e discreta de obter seus medicamentos prescritos Anafranil 50mg.<\/p>","protected":false},"excerpt":{"rendered":"<p>Experimente o al\u00edvio do transtorno obsessivo-compulsivo com Anafranil 50mg. Este medicamento confi\u00e1vel ajuda a reduzir pensamentos persistentes e comportamentos compulsivos que atrapalham sua vida di\u00e1ria. Ao restaurar o equil\u00edbrio em seu c\u00e9rebro, Anafranil oferece um caminho para uma maior paz e controle. Obtenha um transporte r\u00e1pido e comece a se sentir melhor hoje.<\/p>","protected":false},"featured_media":7345,"template":"","meta":[],"product_brand":[],"product_cat":[54],"product_tag":[1608,1609,1610,867,1615,1612,1613,1614,1611],"class_list":{"0":"post-7335","1":"product","2":"type-product","3":"status-publish","4":"has-post-thumbnail","6":"product_cat-anti-depressant","7":"product_tag-anafranil-50mg","8":"product_tag-buy-anafranil-online","9":"product_tag-clomipramine-hydrochloride","10":"product_tag-european-pharmacy","11":"product_tag-fast-medication-delivery","12":"product_tag-ocd-treatment","13":"product_tag-panic-disorder-medication","14":"product_tag-severe-depression-relief","15":"product_tag-tricyclic-antidepressant","17":"first","18":"instock","19":"shipping-taxable","20":"purchasable","21":"product-type-variable"},"_links":{"self":[{"href":"https:\/\/capsovia.com\/pt\/wp-json\/wp\/v2\/product\/7335","targetHints":{"allow":["GET"]}}],"collection":[{"href":"https:\/\/capsovia.com\/pt\/wp-json\/wp\/v2\/product"}],"about":[{"href":"https:\/\/capsovia.com\/pt\/wp-json\/wp\/v2\/types\/product"}],"version-history":[{"count":0,"href":"https:\/\/capsovia.com\/pt\/wp-json\/wp\/v2\/product\/7335\/revisions"}],"wp:featuredmedia":[{"embeddable":true,"href":"https:\/\/capsovia.com\/pt\/wp-json\/wp\/v2\/media\/7345"}],"wp:attachment":[{"href":"https:\/\/capsovia.com\/pt\/wp-json\/wp\/v2\/media?parent=7335"}],"wp:term":[{"taxonomy":"product_brand","embeddable":true,"href":"https:\/\/capsovia.com\/pt\/wp-json\/wp\/v2\/product_brand?post=7335"},{"taxonomy":"product_cat","embeddable":true,"href":"https:\/\/capsovia.com\/pt\/wp-json\/wp\/v2\/product_cat?post=7335"},{"taxonomy":"product_tag","embeddable":true,"href":"https:\/\/capsovia.com\/pt\/wp-json\/wp\/v2\/product_tag?post=7335"}],"curies":[{"name":"wp","href":"https:\/\/api.w.org\/{rel}","templated":true}]}}