{"id":9045,"date":"2024-09-26T01:26:55","date_gmt":"2024-09-26T01:26:55","guid":{"rendered":"https:\/\/pharmaplazaonline.com\/?post_type=product&#038;p=9045"},"modified":"2026-04-18T00:30:19","modified_gmt":"2026-04-18T00:30:19","slug":"cialis-2","status":"publish","type":"product","link":"https:\/\/capsovia.com\/pt\/product\/cialis-2\/","title":{"rendered":"encomendar marca cialis online | Efeito de 36 horas"},"content":{"rendered":"<h2>Encomende a marca cialis online com confian\u00e7a: experimente uma efic\u00e1cia duradoura para sua sa\u00fade \u00edntima<\/h2>\n<p>Procura uma maneira confi\u00e1vel e discreta de <strong>encomendar marca cialis online<\/strong>? N\u00e3o procure mais. Como uma farm\u00e1cia on-line respeit\u00e1vel que atende a Espanha e o mercado europeu mais amplo, nos dedicamos a fornecer a voc\u00ea acesso a solu\u00e7\u00f5es farmac\u00eauticas de alta qualidade, incluindo a marca altamente eficaz Cialis. Entendemos a import\u00e2ncia da conveni\u00eancia, privacidade e efic\u00e1cia quando se trata de sua sa\u00fade pessoal e nos orgulhamos de ser uma fonte confi\u00e1vel para suas necessidades de medicamentos. Nosso compromisso se estende ao envio discretamente em toda a Espanha, It\u00e1lia, Alemanha, Holanda, Pol\u00f4nia, Europa e Reino Unido, garantindo que sua privacidade seja primordial.<\/p>\n<p>Brand Cialis, o ingrediente ativo sendo Tadalafil, \u00e9 um medicamento revolucion\u00e1rio projetado para tratar a disfun\u00e7\u00e3o er\u00e9til (DE) em homens. Ao contr\u00e1rio de alguns outros tratamentos que oferecem uma pequena janela de oportunidade, a marca Cialis \u00e9 conhecida por seu efeito sustentado, muitas vezes referido como o efeito de 36 horas. Essa dura\u00e7\u00e3o prolongada de a\u00e7\u00e3o permite uma maior espontaneidade e reduz a press\u00e3o frequentemente associada \u00e0 intimidade sexual, permitindo que voc\u00ea se sinta mais relaxado e confiante. Quando voc\u00ea <strong>encomendar marca cialis online<\/strong> De n\u00f3s, voc\u00ea est\u00e1 escolhendo um produto apoiado por extensas pesquisas e resultados comprovados, entregues com o m\u00e1ximo cuidado e discri\u00e7\u00e3o.<\/p>\n<h3>Entendendo a marca Cialis: mecanismo, dosagem e uso<\/h3>\n<p>A marca Cialis, com seu composto ativo tadalafil, pertence a uma classe de medicamentos conhecidos como inibidores da fosfodiesterase tipo 5 (PDE5). Sua fun\u00e7\u00e3o prim\u00e1ria \u00e9 aumentar o fluxo sangu\u00edneo para o p\u00eanis, facilitando uma ere\u00e7\u00e3o quando a estimula\u00e7\u00e3o sexual est\u00e1 presente.<\/p>\n<p><em>   <strong>Mecanismo de a\u00e7\u00e3o:<\/strong> Quando sexualmente excitado, o corpo libera \u00f3xido n\u00edtrico. O \u00f3xido n\u00edtrico ativa uma enzima que produz monofosfato de guanosina c\u00edclica (cGMP). O cGMP faz com que os m\u00fasculos lisos do p\u00eanis relaxem, permitindo que mais sangue flua e resultando em uma ere\u00e7\u00e3o. PDE5 \u00e9 uma enzima que decomp\u00f5e o cGMP. Tadalafil funciona inibindo o PDE5, aumentando assim os n\u00edveis de cGMP e prolongando o relaxamento dos m\u00fasculos lisos. Esse fluxo sangu\u00edneo aprimorado \u00e9 crucial para alcan\u00e7ar e manter uma ere\u00e7\u00e3o firme o suficiente para a rela\u00e7\u00e3o sexual. \u00c9 importante lembrar que a marca Cialis n\u00e3o causa excita\u00e7\u00e3o sexual por conta pr\u00f3pria; Requer estimula\u00e7\u00e3o sexual direta para ser eficaz.<\/p>\n<p><\/em>   <strong>Dosagens dispon\u00edveis:<\/strong> A marca Cialis normalmente est\u00e1 dispon\u00edvel em v\u00e1rias dosagens, permitindo um tratamento personalizado. Os pontos fortes mais comuns que voc\u00ea pode <strong>encomendar marca cialis online<\/strong> incluem:<br \/>\n    <em>   <strong>2,5 mg:<\/strong> Frequentemente prescrito para uso di\u00e1rio para manter um n\u00edvel cont\u00ednuo de medica\u00e7\u00e3o no sistema.<br \/>\n    <\/em>   <strong>5 mg:<\/strong> Tamb\u00e9m adequado para uso di\u00e1rio ou como op\u00e7\u00e3o de menor dose para uso ocasional.<br \/>\n    <em>   <strong>10 mg:<\/strong> Geralmente tomado conforme necess\u00e1rio, antes da atividade sexual prevista para um efeito de 36 horas.<br \/>\n    <\/em>   <strong>20 mg:<\/strong> A dose mais alta prescrita para o uso conforme necess\u00e1rio, proporcionando o m\u00e1ximo potencial de dura\u00e7\u00e3o da a\u00e7\u00e3o.<\/p>\n<p>A dosagem adequada depender\u00e1 de suas necessidades individuais de sa\u00fade, hist\u00f3rico m\u00e9dico e conselhos de um profissional de sa\u00fade. \u00c9 sempre recomend\u00e1vel come\u00e7ar com a menor dose eficaz e ajustar conforme necess\u00e1rio. Quando voc\u00ea <strong>encomendar marca cialis online<\/strong> De nossa farm\u00e1cia, voc\u00ea pode ter certeza de que est\u00e1 recebendo medica\u00e7\u00e3o genu\u00edna, e n\u00e3o de subst\u00e2ncias falsificadas.<\/p>\n<p><em>   <strong>Como tomar marca Cialis:<\/strong><br \/>\n    <\/em>   <strong>conforme necess\u00e1rio:<\/strong> Para os comprimidos de 10 mg e 20 mg, tome um comprimido pelo menos 30 minutos antes da atividade sexual. O medicamento pode ser tomado com ou sem alimentos. Devido ao seu efeito duradouro, evite tomar mais de uma dose em um per\u00edodo de 24 horas.<br \/>\n    <em>   <strong>Uso di\u00e1rio:<\/strong> Para os comprimidos de 2,5 mg e 5 mg, tome um comprimido uma vez ao dia, aproximadamente na mesma hora todos os dias. Isso permite a atividade sexual espont\u00e2nea a qualquer momento. Voc\u00ea n\u00e3o precisa cronometrar essa dose com atividade sexual.<\/p>\n<h3>Benef\u00edcios de escolher a marca Cialis para disfun\u00e7\u00e3o er\u00e9til<\/h3>\n<p>A decis\u00e3o de <strong>encomendar marca cialis online<\/strong> \u00c9 frequentemente impulsionado por suas vantagens distintas em rela\u00e7\u00e3o a outros tratamentos de DE. Muitos homens acham a marca Cialis a escolha preferida devido ao seu perfil \u00fanico.<\/p>\n<p><\/em>   <strong>Dura\u00e7\u00e3o prolongada da a\u00e7\u00e3o (efeito de 36 horas):<\/strong> Este talvez seja o benef\u00edcio mais significativo. Embora outros medicamentos para emerg\u00eancias possam funcionar por algumas horas, a marca Cialis oferece uma janela de aproximadamente 36 horas. Esta p\u00edlula de fim de semana permite uma abordagem mais natural e espont\u00e2nea da intimidade, reduzindo a necessidade de planejar a atividade sexual em torno da medica\u00e7\u00e3o. Voc\u00ea pode lev\u00e1-lo em uma sexta-feira \u00e0 noite e permanecer potencialmente coberto durante todo o fim de semana.<\/p>\n<p><em>   <strong>In\u00edcio de a\u00e7\u00e3o r\u00e1pido:<\/strong> A marca Cialis normalmente come\u00e7a a trabalhar dentro de 30 a 60 minutos ap\u00f3s tomar uma dose, tornando-a uma op\u00e7\u00e3o conveniente para quando o momento exigir.<\/p>\n<p><\/em>   <strong>Efic\u00e1cia:<\/strong> Estudos cl\u00ednicos mostraram consistentemente que a marca Cialis \u00e9 altamente eficaz na melhoria da fun\u00e7\u00e3o er\u00e9til para a grande maioria dos homens com DE.<\/p>\n<p><em>   <strong>Compatibilidade com alimentos e \u00e1lcool:<\/strong> Ao contr\u00e1rio de alguns outros inibidores de PDE5, a marca Cialis geralmente pode ser tomada com ou sem alimentos. Embora o consumo excessivo de \u00e1lcool possa prejudicar temporariamente a fun\u00e7\u00e3o er\u00e9til, \u00e9 improv\u00e1vel que o consumo moderado afete significativamente a efic\u00e1cia da marca Cialis.<\/p>\n<p><\/em>   <strong>Adequado para uso di\u00e1rio:<\/strong> As formula\u00e7\u00f5es de menor dosagem (2,5 mg e 5 mg) s\u00e3o projetadas para administra\u00e7\u00e3o di\u00e1ria, proporcionando um n\u00edvel consistente de suporte \u00e0 fun\u00e7\u00e3o er\u00e9til e permitindo maior espontaneidade sem a necessidade de pr\u00e9-planejamento.<\/p>\n<h3>Abordando potenciais efeitos colaterais e precau\u00e7\u00f5es<\/h3>\n<p>Como todos os medicamentos, a marca Cialis pode causar efeitos colaterais, embora nem todos os experimentem. \u00c9 fundamental estar ciente disso e consultar um profissional de sa\u00fade se tiver alguma d\u00favida. Quando voc\u00ea <strong>encomendar marca cialis online<\/strong>, voc\u00ea tamb\u00e9m deve estar ciente da import\u00e2ncia de us\u00e1-lo com responsabilidade.<\/p>\n<p><em>   <strong>Efeitos secund\u00e1rios comuns:<\/strong> Geralmente s\u00e3o leves a moderados e geralmente resolvem por conta pr\u00f3pria. Eles podem incluir:<br \/>\n    <\/em>   Dor de cabe\u00e7a<br \/>\n    <em>   indigest\u00e3o (dispepsia)<br \/>\n    <\/em>   Dor nas costas<br \/>\n    <em>   Dores musculares (mialgia)<br \/>\n    <\/em>   rubor do rosto e pesco\u00e7o<br \/>\n    <em>   Nariz entupido ou escorrendo (congest\u00e3o nasal)<\/p>\n<p><\/em>   <strong>Efeitos secund\u00e1rios menos comuns:<\/strong> Embora mais raros, alguns indiv\u00edduos podem experimentar:<br \/>\n    <em>   Tontura<br \/>\n    <\/em>   Mudan\u00e7as na vis\u00e3o (por exemplo, vis\u00e3o turva, dificuldade em distinguir entre azul e verde)<br \/>\n    <em>   Dor nos bra\u00e7os ou pernas<br \/>\n    <\/em>   Increased heart rate<br \/>\n    <em>   Taquicardia<\/p>\n<p><\/em>   <strong>Serious Side Effects (Rare but require immediate medical attention):<\/strong><br \/>\n    <em>   <strong>Priapismo:<\/strong> Uma ere\u00e7\u00e3o prolongada com dura\u00e7\u00e3o superior a 4 horas. Esta \u00e9 uma emerg\u00eancia m\u00e9dica que pode causar danos permanentes se n\u00e3o for tratada prontamente. Procure ajuda m\u00e9dica imediata se isso ocorrer.<br \/>\n    <\/em>   <strong>Perda de vis\u00e3o repentina:<\/strong> Em casos raros, os inibidores de PDE5 foram associados \u00e0 perda s\u00fabita da vis\u00e3o em um ou em ambos os olhos.<br \/>\n    <em>   <strong>Perda auditiva repentina:<\/strong> Da mesma forma, foi relatada uma audi\u00e7\u00e3o repentina ou perdida repentina.<br \/>\n    <\/em>   <strong>Allergic reactions:<\/strong> Os sintomas podem incluir erup\u00e7\u00f5es cut\u00e2neas, coceira, incha\u00e7o do rosto, l\u00e1bios, l\u00edngua ou garganta e dificuldade para respirar.<br \/>\n    <em>   <strong>Dor no peito, tonturas ou n\u00e1useas durante a atividade sexual.<\/strong><\/p>\n<p><\/em>   <strong>Precau\u00e7\u00f5es e contraindica\u00e7\u00f5es importantes:<\/strong><br \/>\n    <em>   <strong>Medicamentos de nitrato:<\/strong> A marca Cialis deve <strong>Nunca<\/strong> Ser tomado por indiv\u00edduos que tomam qualquer tipo de medicamento para nitrato (por exemplo, nitroglicerina para dor no peito). A combina\u00e7\u00e3o pode causar uma queda perigosa na press\u00e3o arterial.<br \/>\n    <\/em>   <strong>Bloqueadores alfa:<\/strong> Se voc\u00ea estiver tomando alfabloqueadores (usados para tratar a press\u00e3o alta ou condi\u00e7\u00f5es da pr\u00f3stata), tenha cuidado. Seu m\u00e9dico pode prescrever uma dose mais baixa de Cialis.<br \/>\n    <em>   <strong>Heart Conditions:<\/strong> Se voc\u00ea tiver problemas card\u00edacos pr\u00e9-existentes, como hist\u00f3rico de ataque card\u00edaco, derrame ou batimentos card\u00edacos irregulares, consulte seu m\u00e9dico antes de usar a marca Cialis.<br \/>\n    <\/em>   <strong>Press\u00e3o arterial baixa (hipotens\u00e3o):<\/strong> Se voc\u00ea tiver press\u00e3o baixa, use o Cialis da marca com cautela.<br \/>\n    <em>   <strong>Liver or Kidney Problems:<\/strong> Indiv\u00edduos com insufici\u00eancia renal ou hep\u00e1tica grave devem discutir sua adequa\u00e7\u00e3o para a marca Cialis com seu m\u00e9dico.<br \/>\n    <\/em>   <strong>Outras condi\u00e7\u00f5es m\u00e9dicas:<\/strong> Informe o seu m\u00e9dico sobre todas as suas condi\u00e7\u00f5es m\u00e9dicas, incluindo problemas de vis\u00e3o (como Retinitis pigmentosa), \u00falceras estomacais, dist\u00farbios hemorr\u00e1gicos e deformidades do p\u00eanis (por exemplo, doen\u00e7a de Peyronie).<\/p>\n<p>Quando voc\u00ea <strong>encomendar marca cialis online<\/strong> De n\u00f3s, recomendamos que voc\u00ea se familiarize com esses efeitos colaterais e precau\u00e7\u00f5es em potencial. Nosso objetivo \u00e9 fornecer medicamentos seguros e eficazes, e as escolhas informadas s\u00e3o uma parte crucial disso.<\/p>\n<h3>Transporte discreto em toda a Europa: sua privacidade \u00e9 nossa prioridade<\/h3>\n<p>Entendemos que comprar medicamentos on-line pode ser um assunto delicado. \u00c9 por isso que damos imensa import\u00e2ncia \u00e0 <strong>envio discreto<\/strong>. Quando voc\u00ea <strong>encomendar marca cialis online<\/strong> De nossa farm\u00e1cia europeia confi\u00e1vel, seu pacote ser\u00e1 embalado em embalagens simples e sem marca, sem indica\u00e7\u00e3o do conte\u00fado no exterior. Nossas etiquetas de remessa n\u00e3o exibir\u00e3o nosso nome como uma farm\u00e1cia on-line, garantindo sua privacidade desde o momento em que deixa nossas instala\u00e7\u00f5es at\u00e9 a chegada \u00e0 sua porta. Enviamos para:<\/p>\n<p><em>   Espanha<br \/>\n<\/em>   It\u00e1lia<br \/>\n<em>   Alemanha<br \/>\n<\/em>   Pa\u00edses Baixos<br \/>\n<em>   Pol\u00f3nia<br \/>\n<\/em>   Europa (geral)<br \/>\n<em>   Reino Unido<\/p>\n<p>Nossa log\u00edstica simplificada garante que seu pedido seja processado de forma eficiente e despachado imediatamente, aderindo a todos os regulamentos relevantes. Voc\u00ea pode confiar em n\u00f3s para entregar sua medica\u00e7\u00e3o de forma segura e discreta, permitindo que voc\u00ea recupere a confian\u00e7a e desfrute de uma vida \u00edntima gratificante sem estresse adicional.<\/p>\n<h3>Por que nos escolher para encomendar a marca Cialis online?<\/h3>\n<p>Como uma farm\u00e1cia on-line l\u00edder que atende \u00e0 Europa, temos o compromisso de oferecer um servi\u00e7o superior para todas as suas necessidades farmac\u00eauticas. Quando voc\u00ea <strong>encomendar marca cialis online<\/strong> with us, you benefit from:<\/p>\n<p><\/em>   <strong>Produtos aut\u00eanticos:<\/strong> N\u00f3s fornecemos nossos medicamentos diretamente de fabricantes respeit\u00e1veis, garantindo que voc\u00ea receba a marca genu\u00edna e de alta qualidade Cialis. Somos uma fonte confi\u00e1vel de medicamentos.<br \/>\n<em>   <strong>Pre\u00e7os competitivos:<\/strong> N\u00f3s nos esfor\u00e7amos para oferecer nossos medicamentos com o melhor pre\u00e7o poss\u00edvel, sem comprometer a qualidade.<br \/>\n<\/em>   <strong>Conveni\u00eancia e acessibilidade:<\/strong> Pe\u00e7a seu medicamento 24 horas por dia, 7 dias por semana, no conforto de sua casa. N\u00e3o h\u00e1 necessidade de viagens inconvenientes a uma farm\u00e1cia local.<br \/>\n<em>   <strong>Confidentiality:<\/strong> Suas informa\u00e7\u00f5es pessoais e hist\u00f3rico m\u00e9dico s\u00e3o tratados com o m\u00e1ximo rigor. Nosso site utiliza medidas de seguran\u00e7a avan\u00e7adas para proteger seus dados.<br \/>\n<\/em>   <strong>Entrega discreta:<\/strong> Conforme detalhado acima, sua privacidade \u00e9 primordial, e nossas pr\u00e1ticas discretas de embalagem e envio refletem esse compromisso.<br \/>\n*   <strong>Suporte especializado:<\/strong> Enquanto operamos como uma farm\u00e1cia on-line, recomendamos que voc\u00ea consulte seu m\u00e9dico. Nossa equipe de suporte ao cliente tamb\u00e9m est\u00e1 dispon\u00edvel para responder a perguntas gerais sobre nosso servi\u00e7o.<\/p>\n<h3>Conclus\u00e3o: Recupere sua confian\u00e7a com a marca Cialis<\/h3>\n<p>Se a disfun\u00e7\u00e3o er\u00e9til estiver afetando sua qualidade de vida e seus relacionamentos \u00edntimos, <strong>encomendar marca cialis online<\/strong> Pode ser uma decis\u00e3o que muda a vida. Conhecida por seu poderoso efeito de 36 horas, o Brand Cialis oferece uma solu\u00e7\u00e3o flex\u00edvel e eficaz para muitos homens. Somos seu vendedor on-line confi\u00e1vel, dedicado a fornecer acesso acess\u00edvel, acess\u00edvel e discreto a esse medicamento vital em toda a Espanha e no continente europeu em geral. Experimente a diferen\u00e7a que nosso servi\u00e7o confi\u00e1vel e produtos genu\u00ednos podem fazer. Recupere sua confian\u00e7a, melhore sua intimidade e desfrute de uma vida mais plena, escolhendo <strong>encomendar marca cialis online<\/strong> hoje.<\/p>","protected":false},"excerpt":{"rendered":"<p>Desbloqueie uma intimidade duradoura com a marca Cialis, confi\u00e1vel por sua efic\u00e1cia de 36 horas. Desenvolvido por Lilly, ele funciona aumentando o fluxo sangu\u00edneo para ere\u00e7\u00f5es mais fortes e confi\u00e1veis quando voc\u00ea precisar delas. Basta tomar um comprimido pelo menos 16 minutos antes da atividade sexual para obter resultados que podem durar at\u00e9 36 horas. Experimente a confian\u00e7a e a espontaneidade em seus momentos \u00edntimos.<\/p>","protected":false},"featured_media":9046,"template":"","meta":[],"product_brand":[],"product_cat":[488,285],"product_tag":[1557,1556,1559,1561,1555,1560,1427,1432,1558,1505],"class_list":{"0":"post-9045","1":"product","2":"type-product","3":"status-publish","4":"has-post-thumbnail","6":"product_cat-best-sellers","7":"product_cat-erectile-dysfunction","8":"product_tag-36-hour-effect","9":"product_tag-brand-cialis","10":"product_tag-buy-cialis","11":"product_tag-cialis-europe","12":"product_tag-cialis-online","13":"product_tag-cialis-spain","14":"product_tag-ed-treatment","15":"product_tag-erectile-dysfunction","16":"product_tag-order-cialis","17":"product_tag-tadalafil","19":"first","20":"instock","21":"shipping-taxable","22":"purchasable","23":"product-type-variable"},"_links":{"self":[{"href":"https:\/\/capsovia.com\/pt\/wp-json\/wp\/v2\/product\/9045","targetHints":{"allow":["GET"]}}],"collection":[{"href":"https:\/\/capsovia.com\/pt\/wp-json\/wp\/v2\/product"}],"about":[{"href":"https:\/\/capsovia.com\/pt\/wp-json\/wp\/v2\/types\/product"}],"version-history":[{"count":0,"href":"https:\/\/capsovia.com\/pt\/wp-json\/wp\/v2\/product\/9045\/revisions"}],"wp:featuredmedia":[{"embeddable":true,"href":"https:\/\/capsovia.com\/pt\/wp-json\/wp\/v2\/media\/9046"}],"wp:attachment":[{"href":"https:\/\/capsovia.com\/pt\/wp-json\/wp\/v2\/media?parent=9045"}],"wp:term":[{"taxonomy":"product_brand","embeddable":true,"href":"https:\/\/capsovia.com\/pt\/wp-json\/wp\/v2\/product_brand?post=9045"},{"taxonomy":"product_cat","embeddable":true,"href":"https:\/\/capsovia.com\/pt\/wp-json\/wp\/v2\/product_cat?post=9045"},{"taxonomy":"product_tag","embeddable":true,"href":"https:\/\/capsovia.com\/pt\/wp-json\/wp\/v2\/product_tag?post=9045"}],"curies":[{"name":"wp","href":"https:\/\/api.w.org\/{rel}","templated":true}]}}