{"id":9080,"date":"2024-09-26T01:32:07","date_gmt":"2024-09-26T01:32:07","guid":{"rendered":"https:\/\/pharmaplazaonline.com\/?post_type=product&#038;p=9080"},"modified":"2026-04-18T00:29:51","modified_gmt":"2026-04-18T00:29:51","slug":"marca-levitra","status":"publish","type":"product","link":"https:\/\/capsovia.com\/pt\/product\/marca-levitra\/","title":{"rendered":"Levitra de marca \u00e0 venda rapidamente"},"content":{"rendered":"<h2>Brand Levitra para venda r\u00e1pido: sua solu\u00e7\u00e3o discreta para disfun\u00e7\u00e3o er\u00e9til na Europa<\/h2>\n<p>voc\u00ea est\u00e1 procurando <strong>marca levitra para venda r\u00e1pido<\/strong>? N\u00e3o procure mais. Como uma farm\u00e1cia on-line respeit\u00e1vel que atende a Espanha, It\u00e1lia, Alemanha, Holanda, Pol\u00f4nia e o continente europeu em geral, entendemos a import\u00e2ncia de um acesso discreto e confi\u00e1vel a tratamentos eficazes. A disfun\u00e7\u00e3o er\u00e9til (DE) pode afetar a confian\u00e7a e os relacionamentos, mas adquirir <strong>Marca Levitra Online<\/strong> N\u00e3o deve ser uma fonte de estresse ou constrangimento. Nossa plataforma segura oferece uma marca genu\u00edna Levitra, fornecendo uma maneira r\u00e1pida e conveniente de comprar este poderoso medicamento. Somos sua fonte confi\u00e1vel de produtos de alta qualidade e produtos de sa\u00fade de venda livre, entregues discretamente \u00e0 sua porta na Europa e no Reino Unido.<\/p>\n<p>Quando voc\u00ea escolhe comprar <strong>marca levitra online r\u00e1pido<\/strong>, voc\u00ea est\u00e1 optando por um medicamento comprovado e confi\u00e1vel. Levitra, com seu ingrediente ativo Vardenafil, \u00e9 um dos principais tratamentos para a disfun\u00e7\u00e3o er\u00e9til, ajudando milh\u00f5es de homens em todo o mundo a recuperarem o controle de sua sa\u00fade sexual. Garantimos que ao fazer o pedido <strong>Vendo marca Levitra<\/strong>, voc\u00ea recebe um produto genu\u00edno e potente, fabricado de acordo com os mais altos padr\u00f5es farmac\u00eauticos.<\/p>\n<h3>Entendendo a marca Levitra: como funciona para voc\u00ea<\/h3>\n<p>A marca Levitra \u00e9 um inibidor da fosfodiesterase tipo 5 (PDE5). Seu mecanismo prim\u00e1rio envolve relaxar os m\u00fasculos do p\u00eanis e aumentar o fluxo sangu\u00edneo para a \u00e1rea. Esse fluxo sangu\u00edneo aprimorado \u00e9 crucial para alcan\u00e7ar e manter uma ere\u00e7\u00e3o firme o suficiente para a rela\u00e7\u00e3o sexual. O ingrediente ativo, Vardenafil, funciona inibindo a enzima PDE5, que \u00e9 respons\u00e1vel por quebrar o monofosfato c\u00edclico de guanosina (cGMP). O cGMP \u00e9 uma subst\u00e2ncia natural que desempenha um papel fundamental no processo er\u00e9til. Ao prevenir sua quebra, o vardenafil permite que o cGMP se acumule, levando \u00e0 vasodilata\u00e7\u00e3o e \u00e0 melhora da fun\u00e7\u00e3o er\u00e9til.<\/p>\n<p><strong>Especifica\u00e7\u00f5es-chave da marca Levitra:<\/strong><\/p>\n<p><em>   <strong>Ingrediente ativo:<\/strong> cloridrato de vardenafil<br \/>\n<\/em>   <strong>Available Strengths:<\/strong> Normalmente 5mg, 10mg e 20mg comprimidos. O seu m\u00e9dico ou profissional de sa\u00fade, se consultado, determinar\u00e1 a dosagem adequada. A autoavalia\u00e7\u00e3o para a dosagem \u00e9 poss\u00edvel devido ao nosso modelo sem prescri\u00e7\u00e3o, mas entender a resposta do seu corpo \u00e9 fundamental.<br \/>\n<em>   <strong>Formula\u00e7\u00e3o:<\/strong> Comprimidos orais<br \/>\n<\/em>   <strong>Onset of Action:<\/strong> Geralmente dentro de 25 a 60 minutos ap\u00f3s a ingest\u00e3o.<br \/>\n<em>   <strong>Dura\u00e7\u00e3o do efeito:<\/strong> At\u00e9 4-5 horas, embora isso possa variar de acordo com o metabolismo individual e outros fatores.<\/p>\n<h3>Por que escolher a marca Levitra online?<\/h3>\n<p>A comodidade e discri\u00e7\u00e3o oferecidas pela compra <strong>Vendo marca Levitra<\/strong> Atrav\u00e9s de nossa farm\u00e1cia online s\u00e3o incompar\u00e1veis. Reconhecemos que a privacidade \u00e9 primordial para muitos de nossos clientes. Nosso processo de pedido simplificado, gateway de pagamento seguro e embalagem discreta garantem que suas informa\u00e7\u00f5es pessoais e a natureza de sua compra permane\u00e7am confidenciais. Quando voc\u00ea precisar <strong>Marca Levitra na Espanha<\/strong> Ou qualquer outro pa\u00eds europeu, estamos equipados para entregar com efici\u00eancia e sem problemas.<\/p>\n<p><strong>Benef\u00edcios da compra da marca Levitra online:<\/strong><\/p>\n<p><\/em>   <strong>Entrega discreta:<\/strong> Seu pedido chega em uma embalagem simples e n\u00e3o marcada.<br \/>\n<em>   <strong>Conveni\u00eancia:<\/strong> Pe\u00e7a a qualquer hora, em qualquer lugar, sem precisar visitar uma farm\u00e1cia f\u00edsica.<br \/>\n<\/em>   <strong>Acessibilidade:<\/strong> Obtenha o medicamento que voc\u00ea precisa sem a necessidade de receita m\u00e9dica, facilitando o acesso ao tratamento imediatamente.<br \/>\n<em>   <strong>ampla \u00e1rea de servi\u00e7o:<\/strong> N\u00f3s enviamos a marca Levitra para Espanha, It\u00e1lia, Alemanha, Holanda, Pol\u00f4nia, Europa e Reino Unido.<br \/>\n<\/em>   <strong>Produto genu\u00edno:<\/strong> Garantia de receber levitra de marca aut\u00eantica e de alta qualidade.<\/p>\n<h3>Como usar a marca Levitra com seguran\u00e7a e efic\u00e1cia<\/h3>\n<p>Uso <strong>Marca Levitra<\/strong> Requer uma compreens\u00e3o clara de sua dosagem e administra\u00e7\u00e3o. \u00c9 importante tomar o comprimido conforme indicado para obter os melhores resultados e minimizar os efeitos colaterais potenciais. Enquanto oferecemos <strong>marca levitra sem receita<\/strong>, entender as diretrizes gerais de uso \u00e9 crucial para o seu bem-estar.<\/p>\n<p><strong>Orienta\u00e7\u00e3o de dosagem para a marca Levitra:<\/strong><\/p>\n<p>1.  <strong>Dose inicial t\u00edpica:<\/strong> Para muitos homens, uma dose inicial de 10mg de marca Levitra consumida aproximadamente 60 minutos antes da atividade sexual ser recomendada.<br \/>\n2.  <strong>Ajuste da dosagem:<\/strong> Dependendo da efic\u00e1cia e da tolerabilidade, a dose pode ser aumentada para 20 mg ou diminu\u00edda para 5 mg. \u00c9 aconselh\u00e1vel come\u00e7ar com a menor dose eficaz.<br \/>\n3.  <strong>Frequ\u00eancia:<\/strong> N\u00e3o tome a marca Levitra mais de uma vez por dia.<br \/>\n4.  <strong>Administra\u00e7\u00e3o:<\/strong> Engula o comprimido inteiro com um copo de \u00e1gua. Pode ser tomado com ou sem alimentos. No entanto, uma refei\u00e7\u00e3o rica em gordura pode atrasar o in\u00edcio da a\u00e7\u00e3o.<\/p>\n<p><strong>Considera\u00e7\u00f5es importantes para o uso:<\/strong><\/p>\n<p><em>   <strong>Timing:<\/strong> Tome a marca Levitra cerca de 60 minutos antes da atividade sexual prevista.<br \/>\n<\/em>   <strong>Estimula\u00e7\u00e3o sexual:<\/strong> A marca Levitra n\u00e3o causa uma ere\u00e7\u00e3o por conta pr\u00f3pria; A estimula\u00e7\u00e3o sexual \u00e9 necess\u00e1ria para que seja eficaz.<br \/>\n<em>   <strong>Consumo de \u00e1lcool:<\/strong> A ingest\u00e3o excessiva de \u00e1lcool pode aumentar o risco de efeitos colaterais, como tonturas e dores de cabe\u00e7a, e pode prejudicar a fun\u00e7\u00e3o er\u00e9til.<\/p>\n<h3>Quais s\u00e3o os efeitos colaterais da marca Levitra?<\/h3>\n<p>Como todos os medicamentos, a marca Levitra pode causar efeitos colaterais, embora nem todos os experimentem. A maioria dos efeitos colaterais associados \u00e0 marca Levitra s\u00e3o leves a moderados e tendem a ser tempor\u00e1rios. Se voc\u00ea tiver efeitos colaterais graves ou persistentes, interrompa o uso e consulte um profissional de sa\u00fade.<\/p>\n<p><strong>Efeitos secund\u00e1rios comuns:<\/strong><\/p>\n<p><\/em>   Dor de cabe\u00e7a<br \/>\n<em>   Tontura<br \/>\n<\/em>   rubor (vermelhid\u00e3o ou calor no rosto, pesco\u00e7o ou peito)<br \/>\n<em>   Stuffy or runny nose<br \/>\n<\/em>   Indigestion<\/p>\n<p><strong>Efeitos secund\u00e1rios menos comuns:<\/strong><\/p>\n<p><em>   Dor nas costas<br \/>\n<\/em>   Dores musculares<br \/>\n<em>   N\u00e1useas<br \/>\n<\/em>   Abdominal pain<br \/>\n<em>   Increased heart rate<br \/>\n<\/em>   Mudan\u00e7as na vis\u00e3o (por exemplo, vis\u00e3o turva, percep\u00e7\u00e3o alterada de cores) \u2013 <strong>Procure atendimento m\u00e9dico imediato se eles ocorrerem.<\/strong><\/p>\n<p><strong>Efeitos colaterais raros, mas graves:<\/strong><\/p>\n<p><em>   <strong>Priapismo:<\/strong> Uma ere\u00e7\u00e3o prolongada e dolorosa que dura mais de 4 horas. Esta \u00e9 uma emerg\u00eancia m\u00e9dica e requer aten\u00e7\u00e3o imediata para evitar danos permanentes.<br \/>\n<\/em>   <strong>Perda s\u00fabita da vis\u00e3o em um ou em ambos os olhos.<\/strong><br \/>\n<em>   <strong>diminui\u00e7\u00e3o ou perda s\u00fabita da audi\u00e7\u00e3o.<\/strong><br \/>\n<\/em>   <strong>Allergic reactions:<\/strong> Erup\u00e7\u00e3o cut\u00e2nea, coceira, incha\u00e7o do rosto, l\u00e1bios, l\u00edngua ou garganta, dificuldade para respirar.<\/p>\n<p><strong>Contra-indica\u00e7\u00f5es e precau\u00e7\u00f5es:<\/strong><\/p>\n<p>\u00c9 crucial estar ciente de situa\u00e7\u00f5es em que a marca Levitra n\u00e3o deve ser usada ou usada com cautela.<\/p>\n<p><em>   <strong>Nitratos:<\/strong> A marca Levitra deve <strong>N\u00e3o,<\/strong> Ser tomado por indiv\u00edduos que est\u00e3o usando qualquer tipo de medicamento para nitrato (geralmente prescrito para dor no peito ou problemas card\u00edacos) devido a um potencial para uma queda perigosa na press\u00e3o arterial. Isso inclui nitroglicerina, dinitrato de isosorbida e mononitrato de isosorbida.<br \/>\n<\/em>   <strong>Bloqueadores alfa:<\/strong> O uso da marca Levitra com alfa-bloqueadores (usados para tratar press\u00e3o alta e aumento da pr\u00f3stata) deve ser abordado com cautela.<br \/>\n<em>   <strong>Heart Conditions:<\/strong> Indiv\u00edduos com problemas card\u00edacos ou hep\u00e1ticos graves, ou aqueles que tiveram um ataque card\u00edaco ou derrame recente, devem consultar um profissional de sa\u00fade antes de usar a marca Levitra, embora ofere\u00e7amos sem receita m\u00e9dica, \u00e9 importante entender esses riscos.<br \/>\n<\/em>   <strong>Outras condi\u00e7\u00f5es m\u00e9dicas:<\/strong> Informe o seu m\u00e9dico ou considere seu pr\u00f3prio estado de sa\u00fade em rela\u00e7\u00e3o a condi\u00e7\u00f5es como press\u00e3o baixa, press\u00e3o alta descontrolada, certas condi\u00e7\u00f5es oculares (por exemplo, Retinitis pigmentosa) ou um hist\u00f3rico de priapismo.<\/p>\n<h3>Por que nos escolher para a compra da sua marca Levitra?<\/h3>\n<p>Como um vendedor on-line confi\u00e1vel, temos o compromisso de fornecer medicamentos genu\u00ednos e de alta qualidade com um atendimento excepcional ao cliente. Quando voc\u00ea procura <strong>marca levitra para venda r\u00e1pido<\/strong>, voc\u00ea est\u00e1 procurando confiabilidade, acessibilidade e discri\u00e7\u00e3o, que s\u00e3o precisamente o que oferecemos. Nossa rede de distribui\u00e7\u00e3o europeia garante que voc\u00ea receba seu <strong>Marca Levitra na Alemanha<\/strong>, <strong>Marca Levitra na It\u00e1lia<\/strong>, ou <strong>Marca Levitra na Holanda<\/strong> prontamente e com seguran\u00e7a.<\/p>\n<p>Orgulhamo-nos de ser uma farm\u00e1cia online respeit\u00e1vel, oferecendo uma maneira segura e conveniente de comprar medicamentos essenciais. Sua sa\u00fade e satisfa\u00e7\u00e3o s\u00e3o nossas prioridades. Encomenda <strong>marca levitra online na europa<\/strong> Nunca foi t\u00e3o f\u00e1cil ou mais confi\u00e1vel.<\/p>\n<p><strong>O nosso compromisso com voc\u00ea:<\/strong><\/p>\n<p><em>   <strong>Authenticity Guaranteed:<\/strong> N\u00f3s fornecemos nossos produtos diretamente de fabricantes licenciados.<br \/>\n<\/em>   <strong>Transa\u00e7\u00f5es online seguras:<\/strong> Seus pagamentos e informa\u00e7\u00f5es pessoais est\u00e3o protegidos.<br \/>\n<em>   <strong>Envio r\u00e1pido e discreto:<\/strong> Entendemos a necessidade de privacidade e efici\u00eancia.<br \/>\n<\/em>   <strong>Informa\u00e7\u00f5es abrangentes sobre o produto:<\/strong> Nosso objetivo \u00e9 fornecer todos os detalhes necess\u00e1rios para tomar uma decis\u00e3o informada.<\/p>\n<h3>Perguntas frequentes sobre a marca Levitra<\/h3>\n<p><strong>P: Com que rapidez a marca Levitra come\u00e7a a funcionar?<\/strong><br \/>\nR: A marca Levitra normalmente come\u00e7a a funcionar dentro de 25 a 60 minutos ap\u00f3s a ingest\u00e3o de um comprimido. \u00c9 melhor tomar cerca de uma hora antes da atividade sexual.<\/p>\n<p><strong>P: Posso comprar a marca Levitra sem receita m\u00e9dica na Europa?<\/strong><br \/>\nR: Sim, como uma farm\u00e1cia on-line l\u00edder, fornecemos acesso \u00e0 marca Levitra sem a necessidade de receita m\u00e9dica, facilitando a obten\u00e7\u00e3o do tratamento de que precisa.<\/p>\n<p><strong>P: Quanto tempo dura o efeito da marca Levitra?<\/strong><br \/>\nR: Os efeitos da marca Levitra podem durar de 4 a 5 horas, permitindo uma janela de oportunidade para atividade sexual.<\/p>\n<p><strong>P: Qual \u00e9 a dosagem t\u00edpica da marca Levitra?<\/strong><br \/>\nA: A dose inicial usual \u00e9 de 10mg, tomada cerca de uma hora antes da rela\u00e7\u00e3o sexual. Dependendo da efic\u00e1cia e da tolerabilidade, isso pode ser ajustado para 5mg ou 20mg. \u00c9 importante usar a dose eficaz mais baixa.<\/p>\n<p><strong>P: Brand Levitra \u00e9 seguro para todos?<\/strong><br \/>\nA: A marca Levitra n\u00e3o \u00e9 adequada para todos. N\u00e3o deve ser tomado por indiv\u00edduos que usam medicamentos para nitrato. Se voc\u00ea tiver alguma condi\u00e7\u00e3o m\u00e9dica pr\u00e9-existente, principalmente do cora\u00e7\u00e3o, consulte um profissional de sa\u00fade ou considere cuidadosamente seu estado de sa\u00fade antes de fazer o pedido.<\/p>\n<p><strong>P: Como posso ter certeza de que estou obtendo uma levitra de marca genu\u00edna?<\/strong><br \/>\nR: Somos uma farm\u00e1cia on-line respeit\u00e1vel comprometida em fornecer apenas produtos farmac\u00eauticos genu\u00ednos. Voc\u00ea pode confiar que ao fazer o pedido <strong>marca levitra para venda r\u00e1pido<\/strong> De n\u00f3s, voc\u00ea est\u00e1 recebendo medica\u00e7\u00e3o aut\u00eantica.<\/p>\n<p><strong>P: Para onde voc\u00ea envia a marca Levitra?<\/strong><br \/>\nA: Oferecemos envio discreto da marca Levitra para Espanha, It\u00e1lia, Alemanha, Holanda, Pol\u00f4nia e mercado europeu e europeu em geral.<\/p>\n<h3>Recupere sua confian\u00e7a com a marca Levitra<\/h3>\n<p>Lidar com a disfun\u00e7\u00e3o er\u00e9til pode ser um desafio, mas o tratamento eficaz est\u00e1 prontamente dispon\u00edvel. Quando voc\u00ea precisar <strong>marca levitra para venda r\u00e1pido<\/strong>, escolha um fornecedor em que possa confiar. Nosso compromisso com a qualidade, discri\u00e7\u00e3o e atendimento ao cliente nos torna a escolha ideal para comprar a marca Levitra online em toda a Europa. N\u00e3o deixe ED controlar sua vida. Aproveite o nosso servi\u00e7o conveniente e experimente os benef\u00edcios do Brand Levitra, uma solu\u00e7\u00e3o confi\u00e1vel para disfun\u00e7\u00e3o er\u00e9til. pe\u00e7a o seu <strong>Marca Levitra<\/strong> hoje e dar um passo significativo para restaurar sua sa\u00fade e confian\u00e7a sexual. N\u00f3s somos sua fonte confi\u00e1vel para <strong>Marca Levitra na Pol\u00f4nia<\/strong>, <strong>Marca Levitra no Reino Unido<\/strong>e em toda a Europa, garantindo que voc\u00ea receba o tratamento r\u00e1pido, discreto e eficaz que voc\u00ea merece.<\/p>","protected":false},"excerpt":{"rendered":"<p>Experimente a confian\u00e7a que voc\u00ea merece com a marca Levitra, sua solu\u00e7\u00e3o de a\u00e7\u00e3o r\u00e1pida para disfun\u00e7\u00e3o er\u00e9til. Desenvolvido pela Bayer\/GlaxoSmithKline e com Vardenafil HCL, o Levitra funciona aumentando o fluxo sangu\u00edneo para o p\u00eanis, ajudando voc\u00ea a alcan\u00e7ar e manter uma ere\u00e7\u00e3o firme quando sexualmente estimulado. Recupere sua intimidade e desfrute de encontros satisfat\u00f3rios com este medicamento confi\u00e1vel.<\/p>","protected":false},"featured_media":9081,"template":"","meta":[],"product_brand":[],"product_cat":[488,285],"product_tag":[1549,1457,1553,1554,1552,1551,1550,1450,1548,1464],"class_list":{"0":"post-9080","1":"product","2":"type-product","3":"status-publish","4":"has-post-thumbnail","6":"product_cat-best-sellers","7":"product_cat-erectile-dysfunction","8":"product_tag-brand-levitra-for-sale","9":"product_tag-buy-levitra-fast","10":"product_tag-buy-levitra-germany","11":"product_tag-buy-levitra-italy","12":"product_tag-buy-levitra-spain","13":"product_tag-discreet-levitra-delivery","14":"product_tag-ed-medication-europe","15":"product_tag-erectile-dysfunction-treatment","16":"product_tag-levitra-online","17":"product_tag-vardenafil-online","19":"first","20":"instock","21":"shipping-taxable","22":"purchasable","23":"product-type-variable"},"_links":{"self":[{"href":"https:\/\/capsovia.com\/pt\/wp-json\/wp\/v2\/product\/9080","targetHints":{"allow":["GET"]}}],"collection":[{"href":"https:\/\/capsovia.com\/pt\/wp-json\/wp\/v2\/product"}],"about":[{"href":"https:\/\/capsovia.com\/pt\/wp-json\/wp\/v2\/types\/product"}],"version-history":[{"count":0,"href":"https:\/\/capsovia.com\/pt\/wp-json\/wp\/v2\/product\/9080\/revisions"}],"wp:featuredmedia":[{"embeddable":true,"href":"https:\/\/capsovia.com\/pt\/wp-json\/wp\/v2\/media\/9081"}],"wp:attachment":[{"href":"https:\/\/capsovia.com\/pt\/wp-json\/wp\/v2\/media?parent=9080"}],"wp:term":[{"taxonomy":"product_brand","embeddable":true,"href":"https:\/\/capsovia.com\/pt\/wp-json\/wp\/v2\/product_brand?post=9080"},{"taxonomy":"product_cat","embeddable":true,"href":"https:\/\/capsovia.com\/pt\/wp-json\/wp\/v2\/product_cat?post=9080"},{"taxonomy":"product_tag","embeddable":true,"href":"https:\/\/capsovia.com\/pt\/wp-json\/wp\/v2\/product_tag?post=9080"}],"curies":[{"name":"wp","href":"https:\/\/api.w.org\/{rel}","templated":true}]}}