{"id":9153,"date":"2024-09-26T02:19:59","date_gmt":"2024-09-26T02:19:59","guid":{"rendered":"https:\/\/pharmaplazaonline.com\/?post_type=product&#038;p=9153"},"modified":"2026-04-18T00:27:47","modified_gmt":"2026-04-18T00:27:47","slug":"caverta-disfuncion-erectil","status":"publish","type":"product","link":"https:\/\/capsovia.com\/pt\/product\/caverta-disfuncion-erectil\/","title":{"rendered":"Caverta para disfun\u00e7\u00e3o er\u00e9til: compre agora"},"content":{"rendered":"<h2>Caverta para disfun\u00e7\u00e3o er\u00e9til: sua solu\u00e7\u00e3o confi\u00e1vel para o bem-estar \u00edntimo<\/h2>\n<p>Voc\u00ea est\u00e1 procurando uma maneira discreta e eficaz de gerenciar a disfun\u00e7\u00e3o er\u00e9til (DE) e recuperar sua vida \u00edntima? N\u00e3o procure mais que o Caverta, um medicamento l\u00edder especificamente formulado para enfrentar os desafios da impot\u00eancia. Como sua farm\u00e1cia on-line confi\u00e1vel, especializada em fornecer acesso a solu\u00e7\u00f5es essenciais de sa\u00fade em toda a Europa, temos orgulho de oferecer a Caverta para disfun\u00e7\u00e3o er\u00e9til, um produto que ajudou in\u00fameras pessoas a recuperar a confian\u00e7a e a satisfa\u00e7\u00e3o. Nosso compromisso \u00e9 fornecer medicamentos de alta qualidade de forma discreta e eficiente, garantindo que voc\u00ea receba o suporte necess\u00e1rio quando precisar.<\/p>\n<h3>Compreender a disfun\u00e7\u00e3o er\u00e9til e op\u00e7\u00f5es eficazes de tratamento<\/h3>\n<p>A disfun\u00e7\u00e3o er\u00e9til, tamb\u00e9m conhecida como impot\u00eancia, \u00e9 uma condi\u00e7\u00e3o comum que afeta milh\u00f5es de homens em todo o mundo. \u00c9 caracterizado pela incapacidade persistente de alcan\u00e7ar ou manter uma ere\u00e7\u00e3o firme o suficiente para uma rela\u00e7\u00e3o sexual satisfat\u00f3ria. As causas da DE s\u00e3o diversas, desde condi\u00e7\u00f5es f\u00edsicas como doen\u00e7as card\u00edacas, diabetes, obesidade e press\u00e3o alta, at\u00e9 fatores psicol\u00f3gicos, como estresse, ansiedade e depress\u00e3o. As escolhas de estilo de vida, incluindo tabagismo e consumo excessivo de \u00e1lcool, tamb\u00e9m podem desempenhar um papel significativo.<\/p>\n<p>Felizmente, tratamentos eficazes est\u00e3o dispon\u00edveis, e Caverta se destaca como uma op\u00e7\u00e3o confi\u00e1vel e confi\u00e1vel. Fabricado por uma empresa farmac\u00eautica respeit\u00e1vel, Caverta cont\u00e9m citrato de sildenafil, o mesmo ingrediente ativo encontrado em outros medicamentos conhecidos. Isso permite que ele funcione aumentando o fluxo sangu\u00edneo para o p\u00eanis, facilitando a ere\u00e7\u00e3o em resposta \u00e0 estimula\u00e7\u00e3o sexual.<\/p>\n<h3>Caverta: especifica\u00e7\u00f5es, dosagem e como funciona<\/h3>\n<p>Caverta est\u00e1 dispon\u00edvel em v\u00e1rios pontos fortes, normalmente comprimidos de 50mg e 100mg, para atender \u00e0s necessidades individuais e \u00e0s recomenda\u00e7\u00f5es m\u00e9dicas. O ingrediente ativo, o citrato de sildenafil, pertence a uma classe de medicamentos denominados inibidores da fosfodiesterase tipo 5 (PDE5).<\/p>\n<p>Aqui est\u00e1 uma an\u00e1lise detalhada de como o Caverta funciona:<\/p>\n<p><em>   <strong>Mecanismo de a\u00e7\u00e3o:<\/strong> Quando sexualmente estimulado, o corpo libera \u00f3xido n\u00edtrico, que sinaliza aos m\u00fasculos lisos do p\u00eanis para relaxar. Este relaxamento permite o aumento do fluxo sangu\u00edneo para os tecidos er\u00e9teis, levando a uma ere\u00e7\u00e3o. Simultaneamente, uma enzima chamada PDE5 decomp\u00f5e o monofosfato c\u00edclico de guanosina (cGMP), uma subst\u00e2ncia que ajuda a manter a ere\u00e7\u00e3o. A Caverta funciona inibindo o PDE5, evitando a quebra do cGMP. Isso permite que o cGMP permane\u00e7a dispon\u00edvel por mais tempo, promovendo ere\u00e7\u00f5es melhores e mais sustentadas.<br \/>\n<\/em>   <strong>Onset of Action:<\/strong> Caverta normalmente come\u00e7a a trabalhar dentro de 30 a 60 minutos ap\u00f3s a ingest\u00e3o, embora para alguns indiv\u00edduos, pode levar at\u00e9 uma hora. \u00c9 crucial tomar o medicamento com o est\u00f4mago vazio para uma absor\u00e7\u00e3o ideal e resultados mais r\u00e1pidos. Consumir refei\u00e7\u00f5es gordurosas antes de tomar Caverta pode atrasar seu in\u00edcio de a\u00e7\u00e3o.<br \/>\n<em>   <strong>Dura\u00e7\u00e3o do efeito:<\/strong> Os efeitos da Caverta podem durar aproximadamente 4 a 6 horas, proporcionando uma janela suficiente para a atividade sexual. \u00c9 importante notar que Caverta n\u00e3o causa uma ere\u00e7\u00e3o por conta pr\u00f3pria; A estimula\u00e7\u00e3o sexual ainda \u00e9 necess\u00e1ria para que o medicamento seja eficaz.<br \/>\n<\/em>   <strong>Recommended Dosage:<\/strong> A dose inicial padr\u00e3o para a maioria dos homens \u00e9 de 50mg, tomada conforme necess\u00e1rio antes da atividade sexual prevista. No entanto, dependendo da sua resposta e toler\u00e2ncia, seu m\u00e9dico pode ajustar a dosagem para 100mg ou reduzi-la para 25mg. Sempre siga as instru\u00e7\u00f5es de dosagem fornecidas pelo seu m\u00e9dico ou conforme indicado na embalagem do produto. Nunca exceda a dose recomendada.<\/p>\n<h3>Benef\u00edcios de escolher Caverta para suas necessidades de disfun\u00e7\u00e3o er\u00e9til<\/h3>\n<p>Ao escolher a Caverta em nossa farm\u00e1cia on-line respeit\u00e1vel, voc\u00ea opta por uma solu\u00e7\u00e3o que ofere\u00e7a in\u00fameras vantagens:<\/p>\n<p><em>   <strong>Efic\u00e1cia:<\/strong> Caverta tem um hist\u00f3rico comprovado de sucesso em ajudar os homens a alcan\u00e7ar e manter ere\u00e7\u00f5es, melhorando significativamente o desempenho e a satisfa\u00e7\u00e3o sexual.<br \/>\n<\/em>   <strong>Entrega discreta:<\/strong> Entendemos a sensibilidade em torno dos tratamentos de disfun\u00e7\u00e3o er\u00e9til. \u00c9 por isso que oferecemos um transporte completamente discreto para a Espanha, It\u00e1lia, Alemanha, Holanda, Pol\u00f4nia, Reino Unido e em toda a Europa. Seu pedido ser\u00e1 embalado de forma segura e an\u00f4nima, garantindo que sua privacidade esteja protegida.<br \/>\n<em>   <strong>Acessibilidade:<\/strong> Voc\u00ea pode comprar o Caverta on-line convenientemente sem receita m\u00e9dica de nossa plataforma confi\u00e1vel, economizando tempo e o constrangimento potencial de visitar uma farm\u00e1cia f\u00edsica.<br \/>\n<\/em>   <strong>Cost-Effective:<\/strong> A Caverta oferece uma alternativa de alta qualidade e acess\u00edvel para o tratamento de DE, tornando-a acess\u00edvel a uma ampla gama de indiv\u00edduos.<br \/>\n<em>   <strong>Melhoria da confian\u00e7a e relacionamentos:<\/strong> O gerenciamento bem-sucedido de ED pode levar a um aumento significativo na autoestima, \u00e0 redu\u00e7\u00e3o da ansiedade e em um relacionamento \u00edntimo mais gratificante com seu parceiro.<\/p>\n<h3>Usando Caverta com seguran\u00e7a e efic\u00e1cia: considera\u00e7\u00f5es importantes<\/h3>\n<p>Embora Caverta seja um medicamento seguro e eficaz para a maioria dos homens, \u00e9 crucial us\u00e1-lo com responsabilidade. Aqui est\u00e3o alguns pontos importantes a ter em mente:<\/p>\n<p><\/em>   <strong>Consult Your Doctor:<\/strong> Embora voc\u00ea possa comprar Caverta sem receita m\u00e9dica em nossa farm\u00e1cia on-line, \u00e9 sempre aconselh\u00e1vel consultar um profissional de sa\u00fade antes de iniciar qualquer novo medicamento, especialmente se voc\u00ea tiver condi\u00e7\u00f5es de sa\u00fade pr\u00e9-existentes ou estiver tomando outros medicamentos. Eles podem ajudar a determinar se Caverta \u00e9 a escolha certa para voc\u00ea e aconselhar sobre a dosagem apropriada.<br \/>\n<em>   <strong>Contra-indica\u00e7\u00f5es:<\/strong> Caverta n\u00e3o deve ser usado por indiv\u00edduos que tomam medicamentos para nitrato (geralmente prescritos para dor no peito ou angina), pois essa combina\u00e7\u00e3o pode causar uma queda perigosa na press\u00e3o arterial. Informe o seu m\u00e9dico sobre todos os medicamentos que voc\u00ea est\u00e1 tomando atualmente.<br \/>\n<\/em>   <strong>Efeitos secund\u00e1rios:<\/strong> Como todos os medicamentos, Caverta pode causar efeitos colaterais, embora nem todos os experimentem. Os efeitos colaterais comuns incluem:<br \/>\n    <em>   Dor de cabe\u00e7a<br \/>\n    <\/em>   rubor (vermelhid\u00e3o e calor no rosto e pesco\u00e7o)<br \/>\n    <em>   Indigestion<br \/>\n    <\/em>   Congest\u00e3o nasal<br \/>\n    <em>   Dist\u00farbios visuais (por exemplo, vis\u00e3o turva, mudan\u00e7as na percep\u00e7\u00e3o da cor)<br \/>\n    <\/em>   Tontura<br \/>\n    Efeitos colaterais menos comuns, mas mais graves, podem incluir priapismo (uma ere\u00e7\u00e3o prolongada com dura\u00e7\u00e3o superior a 4 horas), perda s\u00fabita da vis\u00e3o ou perda s\u00fabita da audi\u00e7\u00e3o. Se voc\u00ea tiver efeitos colaterais graves ou persistentes, procure atendimento m\u00e9dico imediato.<br \/>\n<em>   <strong>Consumo de \u00e1lcool:<\/strong> O consumo excessivo de \u00e1lcool pode prejudicar a fun\u00e7\u00e3o er\u00e9til e pode aumentar o risco de tonturas e uma queda na press\u00e3o arterial ao tomar Caverta. \u00c9 melhor limitar o consumo de \u00e1lcool ao usar este medicamento.<br \/>\n<\/em>   <strong>Conduzir e utilizar m\u00e1quinas:<\/strong> Caverta pode causar tonturas ou afetar a vis\u00e3o. Se voc\u00ea sentir esses sintomas, evite dirigir ou operar m\u00e1quinas pesadas at\u00e9 que elas diminuam.<\/p>\n<h3>Compre Caverta para disfun\u00e7\u00e3o er\u00e9til: seu caminho para a intimidade renovada<\/h3>\n<p>Em nossa farm\u00e1cia on-line respeit\u00e1vel, nos dedicamos a fornecer um servi\u00e7o perfeito e confi\u00e1vel para todas as suas necessidades de medicamentos. Quando voc\u00ea escolhe comprar Caverta para disfun\u00e7\u00e3o er\u00e9til de n\u00f3s, voc\u00ea est\u00e1 escolhendo:<\/p>\n<p><em>   <strong>Produtos genu\u00ednos:<\/strong> N\u00f3s fornecemos nossos medicamentos de fabricantes leg\u00edtimos, garantindo que voc\u00ea receba produtos aut\u00eanticos e de alta qualidade.<br \/>\n<\/em>   <strong>Encomendas online seguras:<\/strong> Nosso site \u00e9 seguro e amig\u00e1vel, permitindo que voc\u00ea fa\u00e7a seu pedido com confian\u00e7a.<br \/>\n<em>   <strong>Envio europeu r\u00e1pido e discreto:<\/strong> N\u00f3s despachamos pedidos imediatamente e garantimos que eles sejam embalados discretamente para sua privacidade. N\u00f3s enviamos para Espanha, It\u00e1lia, Alemanha, holand\u00eas, Pol\u00f4nia, Holanda, Europa e Reino Unido.<br \/>\n<\/em>   <strong>Apoio ao cliente:<\/strong> Our team is available to answer any questions you may have regarding your order or our products.<\/p>\n<p>N\u00e3o deixe que a disfun\u00e7\u00e3o er\u00e9til dite sua vida. Recupere sua sa\u00fade e confian\u00e7a sexual com Caverta. Somos um vendedor on-line confi\u00e1vel comprometido com o seu bem-estar, oferecendo uma fonte respeit\u00e1vel de medicamentos que podem fazer uma diferen\u00e7a real.<\/p>\n<h3>Perguntas frequentes sobre Caverta<\/h3>\n<p><strong>Q1: Com que rapidez o Caverta funciona?<\/strong><br \/>\nA1: Caverta normalmente come\u00e7a a trabalhar entre 30 a 60 minutos ap\u00f3s voc\u00ea tom\u00e1-lo. Para alguns homens, pode demorar at\u00e9 uma hora.<\/p>\n<p><strong>Q2: Quanto tempo dura a Caverta?<\/strong><br \/>\nA2: Os efeitos da Caverta podem durar cerca de 4 a 6 horas, permitindo um per\u00edodo adequado para a atividade sexual.<\/p>\n<p><strong>Q3: Posso tomar Caverta todos os dias?<\/strong><br \/>\nA3: Caverta foi projetado para ser tomado conforme necess\u00e1rio antes da atividade sexual. Seu m\u00e9dico ir\u00e1 aconselhar sobre a frequ\u00eancia de uso adequada com base em suas necessidades individuais. Normalmente n\u00e3o \u00e9 recomendado para uso di\u00e1rio, a menos que seja especificamente prescrito.<\/p>\n<p><strong>Q4: Que alimentos devo evitar ao tomar Caverta?<\/strong><br \/>\nA4: \u00c9 melhor evitar refei\u00e7\u00f5es pesadas e gordurosas antes de tomar Caverta, pois podem retardar a absor\u00e7\u00e3o do medicamento e retardar seu in\u00edcio de a\u00e7\u00e3o.<\/p>\n<p><strong>Q5: O que devo fazer se eu perder uma dose de Caverta?<\/strong><br \/>\nA5: Como o Caverta \u00e9 tomado conforme necess\u00e1rio, voc\u00ea geralmente n\u00e3o perder\u00e1 uma dose no sentido tradicional. Se voc\u00ea planeja atividade sexual e se esquece de tomar Caverta de antem\u00e3o, pode tom\u00e1-lo quando se lembrar, desde que esteja dentro do prazo efetivo (normalmente at\u00e9 uma hora antes). N\u00e3o tome uma dose dupla para compensar uma falta.<\/p>\n<p><strong>Q6: Caverta \u00e9 seguro para todos com disfun\u00e7\u00e3o er\u00e9til?<\/strong><br \/>\nA6: Embora o Caverta seja seguro para muitos, n\u00e3o \u00e9 adequado para todos. Indiv\u00edduos com certos problemas card\u00edacos, tomando medicamentos para nitrato ou que possuem hist\u00f3rico m\u00e9dico devem consultar um m\u00e9dico antes do uso.<\/p>\n<p><strong>Q7: Onde posso comprar o Caverta online na Europa?<\/strong><br \/>\nA7: Voc\u00ea pode comprar o Caverta para disfun\u00e7\u00e3o er\u00e9til on-line em nossa farm\u00e1cia on-line confi\u00e1vel e confi\u00e1vel. Oferecemos transporte discreto para a Espanha, It\u00e1lia, Alemanha, holand\u00eas, Pol\u00f4nia, Holanda, Europa e Reino Unido.<\/p>\n<p><strong>Caverta para disfun\u00e7\u00e3o er\u00e9til: compre agora<\/strong> E experimente a diferen\u00e7a que uma solu\u00e7\u00e3o ED confi\u00e1vel pode fazer. Nossa plataforma \u00e9 sua fonte confi\u00e1vel de medicamentos acess\u00edveis e discretos, capacitando voc\u00ea a assumir o controle de sua sa\u00fade e bem-estar sexual.<\/p>","protected":false},"excerpt":{"rendered":"<p>Recupere a confian\u00e7a e revitalize sua vida \u00edntima com a Caverta, a solu\u00e7\u00e3o confi\u00e1vel para a disfun\u00e7\u00e3o er\u00e9til. Este medicamento foi projetado para ajud\u00e1-lo a alcan\u00e7ar e manter uma ere\u00e7\u00e3o quando sexualmente estimulado. Basta tomar um comprimido com \u00e1gua cerca de uma hora antes da intimidade e experimentar sua efic\u00e1cia por at\u00e9 4 horas. Lembre-se de consultar seu m\u00e9dico para uma dosagem personalizada e para garantir que a Caverta seja a escolha certa para voc\u00ea.<\/p>","protected":false},"featured_media":9154,"template":"","meta":[],"product_brand":[],"product_cat":[488,285],"product_tag":[1507,1417,1506,1436,1432,1510,1508,1441,1509,1445],"class_list":{"0":"post-9153","1":"product","2":"type-product","3":"status-publish","4":"has-post-thumbnail","6":"product_cat-best-sellers","7":"product_cat-erectile-dysfunction","8":"product_tag-buy-caverta","9":"product_tag-buy-ed-pills-online","10":"product_tag-caverta","11":"product_tag-ed-medication","12":"product_tag-erectile-dysfunction","13":"product_tag-erectile-dysfunction-solution","14":"product_tag-impotence-treatment","15":"product_tag-mens-health","16":"product_tag-sexual-wellness","17":"product_tag-sildenafil-citrate","19":"first","20":"instock","21":"shipping-taxable","22":"purchasable","23":"product-type-variable"},"_links":{"self":[{"href":"https:\/\/capsovia.com\/pt\/wp-json\/wp\/v2\/product\/9153","targetHints":{"allow":["GET"]}}],"collection":[{"href":"https:\/\/capsovia.com\/pt\/wp-json\/wp\/v2\/product"}],"about":[{"href":"https:\/\/capsovia.com\/pt\/wp-json\/wp\/v2\/types\/product"}],"version-history":[{"count":0,"href":"https:\/\/capsovia.com\/pt\/wp-json\/wp\/v2\/product\/9153\/revisions"}],"wp:featuredmedia":[{"embeddable":true,"href":"https:\/\/capsovia.com\/pt\/wp-json\/wp\/v2\/media\/9154"}],"wp:attachment":[{"href":"https:\/\/capsovia.com\/pt\/wp-json\/wp\/v2\/media?parent=9153"}],"wp:term":[{"taxonomy":"product_brand","embeddable":true,"href":"https:\/\/capsovia.com\/pt\/wp-json\/wp\/v2\/product_brand?post=9153"},{"taxonomy":"product_cat","embeddable":true,"href":"https:\/\/capsovia.com\/pt\/wp-json\/wp\/v2\/product_cat?post=9153"},{"taxonomy":"product_tag","embeddable":true,"href":"https:\/\/capsovia.com\/pt\/wp-json\/wp\/v2\/product_tag?post=9153"}],"curies":[{"name":"wp","href":"https:\/\/api.w.org\/{rel}","templated":true}]}}