{"id":9208,"date":"2024-09-26T02:41:56","date_gmt":"2024-09-26T02:41:56","guid":{"rendered":"https:\/\/pharmaplazaonline.com\/?post_type=product&#038;p=9208"},"modified":"2026-04-18T00:25:52","modified_gmt":"2026-04-18T00:25:52","slug":"caverta-2","status":"publish","type":"product","link":"https:\/\/capsovia.com\/pt\/product\/caverta-2\/","title":{"rendered":"Caverta \u00e0 venda online"},"content":{"rendered":"<h1>Caverta \u00e0 venda on-line: sua fonte confi\u00e1vel para um tratamento eficaz para disfun\u00e7\u00e3o er\u00e9til<\/h1>\n<p>voc\u00ea est\u00e1 procurando <strong>Caverta para venda online<\/strong>? N\u00e3o procure mais do que nossa respeit\u00e1vel farm\u00e1cia on-line, onde o acesso discreto e confi\u00e1vel a medicamentos de alta qualidade \u00e9 nossa principal prioridade. Entendemos a import\u00e2ncia da privacidade e da conveni\u00eancia quando se trata de gerenciar sua sa\u00fade e nos dedicamos a fornecer uma experi\u00eancia perfeita para clientes em toda a Europa, incluindo Espanha, It\u00e1lia, Alemanha, Holanda, Pol\u00f4nia e Reino Unido.<\/p>\n<p>Em nossa farm\u00e1cia on-line confi\u00e1vel, oferecemos uma ampla gama de medicamentos prescritos e vendidos sem receita, incluindo tratamentos potentes para disfun\u00e7\u00e3o er\u00e9til como Caverta. Nosso compromisso com a garantia de qualidade significa que voc\u00ea pode ter certeza de que qualquer medicamento que voc\u00ea comprar de n\u00f3s \u00e9 proveniente de fabricantes de boa reputa\u00e7\u00e3o e atende aos rigorosos padr\u00f5es internacionais. Somos uma fonte confi\u00e1vel para todas as suas necessidades medicinais, garantindo que voc\u00ea receba produtos seguros e eficazes \u00e0 sua porta.<\/p>\n<h2>Entendendo a Caverta: uma solu\u00e7\u00e3o poderosa para a disfun\u00e7\u00e3o er\u00e9til<\/h2>\n<p>Caverta \u00e9 um medicamento altamente eficaz usado principalmente para tratar a disfun\u00e7\u00e3o er\u00e9til (DE), tamb\u00e9m comumente conhecido como impot\u00eancia. Pertence a uma classe de medicamentos chamados inibidores da fosfodiesterase tipo 5 (PDE5). O ingrediente ativo em Caverta \u00e9 <strong>Citrato de Sildenafil<\/strong>, o mesmo encontrado em Viagra, conhecido por sua capacidade de ajudar os homens a alcan\u00e7ar e manter uma ere\u00e7\u00e3o firme o suficiente para a rela\u00e7\u00e3o sexual.<\/p>\n<p>quando voc\u00ea compra <strong>Caverta Online<\/strong>, voc\u00ea est\u00e1 optando por um tratamento cientificamente comprovado que funciona aumentando o fluxo sangu\u00edneo para o p\u00eanis durante a estimula\u00e7\u00e3o sexual. Este fluxo sangu\u00edneo aprimorado \u00e9 crucial para alcan\u00e7ar uma ere\u00e7\u00e3o. Caverta n\u00e3o \u00e9 um afrodis\u00edaco; Exige que a excita\u00e7\u00e3o sexual seja eficaz.<\/p>\n<h3>Como funciona a caverta? A ci\u00eancia por tr\u00e1s da efic\u00e1cia<\/h3>\n<p>A disfun\u00e7\u00e3o er\u00e9til pode decorrer de v\u00e1rios fatores, incluindo condi\u00e7\u00f5es f\u00edsicas, problemas psicol\u00f3gicos ou uma combina\u00e7\u00e3o de ambos. Muitas vezes, a DE est\u00e1 ligada \u00e0 redu\u00e7\u00e3o do fluxo sangu\u00edneo para o p\u00eanis devido aos vasos sangu\u00edneos reduzidos.<\/p>\n<p>A Caverta funciona por:<\/p>\n<p><em>   <strong>Relaxando os m\u00fasculos lisos nas paredes dos vasos sangu\u00edneos:<\/strong> Essa a\u00e7\u00e3o, especificamente nas art\u00e9rias penianas, permite um maior volume de sangue para entrar no p\u00eanis.<br \/>\n<\/em>   <strong>Inibindo a enzima PDE5:<\/strong> Esta enzima \u00e9 respons\u00e1vel por quebrar o monofosfato de guanosina c\u00edclica (cGMP). O cGMP \u00e9 uma subst\u00e2ncia que causa relaxamento do m\u00fasculo liso e aumento do fluxo sangu\u00edneo. Ao inibir o PDE5, os n\u00edveis de cGMP s\u00e3o mantidos, levando a vasodilata\u00e7\u00e3o prolongada e melhora da fun\u00e7\u00e3o er\u00e9til.<\/p>\n<p>O resultado \u00e9 uma capacidade significativamente melhorada de alcan\u00e7ar e sustentar uma ere\u00e7\u00e3o quando estimulada sexualmente. Isso pode levar a uma maior satisfa\u00e7\u00e3o sexual para voc\u00ea e seu parceiro.<\/p>\n<h3>Principais usos e benef\u00edcios de Caverta<\/h3>\n<p>O principal uso de Caverta \u00e9 tratar <strong>Disfun\u00e7\u00e3o er\u00e9til em homens adultos<\/strong>. Quando incorporado a um estilo de vida saud\u00e1vel, pode oferecer benef\u00edcios substanciais:<\/p>\n<p><em>   <strong>ere\u00e7\u00f5es eficazes:<\/strong> Caverta ajuda os homens a alcan\u00e7ar e manter ere\u00e7\u00f5es adequadas para a atividade sexual.<br \/>\n<\/em>   <strong>Melhora da confian\u00e7a sexual:<\/strong> Superar com sucesso o DE pode aumentar significativamente a auto-estima e reduzir a ansiedade de desempenho.<br \/>\n<em>   <strong>intimidade melhorada:<\/strong> Ao restaurar a fun\u00e7\u00e3o sexual, o Caverta pode ajudar a melhorar a satisfa\u00e7\u00e3o e a intimidade do relacionamento.<br \/>\n<\/em>   <strong>Compra online conveniente:<\/strong> Comprando <strong>Caverta para venda online<\/strong> Oferece uma comodidade inigual\u00e1vel, permitindo que voc\u00ea pe\u00e7a a privacidade de sua casa e receba uma entrega discreta.<br \/>\n<em>   <strong>Qualidade garantida:<\/strong> Como um vendedor on-line confi\u00e1vel, garantimos que todos os nossos produtos, incluindo a Caverta, sejam genu\u00ednos e atendam aos padr\u00f5es de alta qualidade.<\/p>\n<h3>Dosagem e administra\u00e7\u00e3o de Caverta: como usar de forma eficaz<\/h3>\n<p>quando voc\u00ea compra <strong>Caverta Online<\/strong>, \u00e9 crucial entender as recomenda\u00e7\u00f5es de administra\u00e7\u00e3o e administra\u00e7\u00e3o recomendadas para garantir seguran\u00e7a e efic\u00e1cia. Caverta est\u00e1 normalmente dispon\u00edvel em comprimidos de 100 mg.<\/p>\n<p><\/em>   <strong>Dosagem Padr\u00e3o:<\/strong> A dose inicial recomendada para a maioria dos homens \u00e9 <strong>50mg<\/strong>, tomado aproximadamente uma hora antes da atividade sexual prevista. Seu m\u00e9dico pode ajustar essa dose com base em sua resposta e toler\u00e2ncia individual. A dose m\u00e1xima recomendada \u00e9 de 100mg por dia.<br \/>\n<em>   <strong>Timing:<\/strong> Tome comprimidos de Caverta com um copo de \u00e1gua. \u00c9 mais eficaz quando tomado com o est\u00f4mago vazio ou ap\u00f3s uma refei\u00e7\u00e3o leve. Uma refei\u00e7\u00e3o pesada e gordurosa pode atrasar o in\u00edcio de sua a\u00e7\u00e3o.<br \/>\n<\/em>   <strong>Frequ\u00eancia:<\/strong> N\u00e3o tome mais de um comprimido em um per\u00edodo de 24 horas.<br \/>\n<em>   <strong>Estimula\u00e7\u00e3o sexual:<\/strong> Lembre-se, Caverta s\u00f3 funciona quando voc\u00ea est\u00e1 sexualmente excitado. O medicamento n\u00e3o causa espontaneidade.<\/p>\n<p><strong>Nota importante:<\/strong> Enquanto oferecemos <strong>Caverta para venda online<\/strong> Sem receita m\u00e9dica, \u00e9 sempre aconselh\u00e1vel consultar um profissional de sa\u00fade se voc\u00ea tiver condi\u00e7\u00f5es de sa\u00fade subjacentes ou tomar outros medicamentos. Eles podem ajudar a determinar a dosagem de sildenafil mais adequada para suas necessidades espec\u00edficas.<\/p>\n<h3>Efeitos colaterais potenciais de Caverta<\/h3>\n<p>Como todos os medicamentos, Caverta pode causar efeitos colaterais, embora nem todos os experimentem. A maioria dos efeitos colaterais s\u00e3o leves a moderados e tendem a resolver por conta pr\u00f3pria. quando voc\u00ea compra <strong>Caverta Online<\/strong>, \u00e9 importante estar ciente dessas rea\u00e7\u00f5es potenciais:<\/p>\n<p><\/em>   <strong>Efeitos secund\u00e1rios frequentes (podem afetar at\u00e9 1 em cada 10 pessoas):<\/strong><br \/>\n    <em>   Dor de cabe\u00e7a<br \/>\n    <\/em>   rubor (vermelhid\u00e3o e calor no rosto, pesco\u00e7o ou peito)<br \/>\n    <em>   indigest\u00e3o (dispepsia)<br \/>\n    <\/em>   Dist\u00farbios visuais (incluindo vis\u00e3o turva, mudan\u00e7as na percep\u00e7\u00e3o da cor)<br \/>\n    <em>   Congest\u00e3o nasal<br \/>\n    <\/em>   Tontura<\/p>\n<p><em>   <strong>Efeitos secund\u00e1rios menos frequentes (podem afetar at\u00e9 1 em cada 100 pessoas):<\/strong><br \/>\n    <\/em>   v\u00f4mitos ou n\u00e1useas<br \/>\n    <em>   Boca seca<br \/>\n    <\/em>   Fadiga<br \/>\n    <em>   Dor muscular ou dores<br \/>\n    <\/em>   Heartburn<br \/>\n    <em>   Rash<br \/>\n    <\/em>   Dor nos bra\u00e7os ou pernas<\/p>\n<p><em>   <strong>Efeitos secund\u00e1rios raros (podem afetar at\u00e9 1 em cada 1.000 pessoas):<\/strong><br \/>\n    <\/em>   defici\u00eancia visual mais grave<br \/>\n    <em>   desmaiar<br \/>\n    <\/em>   Priapismo (uma ere\u00e7\u00e3o prolongada e dolorosa, que dura mais de 4 horas \u2013 \u00e9 uma emerg\u00eancia m\u00e9dica)<br \/>\n    <em>   Arritmia card\u00edaca<br \/>\n    <\/em>   diminui\u00e7\u00e3o s\u00fabita ou perda de audi\u00e7\u00e3o<br \/>\n    <em>   Golpe<br \/>\n    <\/em>   Ataque card\u00edaco<\/p>\n<p><strong>Procure atendimento m\u00e9dico imediato<\/strong> Se voc\u00ea tiver uma ere\u00e7\u00e3o prolongada (priapismo) ou qualquer sinal de rea\u00e7\u00e3o al\u00e9rgica grave (dificuldade de respirar, incha\u00e7o da face, l\u00e1bios, l\u00edngua ou garganta) ap\u00f3s tomar Caverta.<\/p>\n<h3>Contra-indica\u00e7\u00f5es e precau\u00e7\u00f5es ao comprar Caverta online<\/h3>\n<p>Antes de comprar <strong>Caverta para venda online<\/strong>, \u00e9 crucial estar ciente de certas condi\u00e7\u00f5es m\u00e9dicas e situa\u00e7\u00f5es em que n\u00e3o devem ser usados Caverta.<\/p>\n<p><strong>N\u00e3o tome Caverta se:<\/strong><\/p>\n<p><em>   <strong>Voc\u00ea est\u00e1 tomando medicamentos para nitrato:<\/strong> Isso inclui medicamentos usados para tratar dor no peito ou press\u00e3o alta, como nitroglicerina, dinitrato de isossorbida e nitrito de amil. Combinar Caverta com nitratos pode causar uma queda perigosa na press\u00e3o arterial.<br \/>\n<\/em>   <strong>Voc\u00ea tem um cora\u00e7\u00e3o grave ou uma condi\u00e7\u00e3o hep\u00e1tica.<\/strong><br \/>\n<em>   <strong>Voc\u00ea teve recentemente um derrame ou ataque card\u00edaco.<\/strong><br \/>\n<\/em>   <strong>Voc\u00ea tem press\u00e3o baixa.<\/strong><br \/>\n<em>   <strong>Voc\u00ea tem um hist\u00f3rico de perda de vis\u00e3o devido a uma condi\u00e7\u00e3o ocular chamada Naion (neuropatia \u00f3ptica anterior n\u00e3o arter\u00edtica).<\/strong><br \/>\n<\/em>   <strong>Voc\u00ea \u00e9 al\u00e9rgico ao citrato de sildenafil ou a qualquer um dos ingredientes inativos em Caverta.<\/strong><\/p>\n<p><strong>Use com cautela se:<\/strong><\/p>\n<p><em>   Voc\u00ea tem um hist\u00f3rico de problemas card\u00edacos, press\u00e3o alta ou baixa ou dist\u00farbios da circula\u00e7\u00e3o sangu\u00ednea.<br \/>\n<\/em>   Voc\u00ea tem doen\u00e7a renal ou hep\u00e1tica.<br \/>\n<em>   Voc\u00ea tem anemia falciforme, mieloma m\u00faltiplo ou leucemia.<br \/>\n<\/em>   Voc\u00ea tem uma deformidade f\u00edsica do p\u00eanis (por exemplo, a doen\u00e7a de Peyronie).<br \/>\n<em>   Voc\u00ea tem um dist\u00farbio hemorr\u00e1gico.<br \/>\n<\/em>   Voc\u00ea tem \u00falceras estomacais.<\/p>\n<p>Nossa plataforma garante que ao comprar <strong>Caverta Online<\/strong>, voc\u00ea tem acesso a informa\u00e7\u00f5es de seguran\u00e7a relevantes. No entanto, esta informa\u00e7\u00e3o n\u00e3o substitui o aconselhamento m\u00e9dico profissional.<\/p>\n<h3>Envio discreto para toda a Europa e Reino Unido.<\/h3>\n<p>Entendemos que a privacidade \u00e9 primordial. \u00c9 por isso que oferecemos <strong>envio discreto<\/strong> A todos os nossos clientes europeus, incluindo Espanha, It\u00e1lia, Alemanha, Holanda, Pol\u00f4nia e Reino Unido. Seu pedido ser\u00e1 embalado em envelopes ou caixas simples, n\u00e3o marcados, garantindo que sua privacidade seja mantida desde nossas instala\u00e7\u00f5es at\u00e9 sua porta. Nossa log\u00edstica confi\u00e1vel garante a entrega oportuna, para que voc\u00ea possa recuperar a confian\u00e7a e a intimidade sem demoras ou preocupa\u00e7\u00f5es desnecess\u00e1rias.<\/p>\n<h3>Por que nos escolher para a Caverta para venda online?<\/h3>\n<p>ao procurar <strong>Caverta para venda online<\/strong>, a confian\u00e7a \u00e9 essencial. Orgulhamo-nos de ser uma farm\u00e1cia online confi\u00e1vel e confi\u00e1vel que prioriza a satisfa\u00e7\u00e3o e a seguran\u00e7a do cliente.<\/p>\n<p><em>   <strong>Produtos genu\u00ednos:<\/strong> N\u00f3s fornecemos todos os nossos medicamentos diretamente de fabricantes autorizados, garantindo a autenticidade e qualidade de cada produto.<br \/>\n<\/em>   <strong>Pre\u00e7os competitivos:<\/strong> N\u00f3s nos esfor\u00e7amos para oferecer nossos medicamentos a pre\u00e7os acess\u00edveis, tornando os tratamentos eficazes acess\u00edveis.<br \/>\n<em>   <strong>embalagem discreta &amp; Entrega:<\/strong> Sua privacidade \u00e9 nossa maior preocupa\u00e7\u00e3o.<br \/>\n<\/em>   <strong>Amplo alcance:<\/strong> Enviamos para toda a Europa e Reino Unido, fornecendo acesso conveniente a medicamentos essenciais.<br \/>\n*   <strong>Apoio ao cliente:<\/strong> Nossa equipe dedicada de atendimento ao cliente est\u00e1 dispon\u00edvel para responder a quaisquer perguntas que voc\u00ea possa ter.<\/p>\n<p>N\u00e3o deixe que a disfun\u00e7\u00e3o er\u00e9til afete sua qualidade de vida por mais tempo. Quando voc\u00ea est\u00e1 procurando <strong>Caverta para venda online<\/strong>, escolha um provedor que ofere\u00e7a qualidade, discri\u00e7\u00e3o e confiabilidade. Experimente a diferen\u00e7a com uma farm\u00e1cia on-line confi\u00e1vel e comprometida com o seu bem-estar. Encomende sua Caverta hoje e d\u00ea o primeiro passo em dire\u00e7\u00e3o \u00e0 confian\u00e7a renovada e \u00e0 intimidade.<\/p>","protected":false},"excerpt":{"rendered":"<p>Procurando Caverta para ajud\u00e1-lo a voltar ao seu melhor? Voc\u00ea veio ao lugar certo! Oferecemos a Caverta \u00e0 venda on-line, fornecendo uma maneira conveniente e discreta de obter a medica\u00e7\u00e3o de que voc\u00ea precisa. Encomende hoje e tenha satisfa\u00e7\u00e3o com a entrega r\u00e1pida e confi\u00e1vel, \u00e0 sua porta.<\/p>","protected":false},"featured_media":9209,"template":"","meta":[],"product_brand":[],"product_cat":[488,285],"product_tag":[1482,1485,1483,1481,1484,1427,1416,842,1445],"class_list":{"0":"post-9208","1":"product","2":"type-product","3":"status-publish","4":"has-post-thumbnail","6":"product_cat-best-sellers","7":"product_cat-erectile-dysfunction","8":"product_tag-buy-caverta-online","9":"product_tag-buy-sildenafil-online","10":"product_tag-caverta-erectile-dysfunction","11":"product_tag-caverta-for-sale","12":"product_tag-discreet-shipping-medications","13":"product_tag-ed-treatment","14":"product_tag-erectile-dysfunction-medication","15":"product_tag-online-pharmacy-europe","16":"product_tag-sildenafil-citrate","18":"first","19":"instock","20":"shipping-taxable","21":"purchasable","22":"product-type-variable"},"_links":{"self":[{"href":"https:\/\/capsovia.com\/pt\/wp-json\/wp\/v2\/product\/9208","targetHints":{"allow":["GET"]}}],"collection":[{"href":"https:\/\/capsovia.com\/pt\/wp-json\/wp\/v2\/product"}],"about":[{"href":"https:\/\/capsovia.com\/pt\/wp-json\/wp\/v2\/types\/product"}],"version-history":[{"count":0,"href":"https:\/\/capsovia.com\/pt\/wp-json\/wp\/v2\/product\/9208\/revisions"}],"wp:featuredmedia":[{"embeddable":true,"href":"https:\/\/capsovia.com\/pt\/wp-json\/wp\/v2\/media\/9209"}],"wp:attachment":[{"href":"https:\/\/capsovia.com\/pt\/wp-json\/wp\/v2\/media?parent=9208"}],"wp:term":[{"taxonomy":"product_brand","embeddable":true,"href":"https:\/\/capsovia.com\/pt\/wp-json\/wp\/v2\/product_brand?post=9208"},{"taxonomy":"product_cat","embeddable":true,"href":"https:\/\/capsovia.com\/pt\/wp-json\/wp\/v2\/product_cat?post=9208"},{"taxonomy":"product_tag","embeddable":true,"href":"https:\/\/capsovia.com\/pt\/wp-json\/wp\/v2\/product_tag?post=9208"}],"curies":[{"name":"wp","href":"https:\/\/api.w.org\/{rel}","templated":true}]}}