{"id":9259,"date":"2024-09-26T03:16:35","date_gmt":"2024-09-26T03:16:35","guid":{"rendered":"https:\/\/pharmaplazaonline.com\/?post_type=product&#038;p=9259"},"modified":"2026-04-18T00:24:19","modified_gmt":"2026-04-18T00:24:19","slug":"levitra-professional-20mg","status":"publish","type":"product","link":"https:\/\/capsovia.com\/pt\/product\/levitra-professional-20mg\/","title":{"rendered":"Levitra profissional 20mg para venda r\u00e1pido"},"content":{"rendered":"<h1>Venda r\u00e1pido da Levitra Professional 20mg: sua fonte confi\u00e1vel para maior intimidade em toda a Europa<\/h1>\n<p>Bem-vindo \u00e0 farm\u00e1cia on-line respeit\u00e1vel, seu principal destino para acesso discreto e conveniente a produtos farmac\u00eauticos de alta qualidade. Entendemos a import\u00e2ncia de solu\u00e7\u00f5es confi\u00e1veis para sua sa\u00fade e bem-estar, e \u00e9 por isso que estamos comprometidos em fornecer um servi\u00e7o confi\u00e1vel para a compra de medicamentos em toda a Europa. Hoje, temos o prazer de apresentar o Levitra Professional 20mg, dispon\u00edvel para venda com envio r\u00e1pido e discreto em toda a Espanha, It\u00e1lia, Alemanha, Holanda, Pol\u00f4nia e Reino Unido. Se voc\u00ea est\u00e1 procurando por Levitra Professional 20mg para venda r\u00e1pido ou compre Levitra Online Europe, voc\u00ea encontrou sua fonte confi\u00e1vel.<\/p>\n<h2>Entendendo Levitra Professional 20mg: uma solu\u00e7\u00e3o poderosa para disfun\u00e7\u00e3o er\u00e9til<\/h2>\n<p>Levitra Professional 20mg \u00e9 um medicamento oral de \u00faltima gera\u00e7\u00e3o projetado para combater a disfun\u00e7\u00e3o er\u00e9til (DE), uma condi\u00e7\u00e3o comum que afeta milh\u00f5es de homens em todo o mundo. Ao contr\u00e1rio das formula\u00e7\u00f5es padr\u00e3o, o Levitra Professional foi projetado para um desempenho aprimorado, oferecendo uma solu\u00e7\u00e3o mais potente e de a\u00e7\u00e3o r\u00e1pida. Este tratamento avan\u00e7ado \u00e0 base de Vardenafil funciona aumentando o fluxo sangu\u00edneo para o p\u00eanis, permitindo que os usu\u00e1rios alcancem e mantenham uma ere\u00e7\u00e3o suficiente para a atividade sexual.<\/p>\n<h3>Como funciona o Levitra Professional 20mg: a ci\u00eancia por tr\u00e1s da efic\u00e1cia<\/h3>\n<p>O ingrediente ativo do Levitra Professional \u00e9 Vardenafil. Vardenafil pertence a uma classe de medicamentos conhecidos como inibidores da fosfodiesterase tipo 5 (PDE5). Aqui est\u00e1 uma an\u00e1lise de seu mecanismo:<\/p>\n<p><em>   <strong>Visando as enzimas PDE5:<\/strong> Em um estado de excita\u00e7\u00e3o sexual, o corpo libera \u00f3xido n\u00edtrico. O \u00f3xido n\u00edtrico ativa uma enzima chamada guanilato ciclase, que aumenta os n\u00edveis de monofosfato de guanosina c\u00edclica (cGMP). O cGMP \u00e9 respons\u00e1vel por relaxar os m\u00fasculos lisos nas art\u00e9rias penianas, permitindo o aumento do fluxo sangu\u00edneo e provocando uma ere\u00e7\u00e3o.<br \/>\n<\/em>   <strong>inibindo o PDE5:<\/strong> PDE5 \u00e9 uma enzima que naturalmente quebra cGMP. Ao inibir o PDE5, o vardenafil evita a quebra do cGMP, prolongando assim sua a\u00e7\u00e3o.<br \/>\n<em>   <strong>facilitando a ere\u00e7\u00e3o:<\/strong> Os n\u00edveis mais elevados sustentados de cGMP levam a um fluxo sangu\u00edneo mais robusto para o p\u00eanis, tornando mais f\u00e1cil alcan\u00e7ar e sustentar uma ere\u00e7\u00e3o quando sexualmente estimulado.<\/p>\n<p>\u00c9 crucial lembrar que o Levitra Professional 20mg, como outros inibidores de PDE5, requer estimula\u00e7\u00e3o sexual para produzir uma ere\u00e7\u00e3o. N\u00e3o atua como afrodis\u00edaco.<\/p>\n<h3>Principais benef\u00edcios do Levitra Professional 20mg<\/h3>\n<p>Quando voc\u00ea escolhe comprar Levitra Professional 20mg on-line em nossa plataforma confi\u00e1vel, voc\u00ea est\u00e1 optando por um tratamento de emerg\u00eancia superior. Aqui est\u00e3o as vantagens significativas:<\/p>\n<p><\/em>   <strong>F\u00f3rmula de a\u00e7\u00e3o r\u00e1pida:<\/strong> O Levitra Professional \u00e9 conhecido por seu r\u00e1pido in\u00edcio de a\u00e7\u00e3o, muitas vezes fornecendo resultados dentro de 15 a 30 minutos de administra\u00e7\u00e3o. Isso permite a espontaneidade e reduz a antecipa\u00e7\u00e3o pr\u00e9-planejada.<br \/>\n<em>   <strong>Ere\u00e7\u00f5es potentes e confi\u00e1veis:<\/strong> Homens que usam Levitra Professional 20mg relatam uma taxa de sucesso mais alta para alcan\u00e7ar ere\u00e7\u00f5es firmes e sustentadas, permitindo encontros sexuais satisfat\u00f3rios.<br \/>\n<\/em>   <strong>Maior dura\u00e7\u00e3o do efeito:<\/strong> Os efeitos do Levitra Professional podem durar at\u00e9 4-5 horas, proporcionando uma janela generosa para a atividade sexual.<br \/>\n<em>   <strong>Melhora da confian\u00e7a sexual:<\/strong> Ao gerenciar efetivamente a disfun\u00e7\u00e3o er\u00e9til, o Levitra Professional pode aumentar significativamente a auto-estima e a confian\u00e7a, levando a uma vida sexual mais satisfat\u00f3ria.<br \/>\n<\/em>   <strong>Conveni\u00eancia de compra online:<\/strong> Nosso servi\u00e7o facilita a compra de Levitra Professional 20mg Online Spain ou encomende Levitra Online Europe sem a necessidade de uma consulta presencial de um m\u00e9dico para uma receita, embora consultar um profissional de sa\u00fade seja sempre recomendado.<br \/>\n<em>   <strong>Envio discreto:<\/strong> Priorizamos sua privacidade. Todos os pedidos s\u00e3o enviados em embalagens simples e n\u00e3o marcadas, garantindo que sua compra permane\u00e7a totalmente confidencial.<br \/>\n<\/em>   <strong>Entrega em toda a Europa:<\/strong> Oferecemos entrega r\u00e1pida e confi\u00e1vel para Espanha, It\u00e1lia, Alemanha, Holanda, Pol\u00f4nia e Reino Unido, tornando-nos uma op\u00e7\u00e3o conveniente para clientes em todo o continente.<\/p>\n<h2>Especifica\u00e7\u00f5es do produto e informa\u00e7\u00f5es sobre dosagem<\/h2>\n<p><em>   <strong>Ingrediente ativo:<\/strong> Vardenafil<br \/>\n<\/em>   <strong>For\u00e7a:<\/strong> 20 mg por comprimido<br \/>\n<em>   <strong>Forma:<\/strong> comprimido oral<br \/>\n<\/em>   <strong>Dosagem t\u00edpica:<\/strong> A dose inicial recomendada para a maioria dos homens \u00e9 10mg. No entanto, Levitra Professional 20mg est\u00e1 dispon\u00edvel para aqueles que encontraram doses mais baixas eficazes, mas desejam uma op\u00e7\u00e3o potencialmente mais potente ou de a\u00e7\u00e3o mais r\u00e1pida, ou conforme indicado por um profissional de sa\u00fade. Geralmente, \u00e9 aconselh\u00e1vel tomar um comprimido aproximadamente 25 minutos a 1 hora antes da atividade sexual.<br \/>\n<em>   <strong>Maximum Daily Dose:<\/strong> N\u00e3o exceda um comprimido (20mg) em um per\u00edodo de 24 horas.<br \/>\n<\/em>   <strong>Administra\u00e7\u00e3o:<\/strong> Engula o comprimido inteiro com um copo de \u00e1gua.<br \/>\n<em>   <strong>Intera\u00e7\u00e3o alimentar:<\/strong> Levitra Professional pode ser tomado com ou sem alimentos. No entanto, consumir uma refei\u00e7\u00e3o rica em gordura antes de tomar o medicamento pode atrasar o in\u00edcio da a\u00e7\u00e3o. O consumo de \u00e1lcool deve ser moderado, pois o excesso de \u00e1lcool pode aumentar o risco de tonturas e outros efeitos colaterais.<\/p>\n<h2>Quem pode se beneficiar com Levitra Professional 20mg?<\/h2>\n<p>Levitra Professional 20mg \u00e9 adequado para homens adultos com dificuldades para conseguir ou manter uma ere\u00e7\u00e3o. Isso inclui homens com:<\/p>\n<p><\/em>   Causas psicol\u00f3gicas da DE (estresse, ansiedade)<br \/>\n<em>   Causas f\u00edsicas da DE (diabetes, doen\u00e7as card\u00edacas, cirurgia de pr\u00f3stata)<br \/>\n<\/em>   Uma combina\u00e7\u00e3o de fatores f\u00edsicos e psicol\u00f3gicos<\/p>\n<p>Se voc\u00ea est\u00e1 procurando por onde comprar Levitra Professional 20mg ou Levitra Online Europe acess\u00edvel, nossa plataforma oferece uma solu\u00e7\u00e3o confi\u00e1vel.<\/p>\n<h2>Poss\u00edveis efeitos secund\u00e1rios e precau\u00e7\u00f5es<\/h2>\n<p>Embora o Levitra Professional 20mg seja geralmente bem tolerado, como todos os medicamentos, pode causar efeitos colaterais. A maioria \u00e9 leve e tempor\u00e1ria.<\/p>\n<p><strong>Efeitos secund\u00e1rios frequentes (podem afetar at\u00e9 1 em cada 10 pessoas):<\/strong><\/p>\n<p><em>   Dor de cabe\u00e7a<br \/>\n<\/em>   Tontura<br \/>\n<em>   Lavagem<br \/>\n<\/em>   Congest\u00e3o nasal<br \/>\n<em>   Indigestion<\/p>\n<p><strong>Efeitos secund\u00e1rios menos frequentes (podem afetar at\u00e9 1 em cada 100 pessoas):<\/strong><\/p>\n<p><\/em>   Sonol\u00eancia<br \/>\n<em>   Increased blood pressure<br \/>\n<\/em>   Heartburn<br \/>\n<em>   N\u00e1useas<br \/>\n<\/em>   Dor nas costas<br \/>\n<em>   dor muscular<br \/>\n<\/em>   Aumento dos n\u00edveis de enzimas hep\u00e1ticas<\/p>\n<p><strong>Efeitos secund\u00e1rios raros (podem afetar at\u00e9 1 em cada 1.000 pessoas):<\/strong><\/p>\n<p><em>   incha\u00e7o da face ou l\u00e1bios<br \/>\n<\/em>   Rea\u00e7\u00f5es al\u00e9rgicas<br \/>\n<em>   Chest pain<br \/>\n<\/em>   Taquicardia<br \/>\n<em>   Taquicardia (frequ\u00eancia card\u00edaca r\u00e1pida)<br \/>\n<\/em>   Falta de ar<br \/>\n<em>   Anormalidades da vis\u00e3o (por exemplo, vis\u00e3o turva, percep\u00e7\u00e3o de cor alterada)<br \/>\n<\/em>   Priapismo (uma ere\u00e7\u00e3o prolongada e dolorosa, exigindo aten\u00e7\u00e3o m\u00e9dica imediata)<br \/>\n<em>   hemorragias nasais<br \/>\n<\/em>   Fun\u00e7\u00e3o hep\u00e1tica anormal<\/p>\n<p><strong>Precau\u00e7\u00f5es importantes:<\/strong><\/p>\n<p><em>   <strong>Nitratos:<\/strong> N\u00e3o tome Levitra Professional 20mg se estiver tomando algum medicamento contendo nitratos (frequentemente usados para tratar a dor no peito ou angina). Combinar estes pode causar uma queda perigosa na press\u00e3o arterial.<br \/>\n<\/em>   <strong>Heart Conditions:<\/strong> Consulte um m\u00e9dico se tiver hist\u00f3rico de problemas card\u00edacos, derrame, press\u00e3o arterial baixa ou outras condi\u00e7\u00f5es m\u00e9dicas.<br \/>\n<em>   <strong>Insufici\u00eancia hep\u00e1tica ou renal:<\/strong> Indiv\u00edduos com problemas renais ou hep\u00e1ticos graves podem exigir ajustes posol\u00f3gicos.<br \/>\n<\/em>   <strong>Outros medicamentos:<\/strong> Informe o seu m\u00e9dico sobre todos os outros medicamentos que voc\u00ea est\u00e1 tomando, incluindo medicamentos de venda livre e suplementos de ervas, para evitar poss\u00edveis intera\u00e7\u00f5es.<br \/>\n<em>   <strong>\u00c1lcool:<\/strong> O consumo excessivo de \u00e1lcool pode aumentar o risco de efeitos colaterais.<br \/>\n<\/em>   <strong>Grapefruit Juice:<\/strong> Evite consumir grandes quantidades de suco de toranja, pois pode interferir na forma como o medicamento \u00e9 metabolizado.<\/p>\n<p>Para obter uma lista abrangente de efeitos colaterais e precau\u00e7\u00f5es, consulte o folheto informativo fornecido com o medicamento. Nosso objetivo \u00e9 ser o seu favorito para comprar vardenafil 20mg online europa e farm\u00e1cia on-line confi\u00e1vel Espanha.<\/p>\n<h2>onde comprar levitra profissional 20mg online com seguran\u00e7a e discreta<\/h2>\n<p>Encontrar uma fonte confi\u00e1vel para comprar rapidamente Levitra Professional 20mg para venda \u00e9 primordial. Nossa farm\u00e1cia on-line oferece uma plataforma segura e confidencial para todas as suas necessidades de medicamentos. Somos uma farm\u00e1cia on-line respeit\u00e1vel na Espanha, comprometida em fornecer medicamentos genu\u00ednos e atendimento excepcional ao cliente para um amplo mercado europeu.<\/p>\n<p><em>   <strong>Authenticity Guaranteed:<\/strong> N\u00f3s fornecemos nossos produtos de fabricantes leg\u00edtimos, garantindo que voc\u00ea receba Levitra Professional 20mg comprimidos.<br \/>\n<\/em>   <strong>Op\u00e7\u00f5es de pagamento seguras:<\/strong> Nosso site utiliza criptografia avan\u00e7ada para proteger suas informa\u00e7\u00f5es financeiras.<br \/>\n<em>   <strong>Envio r\u00e1pido e discreto:<\/strong> Entendemos a necessidade de privacidade. Todos os pedidos s\u00e3o enviados discretamente e enviados rapidamente \u00e0 sua porta em toda a Europa.<br \/>\n<\/em>   <strong>Apoio ao cliente:<\/strong> Nossa equipe dedicada est\u00e1 dispon\u00edvel para ajud\u00e1-lo com quaisquer d\u00favidas ou preocupa\u00e7\u00f5es que voc\u00ea possa ter.<\/p>\n<p>Quando voc\u00ea procura por Levitra Professional 20mg online, pe\u00e7a Levitra 20mg Europe, ou local seguro para comprar p\u00edlulas ed online, lembre-se de nosso compromisso com a qualidade, discri\u00e7\u00e3o e entrega r\u00e1pida.<\/p>\n<h2>Perguntas frequentes (FAQs) sobre Levitra Professional 20mg<\/h2>\n<p><strong>Q1: Com que rapidez a Levitra Professional 20mg come\u00e7a a funcionar?<\/strong><br \/>\nA1: Levitra Professional 20mg \u00e9 conhecido por sua a\u00e7\u00e3o r\u00e1pida, geralmente come\u00e7ando a funcionar dentro de 15 a 30 minutos ap\u00f3s tom\u00e1-lo.<\/p>\n<p><strong>Q2: Quanto tempo duram os efeitos do Levitra Professional 20mg?<\/strong><br \/>\nA2: Os efeitos podem durar aproximadamente 4-5 horas, permitindo um prazo flex\u00edvel para intimidade.<\/p>\n<p><strong>Q3: Posso tomar Levitra Professional 20mg todos os dias?<\/strong><br \/>\nA3: N\u00e3o, voc\u00ea deve tomar apenas um comprimido em um per\u00edodo de 24 horas. N\u00e3o exceda a dosagem recomendada.<\/p>\n<p><strong>Q4: Existem alimentos ou bebidas que devo evitar ao tomar Levitra Professional 20mg?<\/strong><br \/>\nA4: Refei\u00e7\u00f5es gordurosas e pesadas podem atrasar o in\u00edcio da a\u00e7\u00e3o. O consumo excessivo de \u00e1lcool tamb\u00e9m deve ser evitado.<\/p>\n<p><strong>Q5: \u00c9 seguro comprar Levitra Professional 20mg online?<\/strong><br \/>\nA5: Sim, quando voc\u00ea compra em uma farm\u00e1cia on-line confi\u00e1vel e confi\u00e1vel como a nossa, fornecendo medicamentos genu\u00ednos e servi\u00e7os seguros, \u00e9 seguro. Cuidado com produtos falsificados de fontes n\u00e3o verificadas.<\/p>\n<p><strong>Q6: E se eu perder uma dose?<\/strong><br \/>\nA6: Este medicamento \u00e9 tomado conforme necess\u00e1rio. Se voc\u00ea perder uma dose, tome-a assim que se lembrar, desde que ainda n\u00e3o tenha tomado uma no per\u00edodo de 24 horas. N\u00e3o tome uma dose dupla.<\/p>\n<p><strong>Q7: Levitra Professional 20mg \u00e9 adequado para mulheres?<\/strong><br \/>\nA7: N\u00e3o, Levitra Professional 20mg \u00e9 especificamente formulado para os homens tratarem a disfun\u00e7\u00e3o er\u00e9til.<\/p>\n<h2>Seu parceiro confi\u00e1vel para solu\u00e7\u00f5es de sa\u00fade masculina na Europa<\/h2>\n<p>Dedicamo-nos a ser um dos principais destinos online para a sa\u00fade dos homens. Esteja voc\u00ea na Espanha, It\u00e1lia, Alemanha, Holanda, Pol\u00f4nia ou Reino Unido, voc\u00ea pode contar conosco para um acesso discreto, r\u00e1pido e seguro a medicamentos como Levitra Professional 20mg. Sua busca por Levitra Professional 20mg para venda termina r\u00e1pido aqui. Experimente a comodidade e a confian\u00e7a de obter seus medicamentos essenciais em uma farm\u00e1cia online europeia confi\u00e1vel. Pe\u00e7a Levitra Professional 20mg hoje e redescubra sua intimidade com desempenho e tranquilidade aprimorados.<\/p>","protected":false},"excerpt":{"rendered":"<p>Volte a se sentir confiante e no controle com a Levitra Professional 20mg! Este medicamento de a\u00e7\u00e3o r\u00e1pida est\u00e1 dispon\u00edvel para venda aqui, oferecendo uma maneira conveniente de atender \u00e0s suas necessidades. N\u00e3o deixe que essa preocupa\u00e7\u00e3o o atrapalhe mais. Pe\u00e7a agora para entrega discreta e r\u00e1pida diretamente \u00e0 sua porta.<\/p>","protected":false},"featured_media":9260,"template":"","meta":[],"product_brand":[],"product_cat":[488,285],"product_tag":[1463,1468,1382,1450,1244,1465,1462,1467,1466,1464],"class_list":{"0":"post-9259","1":"product","2":"type-product","3":"status-publish","4":"has-post-thumbnail","6":"product_cat-best-sellers","7":"product_cat-erectile-dysfunction","8":"product_tag-buy-levitra-online-europe","9":"product_tag-buy-vardenafil-20mg","10":"product_tag-discreet-online-pharmacy","11":"product_tag-erectile-dysfunction-treatment","12":"product_tag-european-online-pharmacy","13":"product_tag-fast-ed-medication-delivery","14":"product_tag-levitra-professional-20mg","15":"product_tag-levitra-professional-for-sale","16":"product_tag-mens-health-europe","17":"product_tag-vardenafil-online","19":"first","20":"instock","21":"shipping-taxable","22":"purchasable","23":"product-type-variable"},"_links":{"self":[{"href":"https:\/\/capsovia.com\/pt\/wp-json\/wp\/v2\/product\/9259","targetHints":{"allow":["GET"]}}],"collection":[{"href":"https:\/\/capsovia.com\/pt\/wp-json\/wp\/v2\/product"}],"about":[{"href":"https:\/\/capsovia.com\/pt\/wp-json\/wp\/v2\/types\/product"}],"version-history":[{"count":0,"href":"https:\/\/capsovia.com\/pt\/wp-json\/wp\/v2\/product\/9259\/revisions"}],"wp:featuredmedia":[{"embeddable":true,"href":"https:\/\/capsovia.com\/pt\/wp-json\/wp\/v2\/media\/9260"}],"wp:attachment":[{"href":"https:\/\/capsovia.com\/pt\/wp-json\/wp\/v2\/media?parent=9259"}],"wp:term":[{"taxonomy":"product_brand","embeddable":true,"href":"https:\/\/capsovia.com\/pt\/wp-json\/wp\/v2\/product_brand?post=9259"},{"taxonomy":"product_cat","embeddable":true,"href":"https:\/\/capsovia.com\/pt\/wp-json\/wp\/v2\/product_cat?post=9259"},{"taxonomy":"product_tag","embeddable":true,"href":"https:\/\/capsovia.com\/pt\/wp-json\/wp\/v2\/product_tag?post=9259"}],"curies":[{"name":"wp","href":"https:\/\/api.w.org\/{rel}","templated":true}]}}