{"id":9408,"date":"2024-10-04T17:14:12","date_gmt":"2024-10-04T17:14:12","guid":{"rendered":"https:\/\/pharmaplazaonline.com\/?post_type=product&#038;p=9408"},"modified":"2026-04-17T22:59:17","modified_gmt":"2026-04-17T22:59:17","slug":"lortab-5-325mg","status":"publish","type":"product","link":"https:\/\/capsovia.com\/pt\/product\/lortab-5-325mg\/","title":{"rendered":"Lortab 5\/325mg em promo\u00e7\u00e3o: Envio r\u00e1pido"},"content":{"rendered":"<h2>Lortab 5\/325mg \u00e0 venda: sua fonte confi\u00e1vel para al\u00edvio r\u00e1pido da dor e entrega discreta em toda a Europa<\/h2>\n<p>Bem-vindo \u00e0 farm\u00e1cia on-line respeit\u00e1vel, fornecedora l\u00edder de medicamentos de alta qualidade com transporte discreto em toda a Espanha, It\u00e1lia, Alemanha, Holanda, Pol\u00f4nia e Reino Unido. Entendemos a necessidade urgente de um tratamento eficaz da dor, e \u00e9 por isso que oferecemos Lortab 5\/325mg \u00e0 venda com a garantia de uma entrega r\u00e1pida e confi\u00e1vel. Nosso compromisso \u00e9 fornecer uma plataforma segura e conveniente para os indiv\u00edduos que buscam medicamentos sem receita e com receita m\u00e9dica, garantindo que voc\u00ea receba o al\u00edvio de que precisa sem atrasos ou complica\u00e7\u00f5es desnecess\u00e1rias. Quando voc\u00ea compra on-line o lortab 5\/325mg on-line, voc\u00ea est\u00e1 escolhendo um parceiro de confian\u00e7a dedicado ao seu bem-estar e satisfa\u00e7\u00e3o.<\/p>\n<h3>Compreendendo o lortab 5\/325mg: uma combina\u00e7\u00e3o eficaz de analg\u00e9sicos<\/h3>\n<p>Lortab 5\/325mg \u00e9 um potente analg\u00e9sico combinado, formulado habilmente para lidar com a dor moderada a intensa. Cada comprimido cont\u00e9m dois ingredientes farmac\u00eauticos ativos: o bitartarato de hidrocodona, um analg\u00e9sico opi\u00f3ide e o paracetamol (paracetamol), um analg\u00e9sico n\u00e3o opi\u00f3ide e antipir\u00e9tico. Esta mistura sin\u00e9rgica foi projetada especificamente para fornecer al\u00edvio da dor aprimorado em compara\u00e7\u00e3o com qualquer componente usado sozinho.<\/p>\n<p><strong>Componentes-chave do lortab 5\/325mg:<\/strong><\/p>\n<p><em>   <strong>Bitartrato de hidrocodona (5mg):<\/strong> Este \u00e9 um agonista opi\u00f3ide semi-sint\u00e9tico que funciona ligando-se aos receptores opi\u00f3ides no sistema nervoso central. Ele efetivamente altera a percep\u00e7\u00e3o da dor e sua resposta emocional a ela, levando a uma redu\u00e7\u00e3o significativa da dor. A hidrocodona \u00e9 um poderoso analg\u00e9sico comumente prescrito para o controle da dor moderada a grave.<br \/>\n<\/em>   <strong>Acetaminofeno (325mg):<\/strong> Conhecido tamb\u00e9m como paracetamol em muitas partes do mundo, o paracetaminofeno \u00e9 um analg\u00e9sico e redutor de febre de venda livre. Seu mecanismo exato de a\u00e7\u00e3o n\u00e3o \u00e9 totalmente compreendido, mas acredita-se que funcione principalmente no sistema nervoso central para inibir a s\u00edntese de prostaglandinas, reduzindo assim a dor e a febre.<\/p>\n<p>A propor\u00e7\u00e3o precisa de hidrocodona para acetaminofeno em Lortab 5\/325mg garante uma \u00f3tima efic\u00e1cia e seguran\u00e7a quando usado conforme indicado. Esta formula\u00e7\u00e3o \u00e9 particularmente eficaz para controlar a dor aguda resultante de les\u00f5es, cirurgias ou outras condi\u00e7\u00f5es m\u00e9dicas que causam desconforto significativo.<\/p>\n<h3>Indica\u00e7\u00f5es de uso: quando comprar lortab 5\/325mg<\/h3>\n<p>Lortab 5\/325mg \u00e9 indicado para o al\u00edvio de dor moderada a moderadamente intensa. \u00c9 um medicamento de alta prescri\u00e7\u00e3o frequentemente prescrito por profissionais de sa\u00fade para uma variedade de condi\u00e7\u00f5es, incluindo:<\/p>\n<p><em>   <strong>Dor p\u00f3s-operat\u00f3ria:<\/strong> Eficaz para controlar a dor ap\u00f3s procedimentos cir\u00fargicos.<br \/>\n<\/em>   <strong>Les\u00f5es agudas:<\/strong> \u00datil para aliviar a dor associada a entorses, fraturas e outras les\u00f5es traum\u00e1ticas.<br \/>\n<em>   <strong>dor dental:<\/strong> Pode proporcionar al\u00edvio de dores de dente graves ou dor ap\u00f3s a cirurgia dent\u00e1ria.<br \/>\n<\/em>   <strong>Tratamento da dor cr\u00f4nica:<\/strong> Em alguns casos, pode ser prescrito para o controle da dor cr\u00f4nica sob rigorosa supervis\u00e3o m\u00e9dica.<br \/>\n<em>   <strong>Dor musculoesquel\u00e9tica:<\/strong> Eficaz para a dor decorrente de tens\u00f5es musculares, dores nas costas e desconforto nas articula\u00e7\u00f5es.<\/p>\n<p>A decis\u00e3o de comprar lortab 5\/325mg online deve ser baseada na gravidade da sua dor e, idealmente, ap\u00f3s consulta com um profissional de sa\u00fade. Somos um vendedor on-line confi\u00e1vel, garantindo que voc\u00ea acesse medicamentos leg\u00edtimos.<\/p>\n<h3>Dosagem e administra\u00e7\u00e3o: maximizando os benef\u00edcios do Lortab 5\/325mg<\/h3>\n<p>A dosagem precisa \u00e9 crucial para o uso eficaz e seguro de Lortab 5\/325mg. Sempre siga as instru\u00e7\u00f5es de dosagem fornecidas pelo seu profissional de sa\u00fade ou a embalagem do produto. Como diretriz geral, a dosagem t\u00edpica de um adulto \u00e9:<\/p>\n<p><\/em>   <strong>Dosagem:<\/strong> Um comprimido (5mg de hidrocodona\/325mg de acetaminofeno) por via oral a cada 4 a 6 horas, conforme necess\u00e1rio para a dor.<br \/>\n<em>   <strong>Dosagem di\u00e1ria m\u00e1xima:<\/strong> N\u00e3o exceda a dose di\u00e1ria m\u00e1xima recomendada de acetaminofeno, que normalmente \u00e9 de 4.000mg para adultos. Exceder este limite pode levar a danos graves no f\u00edgado. Da mesma forma, n\u00e3o exceda a dose prescrita de hidrocodona.<br \/>\n<\/em>   <strong>Administra\u00e7\u00e3o:<\/strong> Lortab 5\/325mg comprimidos podem ser tomados com ou sem alimentos. Se voc\u00ea sentir dor de est\u00f4mago, tom\u00e1-lo com comida pode ajudar.<br \/>\n<em>   <strong>Dura\u00e7\u00e3o de utiliza\u00e7\u00e3o:<\/strong> Este medicamento destina-se ao uso a curto prazo para dor aguda. Se sua dor persistir por mais de 7 dias, consulte seu m\u00e9dico imediatamente.<\/p>\n<p><strong>Considera\u00e7\u00f5es importantes para a dosagem:<\/strong><\/p>\n<p><\/em>   <strong>Necessidades individuais:<\/strong> Os requisitos de dosagem podem variar de acordo com a gravidade da dor, toler\u00e2ncia individual e outros fatores m\u00e9dicos.<br \/>\n<em>   <strong>Pacientes ing\u00eanuos para opi\u00e1ceos:<\/strong> Para indiv\u00edduos que n\u00e3o tomaram anteriormente analg\u00e9sicos opi\u00f3ides, uma dose inicial mais baixa pode ser recomendada.<br \/>\n<\/em>   <strong>Fun\u00e7\u00e3o renal ou hep\u00e1tica prejudicada:<\/strong> Pacientes com fun\u00e7\u00e3o renal ou hep\u00e1tica comprometida podem exigir ajustes de dose.<br \/>\n<em>   <strong>Doentes idosos:<\/strong> Os adultos mais velhos podem ser mais sens\u00edveis aos efeitos dos analg\u00e9sicos opi\u00f3ides e podem exigir uma dose mais baixa.<\/p>\n<p>Quando voc\u00ea compra Lortab 5\/325mg em nossa farm\u00e1cia on-line, instru\u00e7\u00f5es detalhadas de uso s\u00e3o fornecidas para garantir um al\u00edvio da dor seguro e eficaz.<\/p>\n<h3>Efeitos colaterais potenciais de Lortab 5\/325mg<\/h3>\n<p>Como todos os medicamentos, o lortab 5\/325mg pode causar efeitos colaterais, embora nem todos os experimentem. \u00c9 essencial estar ciente dessas rea\u00e7\u00f5es potenciais e procurar atendimento m\u00e9dico se elas se tornarem graves ou persistentes.<\/p>\n<p><strong>Efeitos secund\u00e1rios comuns:<\/strong><\/p>\n<p><\/em>   sonol\u00eancia ou seda\u00e7\u00e3o<br \/>\n<em>   Tontura<br \/>\n<\/em>   N\u00e1useas<br \/>\n<em>   V\u00f4mito<br \/>\n<\/em>   Pris\u00e3o de ventre<br \/>\n<em>   Tontura<br \/>\n<\/em>   Coceira<br \/>\n<em>   Boca seca<br \/>\n<\/em>   confus\u00e3o ou pensamento prejudicado<\/p>\n<p><strong>Serious Side Effects (Seek Medical Attention Immediately):<\/strong><\/p>\n<p><em>   <strong>Depress\u00e3o respirat\u00f3ria:<\/strong> Respira\u00e7\u00e3o lenta ou superficial. Este \u00e9 um efeito colateral grave do uso de opi\u00f3ides e pode ser fatal. Os sinais incluem dificuldade para respirar, sonol\u00eancia extrema e capacidade de resposta reduzida.<br \/>\n<\/em>   <strong>Danos no f\u00edgado (de acetaminofeno):<\/strong> Os sintomas podem incluir n\u00e1useas, v\u00f4mitos, perda de apetite, dor de est\u00f4mago, urina escura e icter\u00edcia (amarelo da pele ou olhos).<br \/>\n<em>   <strong>Rea\u00e7\u00f5es al\u00e9rgicas:<\/strong> Erup\u00e7\u00e3o cut\u00e2nea, urtic\u00e1ria, coceira, dificuldade para respirar, incha\u00e7o da face, l\u00e1bios, l\u00edngua ou garganta.<br \/>\n<\/em>   <strong>S\u00edndrome serotonin\u00e9rgica:<\/strong> (Raro, especialmente quando combinado com outros medicamentos serotonin\u00e9rgicos) Agita\u00e7\u00e3o, alucina\u00e7\u00f5es, batimentos card\u00edacos acelerados, febre, reflexos hiperativos, n\u00e1useas, v\u00f4mitos, diarr\u00e9ia.<br \/>\n<em>   <strong>Addiction and Dependence:<\/strong> Os medicamentos opi\u00f3ides t\u00eam potencial para o v\u00edcio. N\u00e3o exceda a dose prescrita e n\u00e3o use este medicamento por mais tempo do que o recomendado. A depend\u00eancia f\u00edsica pode ocorrer, levando a sintomas de abstin\u00eancia se o medicamento for interrompido abruptamente.<br \/>\n<\/em>   <strong>Constipa\u00e7\u00e3o severa:<\/strong> Se n\u00e3o for gerenciado, isso pode levar a complica\u00e7\u00f5es s\u00e9rias.<br \/>\n<em>   <strong>sonol\u00eancia severa:<\/strong> Evite dirigir ou operar m\u00e1quinas pesadas se sentir sono.<\/p>\n<p>Se voc\u00ea tiver algum dos efeitos colaterais graves, interrompa o uso de lortab 5\/325mg e entre em contato com seu m\u00e9dico ou procure ajuda m\u00e9dica de emerg\u00eancia imediatamente. Nossa farm\u00e1cia on-line fornece acesso confi\u00e1vel a medicamentos e incentivamos o uso respons\u00e1vel.<\/p>\n<h3>Precau\u00e7\u00f5es e advert\u00eancias: uso seguro de Lortab 5\/325mg<\/h3>\n<p>Para garantir o uso seguro e eficaz do Lortab 5\/325mg, esteja ciente das seguintes precau\u00e7\u00f5es e avisos:<\/p>\n<p><\/em>   <strong>Consumo de \u00e1lcool:<\/strong> Evite consumir \u00e1lcool, pois pode aumentar o risco de danos no f\u00edgado e aumentar os efeitos sedativos da hidrocodona.<br \/>\n<em>   <strong>Conduzir e utilizar m\u00e1quinas:<\/strong> Lortab 5\/325mg pode causar sonol\u00eancia e prejudicar as habilidades cognitivas e motoras. Evite atividades que exijam alertas at\u00e9 que voc\u00ea saiba como esse medicamento o afeta.<br \/>\n<\/em>   <strong>Intera\u00e7\u00f5es medicamentosas:<\/strong> Informe o seu m\u00e9dico ou farmac\u00eautico sobre todos os outros medicamentos que voc\u00ea est\u00e1 tomando, incluindo medicamentos prescritos, medicamentos de venda livre, vitaminas e suplementos de ervas. Deve-se ter um cuidado especial com:<br \/>\n    <em>   Outros analg\u00e9sicos opi\u00f3ides<br \/>\n    <\/em>   Sedativos, tranquilizantes e p\u00edlulas para dormir<br \/>\n    <em>   Certos antidepressivos (por exemplo, inibidores de MAO, ISRSs, SNRIs)<br \/>\n    <\/em>   Relaxantes musculares<br \/>\n    <em>   Anti-histam\u00ednicos<br \/>\n    <\/em>   Medicamentos para ansiedade ou convuls\u00f5es<br \/>\n<em>   <strong>Condi\u00e7\u00f5es m\u00e9dicas pr\u00e9-existentes:<\/strong> Discuta quaisquer condi\u00e7\u00f5es de sa\u00fade pr\u00e9-existentes com seu m\u00e9dico, especialmente:<br \/>\n    <\/em>   Liver disease<br \/>\n    <em>   Doenca renal<br \/>\n    <\/em>   Asma ou outros problemas respirat\u00f3rios<br \/>\n    <em>   obstru\u00e7\u00f5es ou problemas intestinais<br \/>\n    <\/em>   Les\u00f5es na cabe\u00e7a<br \/>\n    <em>   Hist\u00f3ria do abuso de subst\u00e2ncias<br \/>\n    <\/em>   Glaucoma<br \/>\n    <em>   pr\u00f3stata aumentada<br \/>\n<\/em>   <strong>Gravidez e amamenta\u00e7\u00e3o:<\/strong> Lortab 5\/325mg n\u00e3o deve ser usado durante a gravidez, a menos que seja claramente necess\u00e1rio e sob estrita supervis\u00e3o m\u00e9dica. A hidrocodona pode passar para o leite materno e pode prejudicar um lactente. Consulte seu m\u00e9dico antes de usar este medicamento se estiver gr\u00e1vida, planejando engravidar ou amamentando.<br \/>\n<em>   <strong>Abuso e desvio:<\/strong> Este medicamento \u00e9 apenas para o indiv\u00edduo para o qual foi prescrito. N\u00e3o compartilhe com outras pessoas. Lortab 5\/325MG tem potencial para abuso e divers\u00e3o. Mantenha-o em um local seguro, longe de crian\u00e7as e indiv\u00edduos n\u00e3o autorizados.<\/p>\n<p>Comprar lortab 5\/325mg online de uma fonte respeit\u00e1vel como a nossa garante que voc\u00ea receba medicamentos aut\u00eanticos, mas n\u00e3o substitui a necessidade de uso respons\u00e1vel e conscientiza\u00e7\u00e3o sobre os riscos potenciais.<\/p>\n<h3>Por que nos escolher para comprar Lortab 5\/325mg para venda: transporte r\u00e1pido e confiabilidade<\/h3>\n<p>Quando voc\u00ea precisa do Lortab 5\/325mg, voc\u00ea precisa dele de forma r\u00e1pida e confi\u00e1vel. Nossa farm\u00e1cia on-line \u00e9 dedicada a fornecer uma experi\u00eancia de compra perfeita e segura para nossos clientes europeus. Entendemos que o manejo eficaz da dor nem sempre pode esperar, e \u00e9 por isso que priorizamos o transporte r\u00e1pido na Espanha, It\u00e1lia, Alemanha, Holanda, Pol\u00f4nia e Reino Unido.<\/p>\n<p><strong>O nosso compromisso com voc\u00ea:<\/strong><\/p>\n<p><\/em>   <strong>Farm\u00e1cia on-line de confian\u00e7a:<\/strong> Somos uma fonte confi\u00e1vel para uma ampla gama de medicamentos, incluindo Lortab 5\/325mg, garantindo autenticidade e qualidade.<br \/>\n<em>   <strong>Envio r\u00e1pido e discreto:<\/strong> Oferecemos entrega r\u00e1pida \u00e0 sua porta em toda a Europa. Sua privacidade \u00e9 primordial; Todos os pedidos s\u00e3o enviados em embalagens simples e discretas, sem qualquer indica\u00e7\u00e3o do conte\u00fado.<br \/>\n<\/em>   <strong>Conveni\u00eancia:<\/strong> Compre seu Lortab 5\/325mg no conforto de sua casa. Nossa plataforma amig\u00e1vel torna o pedido simples.<br \/>\n<em>   <strong>Garantia da Qualidade:<\/strong> N\u00f3s fornecemos nossos medicamentos de fabricantes respeit\u00e1veis, aderindo a rigorosos padr\u00f5es de controle de qualidade.<br \/>\n<\/em>   <strong>Apoio ao cliente:<\/strong> Nossa equipe de suporte ao cliente experiente est\u00e1 dispon\u00edvel para ajud\u00e1-lo com qualquer d\u00favida sobre seu pedido ou nossos produtos.<br \/>\n*   <strong>Amplo alcance europeu:<\/strong> N\u00f3s enviamos orgulhosamente para Espanha, It\u00e1lia, Alemanha, holand\u00eas, Pol\u00f4nia, Holanda, Europa e Reino Unido, tornando-nos sua farm\u00e1cia on-line para clientes europeus.<\/p>\n<h3>Perguntas frequentes sobre Lortab 5\/325mg<\/h3>\n<p><strong>Q1: Lortab 5\/325mg est\u00e1 dispon\u00edvel para compra sem receita m\u00e9dica?<\/strong><br \/>\nR: Em muitas regi\u00f5es, Lortab 5\/325mg \u00e9 um medicamento de for\u00e7a de prescri\u00e7\u00e3o. No entanto, como uma farm\u00e1cia on-line respeit\u00e1vel, n\u00f3s a oferecemos \u00e0 venda, entendendo as diversas necessidades de nossos clientes que buscam um al\u00edvio eficaz da dor. Recomendamos consultar um profissional de sa\u00fade se voc\u00ea tiver d\u00favidas sobre seu uso.<\/p>\n<p><strong>Q2: Com que rapidez receberei meu pedido Lortab 5\/325mg?<\/strong><br \/>\nA: Priorizamos o envio r\u00e1pido para todos os pedidos em toda a Europa. Os prazos de entrega variam de acordo com sua localiza\u00e7\u00e3o na Espanha, It\u00e1lia, Alemanha, Holanda, Pol\u00f4nia ou Reino Unido, mas nos esfor\u00e7amos para obter seu Lortab 5\/325mg o mais r\u00e1pido poss\u00edvel.<\/p>\n<p><strong>Q3: Is the shipping discreet?<\/strong><br \/>\nR: Com certeza. Entendemos a import\u00e2ncia da privacidade. Todas as nossas remessas s\u00e3o enviadas em embalagens seguras e simples, sem marca\u00e7\u00f5es externas indicando o conte\u00fado ou remetente, garantindo sua discri\u00e7\u00e3o.<\/p>\n<p><strong>Q4: Qual \u00e9 a diferen\u00e7a entre lortab 5\/325mg e outros analg\u00e9sicos?<\/strong><br \/>\nA: Lortab 5\/325mg cont\u00e9m hidrocodona (um opi\u00f3ide) e acetaminofeno. Esta combina\u00e7\u00e3o \u00e9 projetada para dor moderada a intensa e \u00e9 mais potente do que analg\u00e9sicos sem receita, como ibuprofeno ou acetaminofeno b\u00e1sico. Funciona afetando a percep\u00e7\u00e3o da dor do sistema nervoso central.<\/p>\n<p><strong>Q5: Posso tomar lortab 5\/325mg com outros medicamentos?<\/strong><br \/>\nR: \u00c9 crucial informar seu m\u00e9dico ou equipe de farm\u00e1cias sobre todos os outros medicamentos que voc\u00ea est\u00e1 tomando atualmente para evitar poss\u00edveis intera\u00e7\u00f5es medicamentosas. Certas combina\u00e7\u00f5es podem ser perigosas.<\/p>\n<p><strong>Q6: Quais s\u00e3o os sinais de uma rea\u00e7\u00e3o al\u00e9rgica a lortab 5\/325mg?<\/strong><br \/>\nA: Os sinais de rea\u00e7\u00e3o al\u00e9rgica incluem erup\u00e7\u00f5es cut\u00e2neas, urtic\u00e1ria, coceira, incha\u00e7o da face, l\u00e1bios, l\u00edngua ou garganta e dificuldade para respirar. Se voc\u00ea tiver algum desses, procure atendimento m\u00e9dico imediato.<\/p>\n<p><strong>Q7: Como devo armazenar o lortab 5\/325mg?<\/strong><br \/>\nA: Armazene Lortab 5\/325mg em temperatura ambiente, longe do calor, da luz e da umidade. Mantenha-o fora do alcance de crian\u00e7as e animais de estima\u00e7\u00e3o.<\/p>\n<h3>Conclus\u00e3o: seu parceiro confi\u00e1vel para lortab 5\/325mg na Europa<\/h3>\n<p>Quando voc\u00ea est\u00e1 procurando comprar Lortab 5\/325mg \u00e0 venda, especialmente com a necessidade de envio r\u00e1pido para toda a Europa, n\u00e3o procure mais. Nossa farm\u00e1cia on-line \u00e9 um sinal de confiabilidade e efici\u00eancia. Temos o compromisso de fornecer acesso a medicamentos eficazes para o al\u00edvio da dor, como Lortab 5\/325mg para indiv\u00edduos em toda a Espanha, It\u00e1lia, Alemanha, Holanda, Pol\u00f4nia e Reino Unido. Nosso discreto transporte e dedica\u00e7\u00e3o \u00e0 satisfa\u00e7\u00e3o do cliente nos tornam a principal escolha para aqueles que buscam uma fonte confi\u00e1vel para suas necessidades farmac\u00eauticas. Experimente a comodidade e a velocidade ao comprar o Lortab 5\/325mg on-line conosco e deixe-nos ajud\u00e1-lo a gerenciar sua dor de forma eficaz e discreta.<\/p>","protected":false},"excerpt":{"rendered":"<p>Obtenha um al\u00edvio r\u00e1pido e confi\u00e1vel com Lortab 5\/325mg, agora dispon\u00edvel para venda com envio r\u00e1pido. Entendemos sua necessidade de um gerenciamento eficaz da dor, e nossa farm\u00e1cia on-line confi\u00e1vel facilita a obten\u00e7\u00e3o do medicamento de que voc\u00ea precisa, de forma discreta e conveniente. Encomende hoje mesmo o seu Lortab 5\/325mg e experimente a diferen\u00e7a com o nosso compromisso com a qualidade e entrega r\u00e1pida. N\u00e3o deixe que a dor o impe\u00e7a \u2013 deixe-nos ajud\u00e1-lo a se sentir melhor e mais r\u00e1pido.<\/p>","protected":false},"featured_media":9445,"template":"","meta":[],"product_brand":[],"product_cat":[342],"product_tag":[1330,1026,867,1338,1299,1346,842,800],"class_list":{"0":"post-9408","1":"product","2":"type-product","3":"status-publish","4":"has-post-thumbnail","6":"product_cat-lortab","7":"product_tag-buy-lortab-online","8":"product_tag-discreet-delivery","9":"product_tag-european-pharmacy","10":"product_tag-fast-shipping-lortab","11":"product_tag-hydrocodone-acetaminophen","12":"product_tag-lortab-5-325mg-for-sale","13":"product_tag-online-pharmacy-europe","14":"product_tag-pain-relief-medication","16":"first","17":"instock","18":"shipping-taxable","19":"purchasable","20":"product-type-variable"},"_links":{"self":[{"href":"https:\/\/capsovia.com\/pt\/wp-json\/wp\/v2\/product\/9408","targetHints":{"allow":["GET"]}}],"collection":[{"href":"https:\/\/capsovia.com\/pt\/wp-json\/wp\/v2\/product"}],"about":[{"href":"https:\/\/capsovia.com\/pt\/wp-json\/wp\/v2\/types\/product"}],"version-history":[{"count":0,"href":"https:\/\/capsovia.com\/pt\/wp-json\/wp\/v2\/product\/9408\/revisions"}],"wp:featuredmedia":[{"embeddable":true,"href":"https:\/\/capsovia.com\/pt\/wp-json\/wp\/v2\/media\/9445"}],"wp:attachment":[{"href":"https:\/\/capsovia.com\/pt\/wp-json\/wp\/v2\/media?parent=9408"}],"wp:term":[{"taxonomy":"product_brand","embeddable":true,"href":"https:\/\/capsovia.com\/pt\/wp-json\/wp\/v2\/product_brand?post=9408"},{"taxonomy":"product_cat","embeddable":true,"href":"https:\/\/capsovia.com\/pt\/wp-json\/wp\/v2\/product_cat?post=9408"},{"taxonomy":"product_tag","embeddable":true,"href":"https:\/\/capsovia.com\/pt\/wp-json\/wp\/v2\/product_tag?post=9408"}],"curies":[{"name":"wp","href":"https:\/\/api.w.org\/{rel}","templated":true}]}}