{"id":9415,"date":"2024-10-04T17:14:12","date_gmt":"2024-10-04T17:14:12","guid":{"rendered":"https:\/\/pharmaplazaonline.com\/?post_type=product&#038;p=9415"},"modified":"2026-04-17T23:02:36","modified_gmt":"2026-04-17T23:02:36","slug":"methadone-10mg","status":"publish","type":"product","link":"https:\/\/capsovia.com\/pt\/product\/methadone-10mg\/","title":{"rendered":"Metadona 10mg \u00e0 venda online"},"content":{"rendered":"<h2>Venda on-line de metadona 10mg on-line: sua fonte confi\u00e1vel para gerenciamento da dor na Europa<\/h2>\n<p>Bem-vindo \u00e0 farm\u00e1cia on-line respeit\u00e1vel, fornecedora l\u00edder de medicamentos essenciais em toda a Europa. Entendemos a necessidade cr\u00edtica de acesso acess\u00edvel e confi\u00e1vel ao al\u00edvio da dor e \u00e0s op\u00e7\u00f5es de tratamento. \u00c9 por isso que temos o prazer de oferecer metadona 10mg para venda on-line, uma solu\u00e7\u00e3o farmac\u00eautica confi\u00e1vel para o gerenciamento de dor cr\u00f4nica moderada a grave e para uso em programas de tratamento assistido por medicamentos. Nosso compromisso \u00e9 fornecer uma experi\u00eancia de compra perfeita e discreta, garantindo que voc\u00ea receba seus medicamentos com seguran\u00e7a e efici\u00eancia, onde quer que esteja na Espanha, It\u00e1lia, Alemanha, Holanda, Pol\u00f4nia ou Reino Unido.<\/p>\n<h3>Entendendo a metadona 10mg: uma vis\u00e3o geral abrangente<\/h3>\n<p>A metadona \u00e9 um agonista sint\u00e9tico de opi\u00f3ides que tem sido uma pedra angular no tratamento da dor e no tratamento da depend\u00eancia h\u00e1 d\u00e9cadas. Sua efic\u00e1cia est\u00e1 em suas propriedades farmacol\u00f3gicas \u00fanicas, que permitem proporcionar um al\u00edvio sustentado da dor e reduzir os sintomas de abstin\u00eancia e os desejos associados \u00e0 depend\u00eancia de opi\u00f3ides. Quando voc\u00ea compra metadona 10mg on-line em nossa plataforma confi\u00e1vel, voc\u00ea est\u00e1 adquirindo um medicamento cuidadosamente fabricado projetado para atender aos mais altos padr\u00f5es farmac\u00eauticos.<\/p>\n<p><strong>Especifica\u00e7\u00f5es do produto:<\/strong><\/p>\n<p><em>   <strong>Nome gen\u00e9rico:<\/strong> cloridrato de metadona<br \/>\n<\/em>   <strong>For\u00e7a:<\/strong> 10 mg por comprimido\/c\u00e1psula<br \/>\n<em>   <strong>Formula\u00e7\u00f5es:<\/strong> Dispon\u00edvel em formas de comprimidos e c\u00e1psulas e, \u00e0s vezes, como uma solu\u00e7\u00e3o oral.<br \/>\n<\/em>   <strong>Ingrediente ativo:<\/strong> cloridrato de metadona<br \/>\n<em>   <strong>Mecanismo de a\u00e7\u00e3o:<\/strong> A metadona funciona ligando-se aos receptores opi\u00f3ides no c\u00e9rebro. Essa liga\u00e7\u00e3o altera a percep\u00e7\u00e3o da dor e tamb\u00e9m pode afetar as vias de recompensa do c\u00e9rebro, o que \u00e9 crucial para o seu papel no tratamento da depend\u00eancia. Ao contr\u00e1rio de alguns outros opi\u00f3ides, a metadona tem uma meia-vida longa, o que significa que permanece no corpo por um longo per\u00edodo, proporcionando al\u00edvio consistente da dor e ajudando a estabilizar os indiv\u00edduos em desintoxica\u00e7\u00e3o.<\/p>\n<h3>Principais usos da metadona 10mg<\/h3>\n<p>A metadona 10mg para venda on-line \u00e9 prescrita principalmente para dois prop\u00f3sitos terap\u00eauticos principais:<\/p>\n<p>1.  <strong>Tratamento da dor cr\u00f4nica:<\/strong><br \/>\n    <\/em>   \u00c9 um analg\u00e9sico potente usado para tratar dores cr\u00f4nicas moderadas a graves que n\u00e3o responderam a outros medicamentos para al\u00edvio da dor.<br \/>\n    <em>   As condi\u00e7\u00f5es que podem se beneficiar do tratamento com metadona incluem:<br \/>\n        <\/em>   Dor neurop\u00e1tica (dor nervosa)<br \/>\n        <em>   Dor relacionada ao c\u00e2ncer<br \/>\n        <\/em>   Dor musculoesquel\u00e9tica grave<br \/>\n        <em>   Dor p\u00f3s-operat\u00f3ria<br \/>\n        <\/em>   Dor associada a condi\u00e7\u00f5es inflamat\u00f3rias cr\u00f4nicas.<br \/>\n    <em>   Seus efeitos duradouros o tornam adequado para o controle da dor de 24 horas, melhorando a qualidade de vida de indiv\u00edduos com desconforto persistente.<\/p>\n<p>2.  <strong>Tratamento de depend\u00eancia de opi\u00f3ides (tratamento assistido por medicamentos &#8211; MAT):<\/strong><br \/>\n    <\/em>   A metadona \u00e9 um componente vital dos programas de tratamento assistido por medicamentos (MAT), projetados para ajudar os indiv\u00edduos a superar o v\u00edcio em opi\u00f3ides.<br \/>\n    <em>   Funciona por:<br \/>\n        <\/em>   Reduzindo sintomas graves de abstin\u00eancia.<br \/>\n        <em>   Diminui\u00e7\u00e3o dos desejos de opi\u00f3ides.<br \/>\n        <\/em>   Permitir que os indiv\u00edduos se concentrem nas terapias comportamentais e na reabilita\u00e7\u00e3o sem os efeitos debilitantes da abstin\u00eancia ou o desejo constante de usar.<br \/>\n        <em>   Sua longa dura\u00e7\u00e3o de a\u00e7\u00e3o ajuda a estabilizar o indiv\u00edduo, prevenindo os altos euf\u00f3ricos e as baixas subsequentes associadas ao uso de opi\u00f3ides il\u00edcitos.<br \/>\n    <\/em>   Quando usada em MAT, a metadona \u00e9 normalmente administrada sob estrita supervis\u00e3o m\u00e9dica e dentro de um plano de tratamento abrangente.<\/p>\n<h3>Dosagem e administra\u00e7\u00e3o: como usar metadona 10mg com seguran\u00e7a<\/h3>\n<p>\u00c9 crucial aderir estritamente \u00e0s instru\u00e7\u00f5es de dosagem fornecidas pelo seu profissional de sa\u00fade ou conforme indicado na embalagem do medicamento. Ao comprar metadona 10mg em nossa farm\u00e1cia on-line, certifique-se de que compreende o uso correto.<\/p>\n<p><strong>Diretrizes gerais (sempre consulte um m\u00e9dico para obter conselhos personalizados):<\/strong><\/p>\n<p><em>   <strong>Para o controle da dor:<\/strong> A dosagem \u00e9 altamente individualizada e depende da gravidade e do tipo de dor, bem como da resposta do paciente. Geralmente \u00e9 tomado uma ou duas vezes ao dia.<br \/>\n<\/em>   <strong>Para o tratamento da depend\u00eancia de opi\u00f3ides:<\/strong> A dosagem geralmente \u00e9 iniciada em um n\u00edvel inferior e aumenta gradualmente at\u00e9 que os sintomas de abstin\u00eancia sejam suprimidos e os desejos sejam reduzidos. As doses est\u00e1veis s\u00e3o ent\u00e3o mantidas para terapia.<br \/>\n<em>   <strong>Administra\u00e7\u00e3o:<\/strong><br \/>\n    <\/em>   Comprimidos e c\u00e1psulas devem ser engolidos inteiros com um copo cheio de \u00e1gua.<br \/>\n    <em>   N\u00e3o os esmague, mastigue ou quebre-os, a menos que seja especificamente aconselhado por um profissional de sa\u00fade.<br \/>\n    <\/em>   Se estiver usando uma solu\u00e7\u00e3o oral, me\u00e7a a dose precisamente usando o dispositivo de medi\u00e7\u00e3o fornecido.<br \/>\n<em>   <strong>Dose esquecida:<\/strong> Se voc\u00ea perder uma dose, tome-a assim que se lembrar. No entanto, se estiver pr\u00f3ximo do hor\u00e1rio da pr\u00f3xima dose programada, pule a dose esquecida e retome o hor\u00e1rio regular de dosagem. N\u00e3o dobre a dose.<br \/>\n<\/em>   <strong>overdose:<\/strong> A overdose de metadona \u00e9 uma emerg\u00eancia m\u00e9dica grave. Os sintomas podem incluir sonol\u00eancia extrema, pupilas pontuais, respira\u00e7\u00e3o lenta ou superficial, confus\u00e3o e perda de consci\u00eancia. Se houver suspeita de overdose, procure atendimento m\u00e9dico imediato.<\/p>\n<h3>Benef\u00edcios de escolher nossa farm\u00e1cia para suas necessidades de metadona 10mg<\/h3>\n<p>Quando voc\u00ea decide comprar o Metadona 10mg para venda on-line conosco, voc\u00ea est\u00e1 escolhendo uma plataforma baseada em confian\u00e7a, confiabilidade e discri\u00e7\u00e3o. Somos uma farm\u00e1cia on-line respeit\u00e1vel, dedicada a servir a nossa clientela europeia com o m\u00e1ximo cuidado.<\/p>\n<p><em>   <strong>Autenticidade e garantia de qualidade:<\/strong> Fornecemos nosso metadona 10mg (e outros medicamentos) apenas de fabricantes licenciados e respeit\u00e1veis, garantindo que todos os produtos atendam aos padr\u00f5es rigorosos de qualidade e seguran\u00e7a.<br \/>\n<\/em>   <strong>Envio discreto em toda a Europa:<\/strong> Sua privacidade \u00e9 primordial. Oferecemos transporte discreto para todos os principais pa\u00edses europeus, incluindo Espanha, It\u00e1lia, Alemanha, Holanda, Pol\u00f4nia e Reino Unido. Todos os pedidos s\u00e3o enviados em embalagens simples e n\u00e3o marcadas para garantir a confidencialidade.<br \/>\n<em>   <strong>Conveni\u00eancia e acessibilidade:<\/strong> Comprar metadona 10mg online elimina a necessidade de visitas frequentes a uma farm\u00e1cia f\u00edsica, oferecendo uma comodidade inigual\u00e1vel para quem tem dificuldade em viajar ou que prefere cuidar de casa.<br \/>\n<\/em>   <strong>Pre\u00e7os competitivos:<\/strong> N\u00f3s nos esfor\u00e7amos para oferecer nossos medicamentos de alta qualidade a pre\u00e7os competitivos, tornando os tratamentos essenciais mais acess\u00edveis para nossos clientes.<br \/>\n<em>   <strong>Apoio ao cliente:<\/strong> Nossa equipe dedicada de suporte ao cliente est\u00e1 dispon\u00edvel para responder \u00e0s suas perguntas e fornecer assist\u00eancia durante todo o processo de pedido.<br \/>\n<\/em>   <strong>Transa\u00e7\u00f5es online seguras:<\/strong> Nosso site emprega medidas de seguran\u00e7a avan\u00e7adas para proteger suas informa\u00e7\u00f5es pessoais e financeiras durante as transa\u00e7\u00f5es online.<\/p>\n<h3>Potenciais efeitos colaterais e precau\u00e7\u00f5es para metadona 10mg<\/h3>\n<p>Como todos os medicamentos, a metadona 10mg pode causar efeitos colaterais. \u00c9 importante estar ciente disso e discutir quaisquer preocupa\u00e7\u00f5es com um profissional de sa\u00fade.<\/p>\n<p><strong>Efeitos secund\u00e1rios comuns:<\/strong><\/p>\n<p><em>   sonol\u00eancia ou seda\u00e7\u00e3o<br \/>\n<\/em>   N\u00e1useas e v\u00f3mitos<br \/>\n<em>   Pris\u00e3o de ventre<br \/>\n<\/em>   Tontura<br \/>\n<em>   Suando<br \/>\n<\/em>   Boca seca<br \/>\n<em>   Dor de cabe\u00e7a<br \/>\n<\/em>   Changes in mood<\/p>\n<p><strong>Efeitos colaterais graves (procure atendimento m\u00e9dico imediato se experimentado):<\/strong><\/p>\n<p><em>   <strong>Depress\u00e3o respirat\u00f3ria:<\/strong> Respira\u00e7\u00e3o lenta, superficial ou dif\u00edcil. Este \u00e9 o efeito colateral mais perigoso dos opi\u00f3ides e pode ser fatal.<br \/>\n<\/em>   <strong>Arritmias card\u00edacas:<\/strong> Batimentos card\u00edacos irregulares, potencialmente levando a problemas card\u00edacos graves (especialmente prolongamento do QT).<br \/>\n<em>   <strong>S\u00edndrome serotonin\u00e9rgica:<\/strong> Isso pode ocorrer se a metadona for tomada com outros medicamentos que aumentam os n\u00edveis de serotonina. Os sintomas incluem agita\u00e7\u00e3o, alucina\u00e7\u00f5es, batimentos card\u00edacos acelerados, febre, sudorese e rigidez muscular.<br \/>\n<\/em>   <strong>Addiction and Dependence:<\/strong> Embora usada para tratar o v\u00edcio, a pr\u00f3pria metadona pode ser viciante e levar \u00e0 depend\u00eancia f\u00edsica. Os sintomas de abstin\u00eancia podem ocorrer se o uso for interrompido abruptamente.<br \/>\n<em>   <strong>Altera\u00e7\u00f5es hormonais:<\/strong> O uso a longo prazo \u00e0s vezes pode levar a desequil\u00edbrios hormonais.<\/p>\n<p><strong>Precau\u00e7\u00f5es e contraindica\u00e7\u00f5es:<\/strong><\/p>\n<p><\/em>   <strong>\u00c1lcool:<\/strong> Evite consumir \u00e1lcool enquanto estiver tomando metadona, pois pode aumentar significativamente o risco de efeitos colaterais graves, principalmente a depress\u00e3o respirat\u00f3ria.<br \/>\n<em>   <strong>Outros sedativos e depressores do SNC:<\/strong> Deve-se ter cuidado ao tomar metadona com outros medicamentos que deprimem o sistema nervoso central, como benzodiazep\u00ednicos, outros opi\u00f3ides, \u00e1lcool ou certos comprimidos para dormir. Essa combina\u00e7\u00e3o acarreta um alto risco de seda\u00e7\u00e3o grave, depress\u00e3o respirat\u00f3ria, coma e morte.<br \/>\n<\/em>   <strong>Condi\u00e7\u00f5es m\u00e9dicas:<\/strong> Informe o seu m\u00e9dico se tiver condi\u00e7\u00f5es pr\u00e9-existentes, especialmente:<br \/>\n    <em>   Problemas respirat\u00f3rios (ex.: asma, DPOC)<br \/>\n    <\/em>   Dist\u00farbios do ritmo card\u00edaco<br \/>\n    <em>   Doen\u00e7a renal ou hep\u00e1tica<br \/>\n    <\/em>   Hist\u00f3ria de les\u00e3o na cabe\u00e7a ou tumores cerebrais<br \/>\n    <em>   Condi\u00e7\u00f5es de sa\u00fade mental (por exemplo, depress\u00e3o, pensamentos suicidas)<br \/>\n    <\/em>   Problemas gastrointestinais (por exemplo, constipa\u00e7\u00e3o, \u00edleo paral\u00edtico)<br \/>\n<em>   <strong>Gravidez e amamenta\u00e7\u00e3o:<\/strong> A metadona pode passar para um feto ou uma crian\u00e7a. Discuta os riscos e benef\u00edcios com seu m\u00e9dico se estiver gr\u00e1vida, planejando engravidar ou amamentando.<br \/>\n<\/em>   <strong>Conduzir e utilizar m\u00e1quinas:<\/strong> A metadona pode prejudicar sua capacidade de dirigir ou operar m\u00e1quinas pesadas. Evite essas atividades at\u00e9 saber como o medicamento o afeta.<\/p>\n<h3>Por que comprar metadona 10mg \u00e0 venda on-line conosco?<\/h3>\n<p>No mundo acelerado de hoje, ter uma fonte confi\u00e1vel e acess\u00edvel para medicamentos prescritos e vendidos sem receita m\u00e9dica \u00e9 essencial. Nossa farm\u00e1cia on-line entende as diversas necessidades de nossos clientes europeus. Se voc\u00ea est\u00e1 procurando eficaz <strong>Medicamento para al\u00edvio da dor<\/strong> para desconforto cr\u00f4nico ou requerem <strong>Metadona para o tratamento do v\u00edcio<\/strong>, fornecemos uma forma segura e confidencial de adquirir esses produtos farmac\u00eauticos vitais. Temos o compromisso de ser um vendedor on-line confi\u00e1vel, garantindo que cada cliente receba medicamentos genu\u00ednos e de alta qualidade entregues discretamente \u00e0 sua porta na Europa e no Reino Unido.<\/p>\n<p>Oferecemos um processo simples para quem deseja <strong>Compre online comprimidos de metadona 10mg<\/strong> ou <strong>C\u00e1psulas de metadona online<\/strong>. Nossa plataforma foi projetada para facilitar o uso, permitindo que voc\u00ea navegue, selecione e compre sua medica\u00e7\u00e3o com confian\u00e7a. Priorizamos sua sa\u00fade e bem-estar, e \u00e9 por isso que garantimos que todos os nossos produtos sejam adquiridos de forma respons\u00e1vel e manuseados com o m\u00e1ximo cuidado.<\/p>\n<p>Navegar no cen\u00e1rio da sa\u00fade pode ser um desafio. Nosso objetivo \u00e9 simplificar o acesso a tratamentos essenciais, proporcionando tranquilidade ao lado de medicamentos eficazes. Quando voc\u00ea escolhe <strong>comprar p\u00edlulas de metadona online<\/strong> De n\u00f3s, voc\u00ea est\u00e1 escolhendo um parceiro dedicado \u00e0 sua jornada de sa\u00fade. Somos mais do que apenas um vendedor on-line; Somos uma fonte confi\u00e1vel para suas necessidades farmac\u00eauticas, comprometidas em manter os mais altos padr\u00f5es de servi\u00e7o e integridade do produto.<\/p>\n<p>Nossa extensa rede de navega\u00e7\u00e3o cobre Espanha, It\u00e1lia, Alemanha, regi\u00f5es holandesas, Pol\u00f4nia e o Reino Unido, garantindo que voc\u00ea possa <strong>encomendar metadona 10mg discretamente<\/strong> N\u00e3o importa sua localiza\u00e7\u00e3o em nossa \u00e1rea de servi\u00e7o. Acreditamos que o acesso a medicamentos essenciais deve ser f\u00e1cil e privado, e constru\u00edmos nossas opera\u00e7\u00f5es em torno desse princ\u00edpio central.<\/p>\n<p>Para pessoas que procuram uma fonte confi\u00e1vel para <strong>Compre cloridrato de metadona 10mg online<\/strong> Para o controle da dor ou suporte \u00e0 depend\u00eancia, nossa farm\u00e1cia on-line est\u00e1 pronta para servir. N\u00f3s nos dedicamos a fornecer uma experi\u00eancia de compra on-line segura, segura e discreta. Escolha-nos como seu objetivo para <strong>Metadona 10mg para venda online<\/strong> E experimente a comodidade e confiabilidade que nos tornaram a escolha preferida para muitos em toda a Europa. Sua sa\u00fade \u00e9 nossa prioridade e estamos aqui para apoi\u00e1-lo em todas as etapas.<\/p>","protected":false},"excerpt":{"rendered":"<p>Encontrar acesso confi\u00e1vel ao metadona 10mg ficou mais f\u00e1cil. Oferecemos uma maneira segura e conveniente de comprar este medicamento essencial on-line. Fique tranquilo, sua sa\u00fade e privacidade s\u00e3o nossas prioridades. Pe\u00e7a com confian\u00e7a e receba sua receita discretamente \u00e0 sua porta.<\/p>","protected":false},"featured_media":9459,"template":"","meta":[],"product_brand":[],"product_cat":[344],"product_tag":[1390,1386,1389,1385,1387,1391,802,1388,994],"class_list":{"0":"post-9415","1":"product","2":"type-product","3":"status-publish","4":"has-post-thumbnail","6":"product_cat-methadon","7":"product_tag-buy-methadone-europe","8":"product_tag-buy-methadone-online","9":"product_tag-medication-assisted-treatment","10":"product_tag-methadone-10mg","11":"product_tag-methadone-for-sale","12":"product_tag-methadone-hydrochloride","13":"product_tag-online-pharmacy","14":"product_tag-opioid-dependence-treatment","15":"product_tag-pain-management","17":"first","18":"instock","19":"shipping-taxable","20":"purchasable","21":"product-type-variable"},"_links":{"self":[{"href":"https:\/\/capsovia.com\/pt\/wp-json\/wp\/v2\/product\/9415","targetHints":{"allow":["GET"]}}],"collection":[{"href":"https:\/\/capsovia.com\/pt\/wp-json\/wp\/v2\/product"}],"about":[{"href":"https:\/\/capsovia.com\/pt\/wp-json\/wp\/v2\/types\/product"}],"version-history":[{"count":0,"href":"https:\/\/capsovia.com\/pt\/wp-json\/wp\/v2\/product\/9415\/revisions"}],"wp:featuredmedia":[{"embeddable":true,"href":"https:\/\/capsovia.com\/pt\/wp-json\/wp\/v2\/media\/9459"}],"wp:attachment":[{"href":"https:\/\/capsovia.com\/pt\/wp-json\/wp\/v2\/media?parent=9415"}],"wp:term":[{"taxonomy":"product_brand","embeddable":true,"href":"https:\/\/capsovia.com\/pt\/wp-json\/wp\/v2\/product_brand?post=9415"},{"taxonomy":"product_cat","embeddable":true,"href":"https:\/\/capsovia.com\/pt\/wp-json\/wp\/v2\/product_cat?post=9415"},{"taxonomy":"product_tag","embeddable":true,"href":"https:\/\/capsovia.com\/pt\/wp-json\/wp\/v2\/product_tag?post=9415"}],"curies":[{"name":"wp","href":"https:\/\/api.w.org\/{rel}","templated":true}]}}