{"id":9417,"date":"2024-10-04T17:14:12","date_gmt":"2024-10-04T17:14:12","guid":{"rendered":"https:\/\/pharmaplazaonline.com\/?post_type=product&#038;p=9417"},"modified":"2026-04-17T23:03:27","modified_gmt":"2026-04-17T23:03:27","slug":"norco-7-5-325mg","status":"publish","type":"product","link":"https:\/\/capsovia.com\/pt\/product\/norco-7-5-325mg\/","title":{"rendered":"Norco 7,5\/325mg em promo\u00e7\u00e3o online"},"content":{"rendered":"<p><strong>Norco 7.5\/325mg \u00e0 venda on-line: sua fonte confi\u00e1vel para al\u00edvio da dor<\/strong><\/p>\n<p>Bem-vindo \u00e0 farm\u00e1cia on-line respeit\u00e1vel, seu principal destino para obter Norco 7.5\/325mg de forma discreta e conveniente. Se voc\u00ea est\u00e1 procurando Norco 7.5\/325mg para venda on-line com um vendedor europeu confi\u00e1vel, voc\u00ea encontrou o lugar certo. Entendemos a natureza debilitante da dor moderada a intensa e estamos comprometidos em fornecer acesso acess\u00edvel e confi\u00e1vel a solu\u00e7\u00f5es eficazes de controle da dor. Nossa plataforma foi projetada para ser uma porta de entrada segura e direta para adquirir medicamentos de qualidade, incluindo o procurado Norco 7.5\/325mg, sem a necessidade de uma receita do seu m\u00e9dico local. Orgulhamo-nos de ser um vendedor on-line confi\u00e1vel que envia por toda a Europa, incluindo Espanha, It\u00e1lia, Alemanha, Holanda, Pol\u00f4nia e Reino Unido, garantindo sua privacidade e satisfa\u00e7\u00e3o a cada passo do caminho.<\/p>\n<p><strong>O que \u00e9 Norco 7.5\/325mg? Entendendo sua solu\u00e7\u00e3o de controle da dor<\/strong><\/p>\n<p>Norco 7,5\/325mg \u00e9 um potente medicamento analg\u00e9sico prescrito para o tratamento da dor moderada a moderadamente intensa. \u00c9 um medicamento combinado que funciona reunindo dois ingredientes ativos: bitartarato de hidrocodona e acetaminofeno. Essa abordagem de a\u00e7\u00e3o dupla torna a Norco uma escolha eficaz para o tratamento de condi\u00e7\u00f5es de dor aguda e cr\u00f4nica que exigem um al\u00edvio confi\u00e1vel e sustentado. Quando voc\u00ea compra o Norco 7.5\/325mg on-line de n\u00f3s, voc\u00ea est\u00e1 optando por um analg\u00e9sico bem estabelecido e confi\u00e1vel.<\/p>\n<p><em>   <strong>Bitartrato de hidrocodona:<\/strong> Este \u00e9 um analg\u00e9sico opi\u00f3ide que funciona alterando a maneira como o c\u00e9rebro e o sistema nervoso respondem \u00e0 dor. Ele se liga aos receptores opi\u00f3ides no c\u00e9rebro, bloqueando efetivamente os sinais de dor de chegar ao seu destino. \u00c9 um opi\u00f3ide semi-sint\u00e9tico derivado da code\u00edna.<\/p>\n<p><\/em>   <strong>Acetaminofeno (paracetamol):<\/strong> Este analg\u00e9sico e antipir\u00e9tico n\u00e3o opi\u00f3ides trabalha para reduzir a dor e a febre. Embora seu mecanismo exato de a\u00e7\u00e3o n\u00e3o seja totalmente compreendido, acredita-se que iniba a s\u00edntese de prostaglandinas no sistema nervoso central, que desempenha um papel na percep\u00e7\u00e3o da dor e na inflama\u00e7\u00e3o.<\/p>\n<p>A combina\u00e7\u00e3o desses dois ingredientes no Norco 7.5\/325mg oferece um efeito sin\u00e9rgico, levando a um al\u00edvio da dor aprimorado em compara\u00e7\u00e3o com o uso de qualquer componente sozinho. Isso o torna uma excelente op\u00e7\u00e3o para indiv\u00edduos com dor que n\u00e3o podem ser gerenciadas adequadamente por alternativas de venda livre.<\/p>\n<p><strong>Indica\u00e7\u00f5es principais: Quando Norco 7.5\/325mg \u00e9 prescrito?<\/strong><\/p>\n<p>Norco 7,5\/325mg \u00e9 normalmente indicado para o al\u00edvio de dor moderada a moderadamente intensa que requer um analg\u00e9sico opi\u00f3ide. Isso pode incluir uma variedade de condi\u00e7\u00f5es, como:<\/p>\n<p><em>   <strong>Dor p\u00f3s-cir\u00fargica:<\/strong> Ap\u00f3s os procedimentos cir\u00fargicos, a Norco pode proporcionar um al\u00edvio significativo da dor e desconforto incisional.<br \/>\n<\/em>   <strong>Les\u00f5es agudas:<\/strong> Les\u00f5es como fraturas, entorses e contus\u00f5es graves podem causar dor intensa que exige um forte analg\u00e9sico como o Norco.<br \/>\n<em>   <strong>Condi\u00e7\u00f5es de dor cr\u00f3nica:<\/strong> Para indiv\u00edduos que sofrem de dor persistente devido a condi\u00e7\u00f5es como artrite, doen\u00e7a degenerativa do disco ou outros problemas musculoesquel\u00e9ticos, a Norco pode oferecer um al\u00edvio muito necess\u00e1rio.<br \/>\n<\/em>   <strong>dor dental:<\/strong> Dor de dente grave ou dor ap\u00f3s procedimentos odontol\u00f3gicos podem ser gerenciados de forma eficaz com a Norco.<br \/>\n<em>   <strong>enxaquecas:<\/strong> Em alguns casos, Norco pode ser prescrito para o tratamento de enxaquecas graves que n\u00e3o respondem a outros tratamentos.<br \/>\n<\/em>   <strong>Dor associada ao c\u00e2ncer:<\/strong> Para pacientes com dor devido ao c\u00e2ncer ou seus tratamentos, a Norco pode ser uma parte crucial de seu plano de controle da dor.<\/p>\n<p>Se voc\u00ea est\u00e1 procurando uma fonte confi\u00e1vel para comprar Norco 7.5\/325mg sem receita m\u00e9dica, nossa farm\u00e1cia on-line na Europa se dedica a atender \u00e0s suas necessidades com o m\u00e1ximo de discri\u00e7\u00e3o e profissionalismo.<\/p>\n<p><strong>Dosagem e administra\u00e7\u00e3o: como usar Norco 7.5\/325mg com seguran\u00e7a<\/strong><\/p>\n<p>\u00c9 crucial entender a dosagem correta e a administra\u00e7\u00e3o de Norco 7.5\/325mg para garantir a efic\u00e1cia e a seguran\u00e7a. A dosagem padr\u00e3o para Norco 7.5\/325mg \u00e9 um comprimido por via oral a cada quatro a seis horas, conforme necess\u00e1rio para o al\u00edvio da dor. Entretanto, <strong>Os requisitos de dosagem individuais podem variar significativamente<\/strong> Com base na gravidade da dor, a toler\u00e2ncia do paciente aos opi\u00f3ides e seu estado geral de sa\u00fade.<\/p>\n<p><em>   <strong>Dose inicial t\u00edpica:<\/strong> Para adultos com dor moderada a moderadamente intensa, um comprimido de Norco 7,5\/325mg geralmente \u00e9 tomado a cada 4-6 horas.<br \/>\n<\/em>   <strong>Frequ\u00eancia:<\/strong> N\u00e3o tome mais do que a dose prescrita ou recomendada dentro de um per\u00edodo de 24 horas.<br \/>\n<em>   <strong>Dura\u00e7\u00e3o de utiliza\u00e7\u00e3o:<\/strong> Norco 7.5\/325mg destina-se a uso a curto prazo ou conforme indicado por um profissional de sa\u00fade. O uso prolongado sem supervis\u00e3o m\u00e9dica pode levar \u00e0 depend\u00eancia e outros efeitos adversos.<br \/>\n<\/em>   <strong>N\u00e3o esmague nem mastigue:<\/strong> Os comprimidos devem ser engolidos inteiros para garantir a libera\u00e7\u00e3o correta dos ingredientes ativos.<br \/>\n<em>   <strong>Com ou sem alimentos:<\/strong> Norco pode ser tomado com ou sem alimentos. Se causar dor de est\u00f4mago, tom\u00e1-lo com comida pode ajudar.<\/p>\n<p><strong>Considera\u00e7\u00f5es importantes antes de comprar o Norco 7.5\/325mg online:<\/strong><\/p>\n<p>Embora ofere\u00e7amos Norco 7.5\/325mg para venda on-line sem receita m\u00e9dica, \u00e9 fundamental usar este medicamento com responsabilidade e estar ciente dos riscos potenciais. Sempre consulte um profissional de sa\u00fade se tiver alguma condi\u00e7\u00e3o de sa\u00fade subjacente ou estiver tomando outros medicamentos.<\/p>\n<p><strong>Efeitos colaterais potenciais de Norco 7.5\/325mg<\/strong><\/p>\n<p>Como todos os medicamentos, Norco 7.5\/325mg pode causar efeitos colaterais. Embora nem todos os experimentem, \u00e9 importante estar informado. Os efeitos colaterais comuns incluem:<\/p>\n<p><\/em>   <strong>sonol\u00eancia ou seda\u00e7\u00e3o:<\/strong> Este \u00e9 um dos efeitos colaterais mais frequentes dos opi\u00f3ides. Evite dirigir ou operar m\u00e1quinas pesadas se voc\u00ea experimentar isso.<br \/>\n<em>   <strong>Dizziness:<\/strong> Seja cauteloso ao se levantar de uma posi\u00e7\u00e3o sentada ou deitada.<br \/>\n<\/em>   <strong>N\u00e1useas e v\u00f4mitos:<\/strong> Eles geralmente podem ser controlados tomando o medicamento com alimentos.<br \/>\n<em>   <strong>Constipation:<\/strong> Este \u00e9 um efeito colateral muito comum do uso de opi\u00f3ides. Aumentar a ingest\u00e3o de fluidos e fibras e usar amaciantes de fezes pode ajudar.<br \/>\n<\/em>   <strong>Boca seca:<\/strong> Beber \u00e1gua ou mascar chiclete sem a\u00e7\u00facar pode proporcionar al\u00edvio.<br \/>\n<em>   <strong>Headache:<\/strong><br \/>\n<\/em>   <strong>coceira:<\/strong><\/p>\n<p>Os efeitos colaterais menos comuns, mas mais graves, incluem:<\/p>\n<p><em>   <strong>Depress\u00e3o respirat\u00f3ria:<\/strong> Respira\u00e7\u00e3o lenta ou superficial, o que pode ser fatal. Isso \u00e9 mais prov\u00e1vel em doses mais altas ou quando combinado com outros depressores do sistema nervoso central. <strong>Procure atendimento m\u00e9dico imediato se tiver dificuldade em respirar.<\/strong><br \/>\n<\/em>   <strong>Allergic reactions:<\/strong> Erup\u00e7\u00e3o cut\u00e2nea, urtic\u00e1ria, dificuldade para respirar, incha\u00e7o da face, l\u00e1bios, l\u00edngua ou garganta.<br \/>\n<em>   <strong>Danos no f\u00edgado:<\/strong> particularmente com altas doses de acetaminofeno.<br \/>\n<\/em>   <strong>S\u00edndrome da serotonina:<\/strong> Uma condi\u00e7\u00e3o potencialmente fatal que pode ocorrer se Norco for tomado com outros medicamentos que afetam os n\u00edveis de serotonina.<br \/>\n<em>   <strong>Depend\u00eancia e depend\u00eancia:<\/strong> Os opi\u00f3ides apresentam um risco de depend\u00eancia e depend\u00eancia, mesmo quando usados conforme prescrito.<\/p>\n<p>Se voc\u00ea tiver efeitos colaterais graves ou persistentes, interrompa o uso e consulte um profissional de sa\u00fade. Sua seguran\u00e7a \u00e9 nossa prioridade, e incentivamos o uso informado de todos os medicamentos adquiridos em nossa farm\u00e1cia on-line confi\u00e1vel.<\/p>\n<p><strong>Onde comprar Norco 7.5\/325mg online na Europa com confian\u00e7a<\/strong><\/p>\n<p>Nossa miss\u00e3o \u00e9 fornecer uma plataforma segura, confidencial e eficiente para que os indiv\u00edduos de toda a Europa acessem seus medicamentos necess\u00e1rios. Quando voc\u00ea escolhe comprar o Norco 7.5\/325mg on-line conosco, voc\u00ea est\u00e1 selecionando um fornecedor que prioriza:<\/p>\n<p><\/em>   <strong>Envio discreto:<\/strong> Entendemos a import\u00e2ncia da privacidade. Todos os pedidos s\u00e3o embalados discretamente, sem marca\u00e7\u00f5es externas indicando o conte\u00fado. Isso garante que sua privacidade seja mantida das nossas instala\u00e7\u00f5es \u00e0 sua porta.<br \/>\n<em>   <strong>Reliable Delivery:<\/strong> Enviamos para Espanha, It\u00e1lia, Alemanha, Holanda, Pol\u00f4nia e Reino Unido, com servi\u00e7os de entrega eficientes e confi\u00e1veis.<br \/>\n<\/em>   <strong>Garantia da Qualidade:<\/strong> N\u00f3s fornecemos nossos medicamentos de fabricantes respeit\u00e1veis, garantindo que voc\u00ea receba Norco 7.5\/325mg genu\u00edno e de alta qualidade.<br \/>\n<em>   <strong>Apoio ao cliente:<\/strong> Nossa equipe dedicada de atendimento ao cliente est\u00e1 dispon\u00edvel para responder \u00e0s suas perguntas e fornecer assist\u00eancia durante todo o processo de pedido.<br \/>\n<\/em>   <strong>Conveni\u00eancia:<\/strong> Pule as filas e o acesso dif\u00edcil. Compre seu Norco 7.5\/325mg no conforto de sua casa.<\/p>\n<p><strong>Navegando pelo controle da dor: os benef\u00edcios do Norco 7.5\/325mg<\/strong><\/p>\n<p>O principal benef\u00edcio do Norco 7.5\/325mg \u00e9 sua potente capacidade de aliviar a dor moderada a moderadamente intensa. Para indiv\u00edduos que sofrem de condi\u00e7\u00f5es que impactam significativamente sua qualidade de vida, a Norco pode oferecer:<\/p>\n<p><em>   <strong>Restaura\u00e7\u00e3o da fun\u00e7\u00e3o:<\/strong> Ao gerenciar a dor de forma eficaz, a Norco pode ajudar os indiv\u00edduos a recuperar a mobilidade e participar de atividades di\u00e1rias que anteriormente n\u00e3o conseguiam.<br \/>\n<\/em>   <strong>Melhor sono:<\/strong> A dor cr\u00f4nica geralmente interrompe os padr\u00f5es de sono. O al\u00edvio da dor pode levar a um sono mais repousante e restaurador.<br \/>\n<em>   <strong>Bem-estar melhorado:<\/strong> A dor persistente pode levar ao sofrimento emocional, ansiedade e depress\u00e3o. O manejo eficaz da dor \u00e9 crucial para o bem-estar mental e emocional geral.<br \/>\n<\/em>   <strong>Al\u00edvio de a\u00e7\u00e3o r\u00e1pida:<\/strong> A Norco foi projetada para proporcionar um al\u00edvio relativamente r\u00e1pido da dor, permitindo que as pessoas se sintam melhor mais cedo.<\/p>\n<p><strong>Precau\u00e7\u00f5es e contra-indica\u00e7\u00f5es: quem deve evitar Norco 7.5\/325mg?<\/strong><\/p>\n<p>\u00c9 essencial estar ciente das situa\u00e7\u00f5es em que o Norco 7.5\/325mg n\u00e3o deve ser usado ou usado com extremo cuidado.<\/p>\n<p><em>   <strong>Hipersensibilidade:<\/strong> Indiv\u00edduos com alergia conhecida a hidrocodona, acetaminofeno ou qualquer outro ingrediente da Norco n\u00e3o devem tomar este medicamento.<br \/>\n<\/em>   <strong>Depress\u00e3o respirat\u00f3ria grave:<\/strong> Se voc\u00ea tiver uma fun\u00e7\u00e3o respirat\u00f3ria severamente comprometida, a Norco deve ser evitada.<br \/>\n<em>   <strong>Asma grave ou hiperatividade br\u00f4nquica:<\/strong> Os opi\u00f3ides podem piorar essas condi\u00e7\u00f5es.<br \/>\n<\/em>   <strong>Obstru\u00e7\u00e3o gastrointestinal:<\/strong> A Norco pode exacerbar quest\u00f5es como o \u00edleo paral\u00edtico.<br \/>\n<em>   <strong>Uso concomitante com inibidores de MAO:<\/strong> N\u00e3o use Norco se tiver tomado um inibidor de MAO nos \u00faltimos 14 dias.<br \/>\n<\/em>   <strong>Consumo de \u00e1lcool:<\/strong> Combinar Norco com \u00e1lcool pode aumentar significativamente o risco de les\u00e3o hep\u00e1tica e overdose, levando \u00e0 depress\u00e3o respirat\u00f3ria potencialmente fatal.<br \/>\n<em>   <strong>Gravidez e amamenta\u00e7\u00e3o:<\/strong> A seguran\u00e7a da Norco durante a gravidez e a amamenta\u00e7\u00e3o n\u00e3o est\u00e1 bem estabelecida. Consulte um profissional de sa\u00fade antes de usar.<br \/>\n<\/em>   <strong>Doentes idosos:<\/strong> Os idosos podem ser mais sens\u00edveis aos efeitos colaterais dos opi\u00f3ides e exigir doses mais baixas.<br \/>\n*   <strong>Compromisso renal ou hep\u00e1tico:<\/strong> Aconselha-se cuidado, e doses mais baixas podem ser necess\u00e1rias.<\/p>\n<p>Se voc\u00ea estiver enfrentando alguma dessas condi\u00e7\u00f5es, consulte um profissional m\u00e9dico antes de considerar a venda on-line da Norco 7.5\/325mg.<\/p>\n<p><strong>Sua fonte segura e confi\u00e1vel para Norco 7.5\/325mg<\/strong><\/p>\n<p>Entendemos que encontrar uma fonte confi\u00e1vel para comprar Norco 7.5\/325mg online pode ser uma preocupa\u00e7\u00e3o para muitos. Nosso compromisso \u00e9 ser aquele parceiro confi\u00e1vel para suas necessidades de gerenciamento de dor. Somos uma farm\u00e1cia on-line respeit\u00e1vel que atende \u00e0 Europa, dedicada a fornecer medicamentos leg\u00edtimos, juntamente com um servi\u00e7o excepcional, uma entrega discreta e um compromisso claro com seu bem-estar. Quando a localiza\u00e7\u00e3o \u00e9 fundamental e voc\u00ea est\u00e1 procurando por Norco 7.5\/325mg para venda on-line de um vendedor europeu confi\u00e1vel, n\u00e3o procure mais. Oferecemos uma experi\u00eancia de compra perfeita e segura, garantindo que voc\u00ea receba sua medica\u00e7\u00e3o de forma r\u00e1pida e discreta. Confie em n\u00f3s para ser sua fonte confi\u00e1vel para solu\u00e7\u00f5es eficazes de al\u00edvio da dor.<\/p>","protected":false},"excerpt":{"rendered":"<p>Obtenha um al\u00edvio da dor de a\u00e7\u00e3o r\u00e1pida com Norco 7.5\/325mg, agora dispon\u00edvel para f\u00e1cil compra online! Este medicamento \u00e9 formulado com habilidade para controlar eficazmente a dor moderada a intensa, ajudando voc\u00ea a voltar \u00e0 sua vida di\u00e1ria. Pe\u00e7a com confian\u00e7a de nossa farm\u00e1cia on-line confi\u00e1vel, garantindo qualidade e entrega discreta \u00e0 sua porta. Experimente a comodidade e a discri\u00e7\u00e3o ao comprar o Norco 7.5\/325mg on-line conosco.<\/p>","protected":false},"featured_media":9463,"template":"","meta":[],"product_brand":[],"product_cat":[345],"product_tag":[1295,832,1299,1400,842,800,1401,1402],"class_list":{"0":"post-9417","1":"product","2":"type-product","3":"status-publish","4":"has-post-thumbnail","6":"product_cat-norco","7":"product_tag-buy-norco-online","8":"product_tag-discreet-shipping","9":"product_tag-hydrocodone-acetaminophen","10":"product_tag-norco-7-5-325mg-for-sale-online","11":"product_tag-online-pharmacy-europe","12":"product_tag-pain-relief-medication","13":"product_tag-reputable-online-seller","14":"product_tag-trusted-european-seller","16":"first","17":"instock","18":"shipping-taxable","19":"purchasable","20":"product-type-variable"},"_links":{"self":[{"href":"https:\/\/capsovia.com\/pt\/wp-json\/wp\/v2\/product\/9417","targetHints":{"allow":["GET"]}}],"collection":[{"href":"https:\/\/capsovia.com\/pt\/wp-json\/wp\/v2\/product"}],"about":[{"href":"https:\/\/capsovia.com\/pt\/wp-json\/wp\/v2\/types\/product"}],"version-history":[{"count":0,"href":"https:\/\/capsovia.com\/pt\/wp-json\/wp\/v2\/product\/9417\/revisions"}],"wp:featuredmedia":[{"embeddable":true,"href":"https:\/\/capsovia.com\/pt\/wp-json\/wp\/v2\/media\/9463"}],"wp:attachment":[{"href":"https:\/\/capsovia.com\/pt\/wp-json\/wp\/v2\/media?parent=9417"}],"wp:term":[{"taxonomy":"product_brand","embeddable":true,"href":"https:\/\/capsovia.com\/pt\/wp-json\/wp\/v2\/product_brand?post=9417"},{"taxonomy":"product_cat","embeddable":true,"href":"https:\/\/capsovia.com\/pt\/wp-json\/wp\/v2\/product_cat?post=9417"},{"taxonomy":"product_tag","embeddable":true,"href":"https:\/\/capsovia.com\/pt\/wp-json\/wp\/v2\/product_tag?post=9417"}],"curies":[{"name":"wp","href":"https:\/\/api.w.org\/{rel}","templated":true}]}}